{"id":4110,"date":"2025-06-10T11:52:00","date_gmt":"2025-06-10T10:52:00","guid":{"rendered":"https:\/\/www.nprovit.com\/publicacoes\/produto\/servico-alojamento-8gb-hdd-2-dominios-50gb-traf-mensal\/"},"modified":"2026-01-02T16:35:35","modified_gmt":"2026-01-02T16:35:35","slug":"servico-alojamento-8gb-hdd-2-dominios-50gb-traf-mensal","status":"publish","type":"product","link":"https:\/\/www.nprovit.com\/publicacoes\/produto\/servico-alojamento-8gb-hdd-2-dominios-50gb-traf-mensal\/","title":{"rendered":"Servi\u00e7o Alojamento 8GB HDD 2 Dom\u00ednios, 50GB tr\u00e1f. mensal, c\/servi\u00e7o e-mail, 1Y"},"content":{"rendered":"<p>Servi\u00e7o Alojamento 8GB HDD 2 Dom\u00ednios, 50GB tr\u00e1f. mensal, c\/servi\u00e7o e-mail, 1Y<\/p>\n","protected":false},"excerpt":{"rendered":"<p>Servi\u00e7o Alojamento 8GB HDD 2 Dom\u00ednios, 50GB tr\u00e1f. mensal, c\/servi\u00e7o e-mail, 1Y<\/p>\n<p>Validade 1 ano<\/p>\n<p>Ideal para p\u00e1ginas est\u00e1ticas, sem recursos de base de dados.<\/p>\n","protected":false},"featured_media":3784,"template":"","meta":{"_seopress_robots_primary_cat":"59","_seopress_titles_title":"Servi\u00e7o Alojamento 8GB HDD 2 Dom\u00ednios, 50GB tr\u00e1f. mensal, c\/servi\u00e7o e-mail, 1Y","_seopress_titles_desc":"Servi\u00e7o Alojamento 8GB HDD 2 Dom\u00ednios, 50GB tr\u00e1f. mensal, c\/servi\u00e7o e-mail, 1Y","_seopress_robots_index":""},"product_brand":[284],"product_cat":[59],"product_tag":[316,318,317,319],"class_list":{"0":"post-4110","1":"product","2":"type-product","3":"status-publish","4":"has-post-thumbnail","6":"product_brand-n-sgf","7":"product_cat-software","8":"product_tag-alojamento","9":"product_tag-alojamento-dominio","10":"product_tag-alojamento-pagina-web","11":"product_tag-alojamento-web","13":"first","14":"instock","15":"taxable","16":"shipping-taxable","17":"purchasable","18":"product-type-simple"},"_links":{"self":[{"href":"https:\/\/www.nprovit.com\/publicacoes\/wp-json\/wp\/v2\/product\/4110","targetHints":{"allow":["GET"]}}],"collection":[{"href":"https:\/\/www.nprovit.com\/publicacoes\/wp-json\/wp\/v2\/product"}],"about":[{"href":"https:\/\/www.nprovit.com\/publicacoes\/wp-json\/wp\/v2\/types\/product"}],"wp:featuredmedia":[{"embeddable":true,"href":"https:\/\/www.nprovit.com\/publicacoes\/wp-json\/wp\/v2\/media\/3784"}],"wp:attachment":[{"href":"https:\/\/www.nprovit.com\/publicacoes\/wp-json\/wp\/v2\/media?parent=4110"}],"wp:term":[{"taxonomy":"product_brand","embeddable":true,"href":"https:\/\/www.nprovit.com\/publicacoes\/wp-json\/wp\/v2\/product_brand?post=4110"},{"taxonomy":"product_cat","embeddable":true,"href":"https:\/\/www.nprovit.com\/publicacoes\/wp-json\/wp\/v2\/product_cat?post=4110"},{"taxonomy":"product_tag","embeddable":true,"href":"https:\/\/www.nprovit.com\/publicacoes\/wp-json\/wp\/v2\/product_tag?post=4110"}],"curies":[{"name":"wp","href":"https:\/\/api.w.org\/{rel}","templated":true}]}}