{"id":4005,"date":"2025-06-03T10:35:04","date_gmt":"2025-06-03T09:35:04","guid":{"rendered":"https:\/\/www.nprovit.com\/publicacoes\/?post_type=product&#038;p=4005"},"modified":"2025-07-22T11:40:48","modified_gmt":"2025-07-22T10:40:48","slug":"dell-3420-sff-xeon-e3-1220v5-8gb-256gb-c-grafica-1gb","status":"publish","type":"product","link":"https:\/\/www.nprovit.com\/publicacoes\/produto\/dell-3420-sff-xeon-e3-1220v5-8gb-256gb-c-grafica-1gb\/","title":{"rendered":"Computador Desktop DELL 3420 SFF X-SR XEON E3-1220 V5 8GB DDR4 256GB SSD C\/ GRAFICA 1GB SO-UBUNTU"},"content":{"rendered":"<p>Outras configura\u00e7\u00f5es poss\u00edveis:<\/p>\n<p>Amplia\u00e7\u00e3o a 16GB ou 32 GB Mem\u00f3ria<\/p>\n<p>Amplia\u00e7\u00e3o disco SSD a 512 GB ou 1 TB<\/p>\n","protected":false},"excerpt":{"rendered":"<p>Computador Desktop DELL 3420 SFF X-SR<br \/>\nProcessador XEON E3-1220 V5<br \/>\nGr\u00e1fica AMD RADEON 5450 &#8211; 1GB<br \/>\nMem\u00f3ria 8GB DDR4 (2\/4 slots ocupada)<br \/>\nDisco 256GB SSD<br \/>\nSEM UNIDADE DVD\/RW<br \/>\nSistema Operativo UBUNTU<br \/>\n1 x DVI<br \/>\n1 x HDMI<br \/>\n4 x USB Frontal (2xUSB 3.0 + 2xUSB 2.0)<br \/>\n6 x USB Traseira (4xUSB 3.0 + 2xUSB 2.0)<br \/>\n2 x PS2<br \/>\n1 x Serial RS232<br \/>\n1 x RJ45 (10\/100\/1000)<br \/>\nCabo de Energia n\u00e3o inclu\u00eddo.<\/p>\n","protected":false},"featured_media":3991,"template":"","meta":{"_seopress_robots_primary_cat":"50","_seopress_titles_title":"Computador Desktop DELL 3420 SFF X-SR XEON E3-1220 V5 8GB DDR4 256GB SSD C\/ GRAFICA 1GB","_seopress_titles_desc":"Computador Desktop DELL 3420 SFF X-SR XEON E3-1220 V5 8GB DDR4 256GB SSD C\/ GRAFICA 1GB %%post_excerpt%%","_seopress_robots_index":""},"product_brand":[279],"product_cat":[50],"product_tag":[17,286,21,20],"class_list":{"0":"post-4005","1":"product","2":"type-product","3":"status-publish","4":"has-post-thumbnail","6":"product_brand-dell","7":"product_cat-computadores","8":"product_tag-dell","9":"product_tag-dell-precision-3420","10":"product_tag-dell-recondicionado","11":"product_tag-dell-refurbished","13":"first","14":"instock","15":"taxable","16":"shipping-taxable","17":"purchasable","18":"product-type-simple"},"_links":{"self":[{"href":"https:\/\/www.nprovit.com\/publicacoes\/wp-json\/wp\/v2\/product\/4005","targetHints":{"allow":["GET"]}}],"collection":[{"href":"https:\/\/www.nprovit.com\/publicacoes\/wp-json\/wp\/v2\/product"}],"about":[{"href":"https:\/\/www.nprovit.com\/publicacoes\/wp-json\/wp\/v2\/types\/product"}],"wp:featuredmedia":[{"embeddable":true,"href":"https:\/\/www.nprovit.com\/publicacoes\/wp-json\/wp\/v2\/media\/3991"}],"wp:attachment":[{"href":"https:\/\/www.nprovit.com\/publicacoes\/wp-json\/wp\/v2\/media?parent=4005"}],"wp:term":[{"taxonomy":"product_brand","embeddable":true,"href":"https:\/\/www.nprovit.com\/publicacoes\/wp-json\/wp\/v2\/product_brand?post=4005"},{"taxonomy":"product_cat","embeddable":true,"href":"https:\/\/www.nprovit.com\/publicacoes\/wp-json\/wp\/v2\/product_cat?post=4005"},{"taxonomy":"product_tag","embeddable":true,"href":"https:\/\/www.nprovit.com\/publicacoes\/wp-json\/wp\/v2\/product_tag?post=4005"}],"curies":[{"name":"wp","href":"https:\/\/api.w.org\/{rel}","templated":true}]}}