{"id":3952,"date":"2025-05-28T11:23:26","date_gmt":"2025-05-28T10:23:26","guid":{"rendered":"https:\/\/www.nprovit.com\/publicacoes\/produto\/computador-desktop-dell-3420-sff-x-sr-xeon-e3-1240-v5-8gb-ddr4-256gb-ssd\/"},"modified":"2025-10-31T09:16:50","modified_gmt":"2025-10-31T09:16:50","slug":"computador-desktop-dell-3420-sff-x-sr-xeon-e3-1240-v5-8gb-ddr4-256gb-ssd","status":"publish","type":"product","link":"https:\/\/www.nprovit.com\/publicacoes\/produto\/computador-desktop-dell-3420-sff-x-sr-xeon-e3-1240-v5-8gb-ddr4-256gb-ssd\/","title":{"rendered":"Computador Desktop DELL 3420 SFF X-SR XEON E3-1240 V5 8GB DDR4 256GB SSD"},"content":{"rendered":"<p>Outras configura\u00e7\u00f5es poss\u00edveis:<\/p>\n<p>Amplia\u00e7\u00e3o a 16GB ou 32 GB Mem\u00f3ria<\/p>\n<p>Amplia\u00e7\u00e3o disco SSD a 512 GB ou 1 TB<\/p>\n","protected":false},"excerpt":{"rendered":"<p>Computador Desktop DELL 3420 SFF X-SR<br \/>\nProcessador XEON E3-1240 V5<br \/>\nMem\u00f3ria 8GB DDR4 (1\/4 slots ocupada)<br \/>\nDisco 256GB SSD<br \/>\nDVD\/RW<br \/>\nWindows 11 PRO (pt-PT)<br \/>\n1 x Dvi<br \/>\n1 x HDMI<br \/>\n4 x USB Frontal (2xUSB 3.0 + 2xUSB 2.0)<br \/>\n6 x USB Traseira (4xUSB 3.0 + 2xUSB 2.0)<br \/>\n2 x PS2<br \/>\n1 x Serial RS232<br \/>\n1 x RJ45 (10\/100\/1000)<br \/>\nCabo de Energia N\u00e3o Inclu\u00eddo<\/p>\n","protected":false},"featured_media":3958,"template":"","meta":{"_seopress_robots_primary_cat":"50","_seopress_titles_title":"","_seopress_titles_desc":"%%post_title%% %%post_excerpt%%","_seopress_robots_index":""},"product_brand":[279],"product_cat":[50],"product_tag":[287,17,286,21,20],"class_list":{"0":"post-3952","1":"product","2":"type-product","3":"status-publish","4":"has-post-thumbnail","6":"product_brand-dell","7":"product_cat-computadores","8":"product_tag-computador-dell-small-form-format-precision-3420","9":"product_tag-dell","10":"product_tag-dell-precision-3420","11":"product_tag-dell-recondicionado","12":"product_tag-dell-refurbished","14":"first","15":"instock","16":"taxable","17":"shipping-taxable","18":"purchasable","19":"product-type-simple"},"_links":{"self":[{"href":"https:\/\/www.nprovit.com\/publicacoes\/wp-json\/wp\/v2\/product\/3952","targetHints":{"allow":["GET"]}}],"collection":[{"href":"https:\/\/www.nprovit.com\/publicacoes\/wp-json\/wp\/v2\/product"}],"about":[{"href":"https:\/\/www.nprovit.com\/publicacoes\/wp-json\/wp\/v2\/types\/product"}],"wp:featuredmedia":[{"embeddable":true,"href":"https:\/\/www.nprovit.com\/publicacoes\/wp-json\/wp\/v2\/media\/3958"}],"wp:attachment":[{"href":"https:\/\/www.nprovit.com\/publicacoes\/wp-json\/wp\/v2\/media?parent=3952"}],"wp:term":[{"taxonomy":"product_brand","embeddable":true,"href":"https:\/\/www.nprovit.com\/publicacoes\/wp-json\/wp\/v2\/product_brand?post=3952"},{"taxonomy":"product_cat","embeddable":true,"href":"https:\/\/www.nprovit.com\/publicacoes\/wp-json\/wp\/v2\/product_cat?post=3952"},{"taxonomy":"product_tag","embeddable":true,"href":"https:\/\/www.nprovit.com\/publicacoes\/wp-json\/wp\/v2\/product_tag?post=3952"}],"curies":[{"name":"wp","href":"https:\/\/api.w.org\/{rel}","templated":true}]}}