{"id":3587,"date":"2024-10-25T10:06:51","date_gmt":"2024-10-25T09:06:51","guid":{"rendered":"https:\/\/www.nprovit.com\/publicacoes\/produto\/computador-portatil-refurbished-grau-a-microsoft-surface-laptop-3-13-touch-i5-1035g7-8gb-256gb-nvme-ssd-webcam-2256x1504\/"},"modified":"2025-05-22T11:08:09","modified_gmt":"2025-05-22T10:08:09","slug":"computador-portatil-refurbished-grau-a-microsoft-surface-laptop-3-13-touch-i5-1035g7-8gb-256gb-nvme-ssd-webcam-2256x1504","status":"publish","type":"product","link":"https:\/\/www.nprovit.com\/publicacoes\/produto\/computador-portatil-refurbished-grau-a-microsoft-surface-laptop-3-13-touch-i5-1035g7-8gb-256gb-nvme-ssd-webcam-2256x1504\/","title":{"rendered":"Computador Port\u00e1til Refurbished Grau A &#8211; Microsoft Surface Laptop 3 13&#8243; Touch i5-1035G7\/8GB\/256GB NVME SSD\/webcam 2256&#215;1504"},"content":{"rendered":"<p>Computador Port\u00e1til Refurbished Grau A &#8211; Microsoft Surface Laptop 3 13&#8243; Touch i5-1035G7\/8GB\/256GB NVME SSD\/webcam\/2256&#215;1504 &#8211;<\/p>\n","protected":false},"excerpt":{"rendered":"<p>Computador Port\u00e1til Refurbished Grau A &#8211; Microsoft Surface Laptop 3 13&#8243;<\/p>\n<p>Ecr\u00e3 t\u00e1til 13&#8243; resolu\u00e7\u00e3o m\u00e1xima 2256&#215;1504<br \/>\nProcessador Intel i5-1035G7<br \/>\nMem\u00f3ria 8GB<br \/>\nDisco 256GB NVME SSD<br \/>\nSistema Operativo &#8211; Windows 11 Pro &#8211; Portugu\u00eas<br \/>\nwebcam<br \/>\nTeclado internacional com Kit teclas autocolantes para PT<\/p>\n<p>Carregador AC\/DC e cabo inclu\u00eddo.<\/p>\n<p>Garantia 1 Ano<\/p>\n","protected":false},"featured_media":3591,"template":"","meta":{"_seopress_robots_primary_cat":"62","_seopress_titles_title":"","_seopress_titles_desc":"Computador Port\u00e1til Refurbished Grau A - Microsoft Surface Laptop 3 13\" Touch i5-1035G7\/8GB\/256GB NVME SSD\/webcam\/2256x1504 -","_seopress_robots_index":""},"product_brand":[282],"product_cat":[62],"product_tag":[271,285],"class_list":{"0":"post-3587","1":"product","2":"type-product","3":"status-publish","4":"has-post-thumbnail","6":"product_brand-microsoft","7":"product_cat-portateis-refurbished","8":"product_tag-microsoft-surface","9":"product_tag-portatil","11":"first","12":"instock","13":"taxable","14":"shipping-taxable","15":"purchasable","16":"product-type-simple"},"_links":{"self":[{"href":"https:\/\/www.nprovit.com\/publicacoes\/wp-json\/wp\/v2\/product\/3587","targetHints":{"allow":["GET"]}}],"collection":[{"href":"https:\/\/www.nprovit.com\/publicacoes\/wp-json\/wp\/v2\/product"}],"about":[{"href":"https:\/\/www.nprovit.com\/publicacoes\/wp-json\/wp\/v2\/types\/product"}],"wp:featuredmedia":[{"embeddable":true,"href":"https:\/\/www.nprovit.com\/publicacoes\/wp-json\/wp\/v2\/media\/3591"}],"wp:attachment":[{"href":"https:\/\/www.nprovit.com\/publicacoes\/wp-json\/wp\/v2\/media?parent=3587"}],"wp:term":[{"taxonomy":"product_brand","embeddable":true,"href":"https:\/\/www.nprovit.com\/publicacoes\/wp-json\/wp\/v2\/product_brand?post=3587"},{"taxonomy":"product_cat","embeddable":true,"href":"https:\/\/www.nprovit.com\/publicacoes\/wp-json\/wp\/v2\/product_cat?post=3587"},{"taxonomy":"product_tag","embeddable":true,"href":"https:\/\/www.nprovit.com\/publicacoes\/wp-json\/wp\/v2\/product_tag?post=3587"}],"curies":[{"name":"wp","href":"https:\/\/api.w.org\/{rel}","templated":true}]}}