{"id":3320,"date":"2024-05-22T18:26:01","date_gmt":"2024-05-22T17:26:01","guid":{"rendered":"https:\/\/www.nprovit.com\/publicacoes\/?post_type=product&#038;p=3320"},"modified":"2025-05-09T18:14:00","modified_gmt":"2025-05-09T17:14:00","slug":"linkvil_w611w","status":"publish","type":"product","link":"https:\/\/www.nprovit.com\/publicacoes\/produto\/linkvil_w611w\/","title":{"rendered":"Telefone VoIP WiFi Fanvil Linkvil W611W"},"content":{"rendered":"<ul>\n<li>Wi-Fi dual-band 802.11 a\/b\/g\/n\/ac\/ax<\/li>\n<li>Ecr\u00e3 cores 2,4\u201d \/ 240&#215;320<\/li>\n<li>Prote\u00e7\u00e3o IP67<\/li>\n<li>Bluetooth 5.0<\/li>\n<li>4 contas SIP<\/li>\n<\/ul>\n","protected":false},"excerpt":{"rendered":"<p>O LINKVIL W611W \u00e9 um telefone VoIP Wi-Fi port\u00e1til e elegante projetado para aplica\u00e7\u00f5es de comunica\u00e7\u00e3o m\u00f3vel. Certificado com o padr\u00e3o IP67, o W611W \u00e9 altamente resistente \u00e0 \u00e1gua, poeira e quedas de at\u00e9 1,8 metros de altura. Apresenta um excelente desempenho em diferentes ambientes com elevados n\u00edveis de humidade e poeira. Integra Wi-Fi 6, proporcionando uma experi\u00eancia de comunica\u00e7\u00e3o sem fios superior. Al\u00e9m disso, integra tamb\u00e9m Bluetooth 5.0 para emparelhamento com auriculares e outros dispositivos m\u00f3veis. O W611W est\u00e1 equipado com uma bateria recarreg\u00e1vel de 1900mAh que permite at\u00e9 9 horas de conversa\u00e7\u00e3o ou 200 horas em modo de espera. Pode ser implementado com confian\u00e7a nos mais diversos cen\u00e1rios onde seja necess\u00e1rio que os utilizadores tenham comunica\u00e7\u00f5es sem fios, como empresas e armaz\u00e9ns, centros comerciais e lojas, \u00e1reas residenciais e hot\u00e9is proporcionando aos utilizadores uma experi\u00eancia de comunica\u00e7\u00e3o m\u00f3vel de alta qualidade.<\/p>\n","protected":false},"featured_media":3322,"template":"","meta":{"_seopress_robots_primary_cat":"42","_seopress_titles_title":"","_seopress_titles_desc":"O LINKVIL W611W \u00e9 um telefone Wi-Fi port\u00e1til e elegante projetado para aplica\u00e7\u00f5es de comunica\u00e7\u00e3o m\u00f3vel. Certificado com o padr\u00e3o IP67, o W611W \u00e9 altamente resistente \u00e0 \u00e1gua, poeira e quedas de at\u00e9 1,8 metros de altura. Apresenta um excelente desempenho em diferentes ambientes com elevados n\u00edveis de humidade e poeira. Integra Wi-Fi 6, proporcionando uma experi\u00eancia de comunica\u00e7\u00e3o sem fios superior. Al\u00e9m disso, integra tamb\u00e9m Bluetooth 5.0 para emparelhamento com auriculares e outros dispositivos m\u00f3veis. O W611W est\u00e1 equipado com uma bateria recarreg\u00e1vel de 1900mAh que permite at\u00e9 9 horas de conversa\u00e7\u00e3o ou 200 horas em modo de espera. Pode ser implementado com confian\u00e7a nos mais diversos cen\u00e1rios onde seja necess\u00e1rio que os utilizadores tenham comunica\u00e7\u00f5es sem fios, como empresas e armaz\u00e9ns, centros comerciais e lojas, \u00e1reas residenciais e hot\u00e9is proporcionando aos utilizadores uma experi\u00eancia de comunica\u00e7\u00e3o m\u00f3vel de alta qualidade.","_seopress_robots_index":""},"product_brand":[],"product_cat":[42],"product_tag":[265,266,172,264,175],"class_list":{"0":"post-3320","1":"product","2":"type-product","3":"status-publish","4":"has-post-thumbnail","6":"product_cat-telefones-voip","7":"product_tag-fanvil","8":"product_tag-linkvil","9":"product_tag-telefone-ip","10":"product_tag-telefone-voip-wifi","11":"product_tag-telefones-voip","13":"first","14":"outofstock","15":"taxable","16":"shipping-taxable","17":"purchasable","18":"product-type-simple"},"_links":{"self":[{"href":"https:\/\/www.nprovit.com\/publicacoes\/wp-json\/wp\/v2\/product\/3320","targetHints":{"allow":["GET"]}}],"collection":[{"href":"https:\/\/www.nprovit.com\/publicacoes\/wp-json\/wp\/v2\/product"}],"about":[{"href":"https:\/\/www.nprovit.com\/publicacoes\/wp-json\/wp\/v2\/types\/product"}],"wp:featuredmedia":[{"embeddable":true,"href":"https:\/\/www.nprovit.com\/publicacoes\/wp-json\/wp\/v2\/media\/3322"}],"wp:attachment":[{"href":"https:\/\/www.nprovit.com\/publicacoes\/wp-json\/wp\/v2\/media?parent=3320"}],"wp:term":[{"taxonomy":"product_brand","embeddable":true,"href":"https:\/\/www.nprovit.com\/publicacoes\/wp-json\/wp\/v2\/product_brand?post=3320"},{"taxonomy":"product_cat","embeddable":true,"href":"https:\/\/www.nprovit.com\/publicacoes\/wp-json\/wp\/v2\/product_cat?post=3320"},{"taxonomy":"product_tag","embeddable":true,"href":"https:\/\/www.nprovit.com\/publicacoes\/wp-json\/wp\/v2\/product_tag?post=3320"}],"curies":[{"name":"wp","href":"https:\/\/api.w.org\/{rel}","templated":true}]}}