{"id":3233,"date":"2024-05-17T12:08:37","date_gmt":"2024-05-17T11:08:37","guid":{"rendered":"https:\/\/www.nprovit.com\/publicacoes\/?post_type=product&#038;p=3233"},"modified":"2025-05-09T17:59:17","modified_gmt":"2025-05-09T16:59:17","slug":"gateway-gsm-a-voip-yeastar-neogate-tg800","status":"publish","type":"product","link":"https:\/\/www.nprovit.com\/publicacoes\/produto\/gateway-gsm-a-voip-yeastar-neogate-tg800\/","title":{"rendered":"Gateway GSM-a-VoIP Yeastar NeoGate TG800"},"content":{"rendered":"<table>\n<tbody>\n<tr>\n<td align=\"left\" valign=\"middle\" width=\"50%\"><strong>Canais<\/strong><\/td>\n<td align=\"left\" valign=\"middle\">8 Canais (8 SIM cards)<\/td>\n<\/tr>\n<tr>\n<td align=\"left\" valign=\"middle\" width=\"50%\"><strong>Frequ\u00eancia GSM<\/strong><\/td>\n<td align=\"left\" valign=\"middle\">850\/900\/1800\/1900MHz<\/td>\n<\/tr>\n<tr>\n<td align=\"left\" valign=\"middle\" width=\"50%\"><strong>Frequ\u00eancia CDMA<\/strong><\/td>\n<td align=\"left\" valign=\"middle\">850 MHz<\/td>\n<\/tr>\n<tr>\n<td align=\"left\" valign=\"middle\" width=\"50%\"><strong>Porta LAN<\/strong><\/td>\n<td align=\"left\" valign=\"middle\">1 (10\/100Mbps)<\/td>\n<\/tr>\n<tr>\n<td align=\"left\" valign=\"middle\" width=\"50%\"><strong>SIP<\/strong><\/td>\n<td align=\"left\" valign=\"middle\">SIP (RFC3261), IAX2<\/td>\n<\/tr>\n<tr>\n<td align=\"left\" valign=\"middle\" width=\"50%\"><strong>Protocolo<\/strong><\/td>\n<td align=\"left\" valign=\"middle\">UDP, TCP, TLS, SRTP<\/td>\n<\/tr>\n<tr>\n<td align=\"left\" valign=\"middle\" width=\"50%\"><strong>DTMF<\/strong><\/td>\n<td align=\"left\" valign=\"middle\">RFC2833, SIP INFO, In-band<\/td>\n<\/tr>\n<tr>\n<td align=\"left\" valign=\"middle\" width=\"50%\"><strong>Codec<\/strong><\/td>\n<td align=\"left\" valign=\"middle\">G.711 a\/u-law, G.726, G.729 A, GSM, Speex<\/td>\n<\/tr>\n<tr>\n<td align=\"left\" valign=\"middle\" width=\"50%\"><strong>Echo Cancellation<\/strong><\/td>\n<td align=\"left\" valign=\"middle\">ITU-T G.168 LEC<\/td>\n<\/tr>\n<tr>\n<td align=\"left\" valign=\"middle\" width=\"50%\"><strong>DHCP<\/strong><\/td>\n<td align=\"left\" valign=\"middle\">Cliente DHCP Server, VLAN<\/td>\n<\/tr>\n<tr>\n<td align=\"left\" valign=\"middle\" width=\"50%\"><strong>Dimens\u00f5es<\/strong><\/td>\n<td align=\"left\" valign=\"middle\">340 x 210 x 44 mm (Kit Rack 1U incluido)<\/td>\n<\/tr>\n<tr>\n<td align=\"left\" valign=\"middle\" width=\"50%\"><strong>Energia<\/strong><\/td>\n<td align=\"left\" valign=\"middle\">100\/240V; 50\/60Hz (0.5 A)<\/td>\n<\/tr>\n<tr>\n<td align=\"left\" valign=\"middle\" width=\"50%\"><strong>Humidade<\/strong><\/td>\n<td align=\"left\" valign=\"middle\">10-90% n\u00e3o condensados<\/td>\n<\/tr>\n<tr>\n<td align=\"left\" valign=\"middle\" width=\"50%\"><strong>Funcionalidades<\/strong><\/td>\n<td align=\"left\" valign=\"middle\">Integra\u00e7\u00e3o em Servidores de Comunica\u00e7\u00e3o VoIP SIP, Chamadas VoIP-to-GSM \/ GSM-to-VoIP, LCR (Least Cost Routing), Call Back, Enviar \/ Receber SMS, F\u00e1cil instala\u00e7\u00e3o e integra\u00e7\u00e3o<\/td>\n<\/tr>\n<\/tbody>\n<\/table>\n","protected":false},"excerpt":{"rendered":"<p>A <strong>Yeastar Neogate TG800 (GSM)<\/strong> \u00e9 a Gateway GSM VoIP com um interface de rede IP SIP, capaz de suportar as comunica\u00e7\u00f5es GSM da sua empresa, com a m\u00e1xima efici\u00eancia e flexibilidade.<\/p>\n<p>Com a <strong>Neogate TG 800 (GSM)<\/strong> poder\u00e1 gerir todas as chamadas de redes m\u00f3veis da sua empresa, bem como obter o maior benef\u00edcio de servi\u00e7os da tecnologia GSM.<br \/>\nCom capacidade para oito canais GSM (8 SIM card), Chamadas VoIP-to-GSM \/ GSM-to-VoIP, a Neogate torna-se por excel\u00eancia, a melhor Gateway GSM VoIP para sua empresa.<\/p>\n<p>Benef\u00edcios da <strong>Yeastar<\/strong> <strong>Neogate TG800 (GSM)<\/strong>:<\/p>\n<ul>\n<li>Redu\u00e7\u00e3o de Custos \u2013 redu\u00e7\u00e3o de custos em chamadas de telefone entre telem\u00f3veis ou para PTSN.<\/li>\n<li>SIP Proxy &#8211; Possibilidade de registar terminais telef\u00f3nicos IP.<\/li>\n<li>F\u00e1cil de Instalar \u2013 a Neogate Gateway GSM Voip (dispositivo IP) pode ser facilmente configurado atrav\u00e9s de um interface Web.<\/li>\n<li>Solu\u00e7\u00e3o Gateway GSM VoIP de f\u00e1cil integra\u00e7\u00e3o<\/li>\n<\/ul>\n","protected":false},"featured_media":3237,"template":"","meta":{"_seopress_robots_primary_cat":"69","_seopress_titles_title":"","_seopress_titles_desc":"A Yeastar Neogate TG800 (GSM) \u00e9 a Gateway GSM VoIP com um interface de rede IP SIP, capaz de suportar as comunica\u00e7\u00f5es GSM da sua empresa, com a m\u00e1xima efici\u00eancia e flexibilidade.Com a Neogate TG 800 (GSM) poder\u00e1 gerir todas as chamadas de redes m\u00f3veis da sua empresa, bem como obter o maior benef\u00edcio de servi\u00e7os da tecnologia GSM.","_seopress_robots_index":""},"product_brand":[],"product_cat":[69],"product_tag":[252],"class_list":{"0":"post-3233","1":"product","2":"type-product","3":"status-publish","4":"has-post-thumbnail","6":"product_cat-som-gsm","7":"product_tag-yeastar","9":"first","10":"onbackorder","11":"taxable","12":"shipping-taxable","13":"purchasable","14":"product-type-simple"},"_links":{"self":[{"href":"https:\/\/www.nprovit.com\/publicacoes\/wp-json\/wp\/v2\/product\/3233","targetHints":{"allow":["GET"]}}],"collection":[{"href":"https:\/\/www.nprovit.com\/publicacoes\/wp-json\/wp\/v2\/product"}],"about":[{"href":"https:\/\/www.nprovit.com\/publicacoes\/wp-json\/wp\/v2\/types\/product"}],"wp:featuredmedia":[{"embeddable":true,"href":"https:\/\/www.nprovit.com\/publicacoes\/wp-json\/wp\/v2\/media\/3237"}],"wp:attachment":[{"href":"https:\/\/www.nprovit.com\/publicacoes\/wp-json\/wp\/v2\/media?parent=3233"}],"wp:term":[{"taxonomy":"product_brand","embeddable":true,"href":"https:\/\/www.nprovit.com\/publicacoes\/wp-json\/wp\/v2\/product_brand?post=3233"},{"taxonomy":"product_cat","embeddable":true,"href":"https:\/\/www.nprovit.com\/publicacoes\/wp-json\/wp\/v2\/product_cat?post=3233"},{"taxonomy":"product_tag","embeddable":true,"href":"https:\/\/www.nprovit.com\/publicacoes\/wp-json\/wp\/v2\/product_tag?post=3233"}],"curies":[{"name":"wp","href":"https:\/\/api.w.org\/{rel}","templated":true}]}}