{"id":3219,"date":"2024-05-17T10:44:42","date_gmt":"2024-05-17T09:44:42","guid":{"rendered":"https:\/\/www.nprovit.com\/publicacoes\/?post_type=product&#038;p=3219"},"modified":"2025-05-09T18:13:45","modified_gmt":"2025-05-09T17:13:45","slug":"telefone-grandstream-grp2634","status":"publish","type":"product","link":"https:\/\/www.nprovit.com\/publicacoes\/produto\/telefone-grandstream-grp2634\/","title":{"rendered":"Telefone VoIP Grandstream GRP2634"},"content":{"rendered":"<table border=\"0\">\n<tbody>\n<tr>\n<td><strong>Protocolos\/padr\u00f5es<\/strong><\/td>\n<td>SIP RFC3261, TCP\/IP\/UDP, RTP\/RTCP, HTTP\/HTTPS, ARP, ICMP, DNS (registro A, SRV, NAPTR), DHCP, PPPoE, TELNET, TFTP, NTP, STUN, SIMPLE, LLDP, LDAP, TR-069, 802.1x, TLS, SRTP, IPV6<\/td>\n<\/tr>\n<tr>\n<td><strong>Interfaces de rede<\/strong><\/td>\n<td>Portas Ethernet Gigabit de 10\/100\/1000\u00a0Mbps com detec\u00e7\u00e3o autom\u00e1tica, comutador duplo e PoE integrado<\/td>\n<\/tr>\n<tr>\n<td><strong>Tela<\/strong><\/td>\n<td>LCD TFT colorido de 2,8 pol (320&#215;240)<\/td>\n<\/tr>\n<tr>\n<td><strong>Wi-Fi<\/strong><\/td>\n<td>Sim, Wi-Fi de banda dupla 802.11 a\/b\/g\/n\/ac (2,4\u00a0Ghz e 5\u00a0Ghz) integrado<\/td>\n<\/tr>\n<tr>\n<td><strong>Bluetooth<\/strong><\/td>\n<td>Sim, integrado<\/td>\n<\/tr>\n<tr>\n<td><strong>Teclas de recursos<\/strong><\/td>\n<td>Teclas para 8 linhas com at\u00e9 4 contas SIP, teclas para 10 ramais MPK com slot de papel, 4 teclas sens\u00edveis ao contexto com programa\u00e7\u00e3o XML, 5 teclas de navega\u00e7\u00e3o\/ menu, 9 teclas de fun\u00e7\u00e3o exclusivas para: MESSAGE (mensagem, com indicador de LED), TRANSFER (transfer\u00eancia), HEADSET (fones), MUTE (mudo), SEND\/REDIAL (envio\/rediscagem), SPEAKERPHONE (viva-voz), VOL+, VOL- (volume)<\/td>\n<\/tr>\n<tr>\n<td><strong>Porta auxiliar<\/strong><\/td>\n<td>Conector RJ9 para fones \u00e9 compat\u00edvel com EHS com auriculares Plantronics, USB para conectar USB auriculares da s\u00e9rie GUV da Grandstream e outros auriculares USB<\/td>\n<\/tr>\n<tr>\n<td><strong>Codecs de voz e recursos<\/strong><\/td>\n<td>Suporta G7.29A\/B, G.711\u00b5\/a-law, G.726, G.722 (banda larga), G723, iLBC, OPUS, DTMF em banda e fora de banda (em \u00e1udio, RFC2833, SIP INFO)<\/td>\n<\/tr>\n<tr>\n<td><strong>Recursos de telefonia<\/strong><\/td>\n<td>Espera, transfer\u00eancia, encaminhamento, confer\u00eancia de 5 vias, chamada em espera para transfer\u00eancia, capta\u00e7\u00e3o de chamadas, exibi\u00e7\u00e3o de chamadas compartilhadas (SCA, shared call appearance)\/exibi\u00e7\u00e3o de linhas transferidas (BLA, bridged line appearance), agenda para download (XML, LDAP, at\u00e9 2000 itens), chamada em espera, registro de chamadas (at\u00e9 2000 registros), personaliza\u00e7\u00e3o da tela em XML, discagem autom\u00e1tica com aparelho ocupado, resposta autom\u00e1tica, discagem com clique, plano de discagem flex\u00edvel, uso compartilhado de recursos, tons de chamada musicais e m\u00fasica de espera personalizados, redund\u00e2ncia de servidores e failover<\/td>\n<\/tr>\n<tr>\n<td><strong>\u00c1udio em HD<\/strong><\/td>\n<td>Sim, aparelho e viva-voz HD com suporte a \u00e1udio em banda larga. Microfone duplo<\/td>\n<\/tr>\n<tr>\n<td><strong>M\u00f3dulo de expans\u00e3o<\/strong><\/td>\n<td>N\u00e3o<\/td>\n<\/tr>\n<tr>\n<td><strong>Suporte de base<\/strong><\/td>\n<td>Sim, permite posi\u00e7\u00f5es em dois \u00e2ngulos; suporte de parede (o suporte de parede \u00e9<br \/>\n*vendido separadamente<\/td>\n<\/tr>\n<tr>\n<td><strong>Qualidade de servi\u00e7o<\/strong><\/td>\n<td>Qualidade de servi\u00e7o de camada 2 (802.1Q, 802.1P) e camada 3 (ToS, DiffServ, MPLS)<\/td>\n<\/tr>\n<tr>\n<td><strong>Seguran\u00e7a<\/strong><\/td>\n<td>Senhas de usu\u00e1rio e administrador, autentica\u00e7\u00e3o baseada em MD5 e MD5-sess, arquivo de configura\u00e7\u00e3o com criptografia AES de 256 bits, SRTP, TLS, controle de acesso a m\u00eddia 802.1x, inicializa\u00e7\u00e3o segura<\/td>\n<\/tr>\n<tr>\n<td><strong>V\u00e1rios idiomas<\/strong><\/td>\n<td>Ingl\u00eas, alem\u00e3o, italiano, franc\u00eas, espanhol, portugu\u00eas, russo, croata, chin\u00eas, coreano, japon\u00eas e outros<\/td>\n<\/tr>\n<tr>\n<td><strong>Upgrade\/aprovisionamento<\/strong><\/td>\n<td>Upgrade de firmware via FTP\/TFTP\/HTTP\/HTTPS, aprovisionamento em massa usando um arquivo de configura\u00e7\u00e3o XML com criptografia AES ou GDMS\/TR-069<\/td>\n<\/tr>\n<tr>\n<td><strong>Uso eficiente da energia e energia verde<\/strong><\/td>\n<td>Fonte de alimenta\u00e7\u00e3o universal inclu\u00edda:<br \/>\nEntrada: 100-240\u00a0V; Sa\u00edda: +12\u00a0V, 1\u00a0A;<br \/>\nPoE integrado (802.3af)<br \/>\nConsumo m\u00e1ximo de energia 9,5W (fonte de alimenta\u00e7\u00e3o) ou 10,8W (PoE)<\/td>\n<\/tr>\n<tr>\n<td><strong>Temperatura e humidade<\/strong><\/td>\n<td>Opera\u00e7\u00e3o: 0\u00a0\u00baC a 40\u00a0\u00baC<br \/>\nArmazenamento: -10\u00a0\u00baC a 60\u00a0\u00baC<\/td>\n<td><\/td>\n<\/tr>\n<tr>\n<td><strong>Conte\u00fado da embalagem<\/strong><\/td>\n<td>Telefone GRP2634, aparelho com cabo, suporte do telefone, fonte de alimenta\u00e7\u00e3o de 12\u00a0V, cabo de rede, Manual de instala\u00e7\u00e3o r\u00e1pida, licen\u00e7a do GPL<\/td>\n<\/tr>\n<tr>\n<td><strong>Aspectos f\u00edsicos<\/strong><\/td>\n<td>Dimens\u00f5es: 220\u00a0mm x 210\u00a0mm x 82\u00a0mm<br \/>\nPeso da unidade: 880\u00a0g ; Peso da embalagem: 1260\u00a0g<\/td>\n<\/tr>\n<tr>\n<td><strong>Conformidade do GRP2624<\/strong><\/td>\n<td>FCC: Part 15 (CFR 47) Class B<br \/>\nCE: EN55022 Class B; EN55024 Class B; EN61000-3-2; EN61000-3-3; EN60950-1 RCM: AS\/ACIF S004; AS\/NZS CISPR22\/24; AS\/NZS 60950.1<\/td>\n<\/tr>\n<\/tbody>\n<\/table>\n","protected":false},"excerpt":{"rendered":"<p>O telefone VoIP <strong>Grandstream GRP2634<\/strong> \u00e9 um modelo profissional com 8 linhas projetado com aprovisionamento zero-touch para implementa\u00e7\u00e3o em massa e f\u00e1cil gest\u00e3o.<\/p>\n<p>Apresenta um design elegante e um pacote de recursos de \u00faltima gera\u00e7\u00e3o, como: \u00e1udio confer\u00eancia de 5 vias para maximizar a produtividade, Wi-Fi e PoE integrado, \u00e1udio Full HD no alta-voz e no aparelho permitindo que os utilizadores comuniquem com extrema clareza, suporta EHS para auriculares Plantronics e USB para conectar auriculares da s\u00e9rie GUV da Grandstream.<\/p>\n<p>A s\u00e9rie GRP inclui recursos de seguran\u00e7a em n\u00edvel de operadora, proporcionando seguran\u00e7a corporativa com inicializa\u00e7\u00e3o segura, duas imagens de firmware e armazenamento de dados criptografado.<\/p>\n<p>Com 32 teclas virtuais multi funcionais (VPK) e 10 teclas multi funcionais (MPK), o <strong>Grandstream GRP2634<\/strong> \u00e9 a op\u00e7\u00e3o ideal para profissionais e rececionistas ocupados que precisam administrar grandes volumes de chamadas com funcionalidades avan\u00e7adas.<\/p>\n<p>Projetado para facilitar a implanta\u00e7\u00e3o por grandes corpora\u00e7\u00f5es, fornecedores de servi\u00e7os e outros mercados que trabalham com grandes volumes, o <strong>Grandstream GRP 2634<\/strong> consiste num terminal de voz f\u00e1cil de implementar e de usar.<\/p>\n","protected":false},"featured_media":3222,"template":"","meta":{"_seopress_robots_primary_cat":"42","_seopress_titles_title":"","_seopress_titles_desc":"O telefone VoIP Grandstream GRP2634 \u00e9 um modelo profissional com 8 linhas projetado com aprovisionamento zero-touch para implementa\u00e7\u00e3o em massa e f\u00e1cil gest\u00e3o.Apresenta um design elegante e um pacote de recursos de \u00faltima gera\u00e7\u00e3o, como: \u00e1udio confer\u00eancia de 5 vias para maximizar a produtividade, Wi-Fi e PoE integrado, \u00e1udio Full HD no alta-voz e no aparelho permitindo que os utilizadores comuniquem com extrema clareza, suporta EHS para auriculares Plantronics","_seopress_robots_index":""},"product_brand":[],"product_cat":[42],"product_tag":[239,172,240,175],"class_list":{"0":"post-3219","1":"product","2":"type-product","3":"status-publish","4":"has-post-thumbnail","6":"product_cat-telefones-voip","7":"product_tag-grandstream","8":"product_tag-telefone-ip","9":"product_tag-telefone-ip-grandstream","10":"product_tag-telefones-voip","12":"first","13":"onbackorder","14":"taxable","15":"shipping-taxable","16":"purchasable","17":"product-type-simple"},"_links":{"self":[{"href":"https:\/\/www.nprovit.com\/publicacoes\/wp-json\/wp\/v2\/product\/3219","targetHints":{"allow":["GET"]}}],"collection":[{"href":"https:\/\/www.nprovit.com\/publicacoes\/wp-json\/wp\/v2\/product"}],"about":[{"href":"https:\/\/www.nprovit.com\/publicacoes\/wp-json\/wp\/v2\/types\/product"}],"wp:featuredmedia":[{"embeddable":true,"href":"https:\/\/www.nprovit.com\/publicacoes\/wp-json\/wp\/v2\/media\/3222"}],"wp:attachment":[{"href":"https:\/\/www.nprovit.com\/publicacoes\/wp-json\/wp\/v2\/media?parent=3219"}],"wp:term":[{"taxonomy":"product_brand","embeddable":true,"href":"https:\/\/www.nprovit.com\/publicacoes\/wp-json\/wp\/v2\/product_brand?post=3219"},{"taxonomy":"product_cat","embeddable":true,"href":"https:\/\/www.nprovit.com\/publicacoes\/wp-json\/wp\/v2\/product_cat?post=3219"},{"taxonomy":"product_tag","embeddable":true,"href":"https:\/\/www.nprovit.com\/publicacoes\/wp-json\/wp\/v2\/product_tag?post=3219"}],"curies":[{"name":"wp","href":"https:\/\/api.w.org\/{rel}","templated":true}]}}