{"id":3215,"date":"2024-05-17T10:43:06","date_gmt":"2024-05-17T09:43:06","guid":{"rendered":"https:\/\/www.nprovit.com\/publicacoes\/?post_type=product&#038;p=3215"},"modified":"2025-05-09T18:02:01","modified_gmt":"2025-05-09T17:02:01","slug":"grandstream-gbx20","status":"publish","type":"product","link":"https:\/\/www.nprovit.com\/publicacoes\/produto\/grandstream-gbx20\/","title":{"rendered":"M\u00f3dulo Expans\u00e3o de Teclas Grandstream GBX20"},"content":{"rendered":"<div class=\"value std\">\n<ul>\n<li>LCD cores 4,3&#8243; (272&#215;480)<\/li>\n<li>20 Teclas LED com Duas Cores (2 p\u00e1ginas)<\/li>\n<li>Compat\u00edvel com GRP 2615 e GXV 3350<\/li>\n<\/ul>\n<\/div>\n","protected":false},"excerpt":{"rendered":"<p>O <strong>Grandstream GBX20<\/strong> \u00e9 um m\u00f3dulo de expans\u00e3o que proporciona mais funcionalidade, versatilidade e flexibilidade ao telefone IP para operadoras GRP2615 e ao telefone IP com v\u00eddeo GXV3350 da Grandstream.<\/p>\n<p>O seu ecr\u00e3 LCD de 272&#215;480 permite at\u00e9 40 contatos por m\u00f3dulo e suporta at\u00e9 160 contatos usando 4 m\u00f3dulos<\/p>\n","protected":false},"featured_media":3218,"template":"","meta":{"_seopress_robots_primary_cat":"42","_seopress_titles_title":"","_seopress_titles_desc":"M\u00f3dulo Expans\u00e3o de Teclas Grandstream GBX20","_seopress_robots_index":""},"product_brand":[],"product_cat":[42],"product_tag":[239],"class_list":{"0":"post-3215","1":"product","2":"type-product","3":"status-publish","4":"has-post-thumbnail","6":"product_cat-telefones-voip","7":"product_tag-grandstream","9":"first","10":"onbackorder","11":"taxable","12":"shipping-taxable","13":"purchasable","14":"product-type-simple"},"_links":{"self":[{"href":"https:\/\/www.nprovit.com\/publicacoes\/wp-json\/wp\/v2\/product\/3215","targetHints":{"allow":["GET"]}}],"collection":[{"href":"https:\/\/www.nprovit.com\/publicacoes\/wp-json\/wp\/v2\/product"}],"about":[{"href":"https:\/\/www.nprovit.com\/publicacoes\/wp-json\/wp\/v2\/types\/product"}],"wp:featuredmedia":[{"embeddable":true,"href":"https:\/\/www.nprovit.com\/publicacoes\/wp-json\/wp\/v2\/media\/3218"}],"wp:attachment":[{"href":"https:\/\/www.nprovit.com\/publicacoes\/wp-json\/wp\/v2\/media?parent=3215"}],"wp:term":[{"taxonomy":"product_brand","embeddable":true,"href":"https:\/\/www.nprovit.com\/publicacoes\/wp-json\/wp\/v2\/product_brand?post=3215"},{"taxonomy":"product_cat","embeddable":true,"href":"https:\/\/www.nprovit.com\/publicacoes\/wp-json\/wp\/v2\/product_cat?post=3215"},{"taxonomy":"product_tag","embeddable":true,"href":"https:\/\/www.nprovit.com\/publicacoes\/wp-json\/wp\/v2\/product_tag?post=3215"}],"curies":[{"name":"wp","href":"https:\/\/api.w.org\/{rel}","templated":true}]}}