{"id":3096,"date":"2024-05-06T20:00:57","date_gmt":"2024-05-06T19:00:57","guid":{"rendered":"https:\/\/www.nprovit.com\/publicacoes\/?post_type=product&#038;p=3096"},"modified":"2025-05-09T18:13:42","modified_gmt":"2025-05-09T17:13:42","slug":"grandstream_grp2602","status":"publish","type":"product","link":"https:\/\/www.nprovit.com\/publicacoes\/produto\/grandstream_grp2602\/","title":{"rendered":"Telefone VoIP Grandstream GRP 2602P"},"content":{"rendered":"<table border=\"0\">\n<tbody>\n<tr>\n<td><strong>Protocolos\/padr\u00f5es<\/strong><\/td>\n<td>SIP RFC3261, TCP\/IP\/UDP, RTP\/RTCP, RTCP-XR, HTTP\/HTTPS, ARP, ICMP, DNS (registro A, SRV, NAPTR), DHCP, PPPoE, SSH, TFTP, NTP, STUN, SIMPLE, LLDP, LDAP, TR-069, SNMP, 802.1x, TLS, SRTP, IPv6<\/td>\n<\/tr>\n<tr>\n<td><strong>Interfaces de rede<\/strong><\/td>\n<td>Portas Ethernet de 10\/100\u00a0Mbps com detec\u00e7\u00e3o autom\u00e1tica, comutador duplo e PoE integrado (somente no GRP2602P)<\/td>\n<\/tr>\n<tr>\n<td><strong>Tela<\/strong><\/td>\n<td>Tela LCD gr\u00e1fica de 132 x 48 (2,21 pol.) com luz de fundo<\/td>\n<\/tr>\n<tr>\n<td><strong>Teclas de recursos<\/strong><\/td>\n<td>Teclas para 2 linhas com LED em duas cores e suporte para 4 contas SIP, 4 teclas sens\u00edveis ao contexto com programa\u00e7\u00e3o XML, 5 teclas (navega\u00e7\u00e3o, menu). 8 teclas de fun\u00e7\u00e3o exclusivas para: MESSAGE (mensagem, com indicador de LED), TRANSFER (transfer\u00eancia), HEADSET (fones), MUTE (mudo), SEND\/REDIAL (envio\/ rediscagem), SPEAKERPHONE (viva-voz), VOL+, VOL- (volume)<\/td>\n<\/tr>\n<tr>\n<td><strong>Porta auxiliar<\/strong><\/td>\n<td>Conector RJ9 para headsets (compat\u00edvel com EHS com headsets Plantronics, Jabra e Sennheiser)<\/td>\n<\/tr>\n<tr>\n<td><strong>Codecs de voz e recursos<\/strong><\/td>\n<td>Suporta G.729A\/B, G.711\u00b5\/a-law, G.726, G.722 (banda larga), G.723, iLBC, OPUS, DTMF em banda e fora de banda (em \u00e1udio, RFC2833, SIP INFO), VAD, AEC, CNG, PLC, AGC<\/td>\n<\/tr>\n<tr>\n<td><strong>Recursos de telefonia<\/strong><\/td>\n<td>Espera, transfer\u00eancia, encaminhamento, confer\u00eancia de 5 vias, chamada em espera para transfer\u00eancia, capta\u00e7\u00e3o de chamadas, exibi\u00e7\u00e3o de chamadas compartilhadas (SCA, shared call appearance)\/ exibi\u00e7\u00e3o de linhas transferidas (BLA, bridged line appearance), agenda para download (XML, LDAP, at\u00e9 2000 itens), chamada em espera, registro de chamadas (at\u00e9 800 registros), discagem autom\u00e1tica com aparelho ocupado, resposta autom\u00e1tica, discagem com clique, plano de discagem flex\u00edvel, uso compartilhado de recursos, tons de chamada &#8211; musicais e m\u00fasica de espera personalizados, redund\u00e2ncia de servidores e failover<\/td>\n<\/tr>\n<tr>\n<td><strong>\u00c1udio em HD<\/strong><\/td>\n<td>Sim, aparelho e viva-voz HD com suporte a \u00e1udio em banda larga<\/td>\n<\/tr>\n<tr>\n<td><strong>Suporte de base<\/strong><\/td>\n<td>Sim, permite posi\u00e7\u00f5es em 1 \u00e2ngulos (45\u00ba), suporte de parede (*vendido separadamente)<\/td>\n<\/tr>\n<tr>\n<td><strong>Qualidade de servi\u00e7o<\/strong><\/td>\n<td>Qualidade de servi\u00e7o de camada 2 (802.1Q, 802.1P) e camada 3 (ToS, DiffServ, MPLS)<\/td>\n<\/tr>\n<tr>\n<td><strong>Seguran\u00e7a<\/strong><\/td>\n<td>Senhas de usu\u00e1rio e administrador, autentica\u00e7\u00e3o baseada em MD5 e MD5-sess, arquivo de configura\u00e7\u00e3o com criptografia AES de 256 bits, SRTP, TLS, controle de acesso a m\u00eddia 802.1x, inicializa\u00e7\u00e3o segura<\/td>\n<\/tr>\n<tr>\n<td><strong>V\u00e1rios idiomas<\/strong><\/td>\n<td>Ingl\u00eas, alem\u00e3o, italiano, franc\u00eas, espanhol, portugu\u00eas, russo, croata, chin\u00eas, coreano, japon\u00eas e outros<\/td>\n<\/tr>\n<tr>\n<td><strong>Upgrade\/aprovisionamento<\/strong><\/td>\n<td>Upgrade de firmware via FTP\/TFTP\/HTTP\/HTTPS, aprovisionamento em massa usando um arquivo de configura\u00e7\u00e3o XML com criptografia AES ou GDMS\/TR-069<\/td>\n<\/tr>\n<tr>\n<td><strong>Uso eficiente da energia e energia verde\u00a0 \u00a0<\/strong><\/td>\n<td>Fonte de alimenta\u00e7\u00e3o universal; Entrada 100-240\u00a0VCA 50-60Hz; Sa\u00edda +5\u00a0VCD, 600mA; PoE IEEE802.3af Class 1, 3.84W; IEEE802.3az (EEE) (somente no GRP2602P)<\/td>\n<\/tr>\n<tr>\n<td><strong>Temperatura e humidade<\/strong><\/td>\n<td>Opera\u00e7\u00e3o: 0\u00a0\u00baC a 40\u00a0\u00baC Armazenamento: -10\u00a0\u00baC a 60\u00a0\u00baC<br \/>\nHumidade: 10% a 90% sem condensa\u00e7\u00e3o<\/td>\n<\/tr>\n<tr>\n<td><strong>Conte\u00fado da embalagem<\/strong><\/td>\n<td>Telefone GRP2602, aparelho com cabo, suporte de base, fonte de alimenta\u00e7\u00e3o universal (somente GRP2602\/GRP2602W), cabo de rede, Manual de instala\u00e7\u00e3o r\u00e1pida<\/td>\n<\/tr>\n<tr>\n<td><strong>Aspectos f\u00edsicos<\/strong><\/td>\n<td>Dimens\u00f5es: 208\u00a0mm (C) x 180\u00a0mm (L) x 63,4\u00a0mm (A) (com o aparelho)<br \/>\nPeso da unidade: 670\u00a0g;<br \/>\nPeso da embalagem: 880g (GRP2602 &amp; GRP2602W), 830g (GRP2602P)<\/td>\n<\/tr>\n<tr>\n<td><strong>Conformidade<\/strong><\/td>\n<td>FCC: Part 15 Class B; FCC Part 68 HAC;<br \/>\nCE: EN 55032; EN 55035; EN 61000-3-2; EN 61000-3-3; EN 62368-1;<br \/>\nRCM: AS\/NZS CISPR32; AS\/NZS 62368.1; AS\/CA S004; IC: ICES-003; CS-03<\/td>\n<\/tr>\n<\/tbody>\n<\/table>\n","protected":false},"excerpt":{"rendered":"<p>O<strong> Grandstream GRP 2602P<\/strong> \u00e9 um modelo b\u00e1sico com 2 linhas projetado com aprovisionamento zero-touch para implementa\u00e7\u00e3o em massa e f\u00e1cil gest\u00e3o.<\/p>\n<p>Apresenta um design elegante e um pacote de recursos de \u00faltima gera\u00e7\u00e3o, audioconfer\u00eancia de 5 vias para maximizar a produtividade, PoE integrado (<strong>GRP2602P<\/strong>), \u00e1udio Full HD no alta-voz e no aparelho para que os utilizadores possam comunicar-se com extrema clareza, suporte EHS para headsets Plantronics, Jabra e Sennheiser, al\u00e9m de suporte a v\u00e1rios idiomas.<\/p>\n<p>A s\u00e9rie GRP inclui recursos de seguran\u00e7a em n\u00edvel de operadora, proporcionando seguran\u00e7a corporativa com inicializa\u00e7\u00e3o segura, duas imagens de firmware e armazenamento de dados criptografado.<br \/>\nPara o aprovisionamento em nuvem e gest\u00e3o centralizada, o <strong>Grandstream GRP 2602 P<\/strong> tem o suporte do sistema de gest\u00e3o de dispositivos da Grandstream (GDMS, Grandstream Device Management System), que fornece uma interface centralizada para configurar, aprovisionar, gerenciar e monitorizar as implementa\u00e7\u00f5es de terminais Grandstream.<\/p>\n<p>Desenvolvido para as necessidades de funcion\u00e1rios locais ou remotos e projetado para facilitar a implementa\u00e7\u00e3o por grandes corpora\u00e7\u00f5es, provedores de servi\u00e7os e outros mercados que trabalham com grandes volumes, o <strong>Grandstream GRP2602 P<\/strong> consiste\u00a0 num terminal de voz f\u00e1cil de implementar e de usar.<\/p>\n","protected":false},"featured_media":3098,"template":"","meta":{"_seopress_robots_primary_cat":"42","_seopress_titles_title":"","_seopress_titles_desc":"O Grandstream GRP 2602P \u00e9 um modelo b\u00e1sico com 2 linhas projetado com aprovisionamento zero-touch para implementa\u00e7\u00e3o em massa e f\u00e1cil gest\u00e3o.Apresenta um design elegante e um pacote de recursos de \u00faltima gera\u00e7\u00e3o, audioconfer\u00eancia de 5 vias para maximizar a produtividade, PoE integrado (GRP2602P), \u00e1udio Full HD no alta-voz e no aparelho para que os utilizadores possam comunicar-se com extrema clareza, suporte EHS para headsets Plantronics, Jabra e Sennheiser","_seopress_robots_index":""},"product_brand":[],"product_cat":[42],"product_tag":[239,172,240,175],"class_list":{"0":"post-3096","1":"product","2":"type-product","3":"status-publish","4":"has-post-thumbnail","6":"product_cat-telefones-voip","7":"product_tag-grandstream","8":"product_tag-telefone-ip","9":"product_tag-telefone-ip-grandstream","10":"product_tag-telefones-voip","12":"first","13":"onbackorder","14":"taxable","15":"shipping-taxable","16":"purchasable","17":"product-type-simple"},"_links":{"self":[{"href":"https:\/\/www.nprovit.com\/publicacoes\/wp-json\/wp\/v2\/product\/3096","targetHints":{"allow":["GET"]}}],"collection":[{"href":"https:\/\/www.nprovit.com\/publicacoes\/wp-json\/wp\/v2\/product"}],"about":[{"href":"https:\/\/www.nprovit.com\/publicacoes\/wp-json\/wp\/v2\/types\/product"}],"wp:featuredmedia":[{"embeddable":true,"href":"https:\/\/www.nprovit.com\/publicacoes\/wp-json\/wp\/v2\/media\/3098"}],"wp:attachment":[{"href":"https:\/\/www.nprovit.com\/publicacoes\/wp-json\/wp\/v2\/media?parent=3096"}],"wp:term":[{"taxonomy":"product_brand","embeddable":true,"href":"https:\/\/www.nprovit.com\/publicacoes\/wp-json\/wp\/v2\/product_brand?post=3096"},{"taxonomy":"product_cat","embeddable":true,"href":"https:\/\/www.nprovit.com\/publicacoes\/wp-json\/wp\/v2\/product_cat?post=3096"},{"taxonomy":"product_tag","embeddable":true,"href":"https:\/\/www.nprovit.com\/publicacoes\/wp-json\/wp\/v2\/product_tag?post=3096"}],"curies":[{"name":"wp","href":"https:\/\/api.w.org\/{rel}","templated":true}]}}