{"id":2818,"date":"2024-03-12T09:54:08","date_gmt":"2024-03-12T09:54:08","guid":{"rendered":"https:\/\/www.nprovit.com\/publicacoes\/?post_type=product&#038;p=2818"},"modified":"2025-05-09T18:18:01","modified_gmt":"2025-05-09T17:18:01","slug":"zycoo-always-online-plan-1year-para-pbx-t100-t100s","status":"publish","type":"product","link":"https:\/\/www.nprovit.com\/publicacoes\/produto\/zycoo-always-online-plan-1year-para-pbx-t100-t100s\/","title":{"rendered":"ZyCoo Always Online Plan &#8211; 1Year para PBX T100\/T100S"},"content":{"rendered":"","protected":false},"excerpt":{"rendered":"<p>Proxy para: Aplica\u00e7\u00e3o ZyCoo CooCall (softphone), Remote management, Remote Access, Push Notifications<br \/>\nLicen\u00e7a 1 ano (1Y) para: T100\/T100S\/U20\/U50<br \/>\n1 licen\u00e7a por sistema<\/p>\n","protected":false},"featured_media":2815,"template":"","meta":{"_seopress_robots_primary_cat":"54","_seopress_titles_title":"","_seopress_titles_desc":"Proxy para: Aplica\u00e7\u00e3o ZyCoo CooCall (softphone), Remote management, Remote Access, Push NotificationsLicen\u00e7a 1 ano (1Y) para: T100\/T100S\/U20\/U501 licen\u00e7a por sistema","_seopress_robots_index":""},"product_brand":[277],"product_cat":[54,168],"product_tag":[184,185,100,104,105,102],"class_list":{"0":"post-2818","1":"product","2":"type-product","3":"status-publish","4":"has-post-thumbnail","6":"product_brand-zycoo","7":"product_cat-voip-e-seus-componentes","8":"product_cat-zycoo","9":"product_tag-proxy","10":"product_tag-sip-proxy","11":"product_tag-zycoo","12":"product_tag-zycoo-anuncio","13":"product_tag-zycoo-paging","14":"product_tag-zycoo-voip","16":"first","17":"onbackorder","18":"virtual","19":"taxable","20":"purchasable","21":"product-type-simple"},"_links":{"self":[{"href":"https:\/\/www.nprovit.com\/publicacoes\/wp-json\/wp\/v2\/product\/2818","targetHints":{"allow":["GET"]}}],"collection":[{"href":"https:\/\/www.nprovit.com\/publicacoes\/wp-json\/wp\/v2\/product"}],"about":[{"href":"https:\/\/www.nprovit.com\/publicacoes\/wp-json\/wp\/v2\/types\/product"}],"wp:featuredmedia":[{"embeddable":true,"href":"https:\/\/www.nprovit.com\/publicacoes\/wp-json\/wp\/v2\/media\/2815"}],"wp:attachment":[{"href":"https:\/\/www.nprovit.com\/publicacoes\/wp-json\/wp\/v2\/media?parent=2818"}],"wp:term":[{"taxonomy":"product_brand","embeddable":true,"href":"https:\/\/www.nprovit.com\/publicacoes\/wp-json\/wp\/v2\/product_brand?post=2818"},{"taxonomy":"product_cat","embeddable":true,"href":"https:\/\/www.nprovit.com\/publicacoes\/wp-json\/wp\/v2\/product_cat?post=2818"},{"taxonomy":"product_tag","embeddable":true,"href":"https:\/\/www.nprovit.com\/publicacoes\/wp-json\/wp\/v2\/product_tag?post=2818"}],"curies":[{"name":"wp","href":"https:\/\/api.w.org\/{rel}","templated":true}]}}