{"id":2806,"date":"2024-03-11T20:14:11","date_gmt":"2024-03-11T20:14:11","guid":{"rendered":"https:\/\/www.nprovit.com\/publicacoes\/?post_type=product&#038;p=2806"},"modified":"2025-05-09T17:51:19","modified_gmt":"2025-05-09T16:51:19","slug":"caixa-de-montagem-em-superficie-para-video-porteiros-series-ei","status":"publish","type":"product","link":"https:\/\/www.nprovit.com\/publicacoes\/produto\/caixa-de-montagem-em-superficie-para-video-porteiros-series-ei\/","title":{"rendered":"Caixa de montagem em superf\u00edcie para V\u00eddeo Porteiros s\u00e9ries Ei"},"content":{"rendered":"<p>Datasheet (EN)<\/p>\n<p><a href=\"https:\/\/www.nprovit.com\/publicacoes\/?attachment_id=2808\" rel=\"attachment wp-att-2808\">Ei_Surface_Mount_Box_Datasheet_v1.0.0(EN)<\/a><\/p>\n","protected":false},"excerpt":{"rendered":"<p>A SMB-EZ \u00e9 uma caixa em alum\u00ednio, termolacado, desenhada para permitir a instala\u00e7\u00e3o em superf\u00edcie dos intercomunicadores \/ v\u00eddeo porteiros da ZyCoo, s\u00e9ries Ei<\/p>\n","protected":false},"featured_media":2807,"template":"","meta":{"_seopress_robots_primary_cat":"54","_seopress_titles_title":"","_seopress_titles_desc":"A SMB-EZ \u00e9 uma caixa em alum\u00ednio, termolacado, desenhada para permitir a instala\u00e7\u00e3o em superf\u00edcie dos intercomunicadores \/ v\u00eddeo porteiros da ZyCoo, s\u00e9ries Ei","_seopress_robots_index":""},"product_brand":[277],"product_cat":[57,54,168],"product_tag":[182,183,181,100,104,105,180,102],"class_list":{"0":"post-2806","1":"product","2":"type-product","3":"status-publish","4":"has-post-thumbnail","6":"product_brand-zycoo","7":"product_cat-video-porteiros","8":"product_cat-voip-e-seus-componentes","9":"product_cat-zycoo","10":"product_tag-intercom","11":"product_tag-intercomunicador","12":"product_tag-video-porteiro-ip","13":"product_tag-zycoo","14":"product_tag-zycoo-anuncio","15":"product_tag-zycoo-paging","16":"product_tag-zycoo-video-porteiro","17":"product_tag-zycoo-voip","19":"first","20":"onbackorder","21":"taxable","22":"shipping-taxable","23":"purchasable","24":"product-type-simple"},"_links":{"self":[{"href":"https:\/\/www.nprovit.com\/publicacoes\/wp-json\/wp\/v2\/product\/2806","targetHints":{"allow":["GET"]}}],"collection":[{"href":"https:\/\/www.nprovit.com\/publicacoes\/wp-json\/wp\/v2\/product"}],"about":[{"href":"https:\/\/www.nprovit.com\/publicacoes\/wp-json\/wp\/v2\/types\/product"}],"wp:featuredmedia":[{"embeddable":true,"href":"https:\/\/www.nprovit.com\/publicacoes\/wp-json\/wp\/v2\/media\/2807"}],"wp:attachment":[{"href":"https:\/\/www.nprovit.com\/publicacoes\/wp-json\/wp\/v2\/media?parent=2806"}],"wp:term":[{"taxonomy":"product_brand","embeddable":true,"href":"https:\/\/www.nprovit.com\/publicacoes\/wp-json\/wp\/v2\/product_brand?post=2806"},{"taxonomy":"product_cat","embeddable":true,"href":"https:\/\/www.nprovit.com\/publicacoes\/wp-json\/wp\/v2\/product_cat?post=2806"},{"taxonomy":"product_tag","embeddable":true,"href":"https:\/\/www.nprovit.com\/publicacoes\/wp-json\/wp\/v2\/product_tag?post=2806"}],"curies":[{"name":"wp","href":"https:\/\/api.w.org\/{rel}","templated":true}]}}