{"id":2024,"date":"2024-02-24T19:02:11","date_gmt":"2024-02-24T19:02:11","guid":{"rendered":"https:\/\/www.nprovit.com\/publicacoes\/produto\/zycoo-x20-sip-public-address-gateway\/"},"modified":"2025-05-09T18:19:00","modified_gmt":"2025-05-09T17:19:00","slug":"zycoo-x20-sip-public-address-gateway","status":"publish","type":"product","link":"https:\/\/www.nprovit.com\/publicacoes\/produto\/zycoo-x20-sip-public-address-gateway\/","title":{"rendered":"Zycoo X20 SIP Public Address Gateway"},"content":{"rendered":"<p><strong>Features and Benefits<\/strong><\/p>\n<p><strong>Powerful Amplifier<\/strong><br \/>\nBuilt-in amplifier rated at 2x10W dual-channel output, no external amplifier required.<\/p>\n<p><strong>Peripheral Support<\/strong><br \/>\nX20 can be connected with various peripherals, such as smoke sensors, infrared sensors, door magnet, sound and light alarm for public safety and security purpose.<\/p>\n<p><strong>Simple Installation and Configuration<\/strong><br \/>\nCombined with MX500 SIP paging and intercom system, X20 can be auto detected within LAN. Register number and intercom number can be distributed centrally from MX500 Web interface.<\/p>\n<p><strong>Compatible with Third Party Systems<\/strong><br \/>\nIf you have an existing IP PBX system then you may easily integrate X20 PA gateways into your phone system just like a standard IP phone.<\/p>\n<p><strong>Multicast Support<\/strong><br \/>\nBackground music is streamed to X20 for local decoding and playback. Dual-channel high definition audio quality is guaranteed.<\/p>\n<p><strong>Intercom Calling<\/strong><br \/>\nX20 supports up to 2 programmable buttons which can be used as \u201cPress-to-Talk\u201d keys, and therefore with an external speaker and microphone it can undertake intercom calls.<\/p>\n<p><strong>Hardware\/Features<\/strong><\/p>\n<p><strong>Audio<\/strong><\/p>\n<ul>\n<li>Speaker Output: 2x10W, 8O<\/li>\n<li>Headset Output: 40mW, 16O<\/li>\n<li>Microphone: Support<\/li>\n<\/ul>\n<p><strong>Protocol<\/strong><\/p>\n<ul>\n<li>SIP2.0 (RFC3261)<\/li>\n<\/ul>\n<p><strong>Keypad<\/strong><\/p>\n<ul>\n<li>Support 4&#215;4 16-key keypad<\/li>\n<\/ul>\n<p><strong>LCD<\/strong><\/p>\n<ul>\n<li>UART Serial LCD (Customizable)<\/li>\n<\/ul>\n<p><strong>Voice<\/strong><\/p>\n<ul>\n<li>Protocol: RTP, RTCP<\/li>\n<li>Codecs: G.711(a,u), G.722, G.726, G.729, Speex, etc.<\/li>\n<\/ul>\n<p><strong>Other Interfaces<\/strong><\/p>\n<ul>\n<li>Power: DC12V-2A \/ DC24V-1A<\/li>\n<li>PoE: 802.3at(48V-30W)<\/li>\n<li>ETH0\/ETH1: 10\/100Mbps (PoE IEEE 802.3at support on ETH0)<\/li>\n<li>Serial: RS485<\/li>\n<li>GPIO: 2xI\/O Signal, 2 Speed-dial Keys<\/li>\n<li>Key LED: 2<\/li>\n<li>Switching Signal Input: Support<\/li>\n<li>Switching Signal Output: Support<\/li>\n<\/ul>\n<p><strong>Environmental Requirements<\/strong><\/p>\n<ul>\n<li>Operating Temperature: -30\u00b0C ~ +70\u00b0C<\/li>\n<li>Storage Temperature: -40\u00b0C ~ +70\u00b0C<\/li>\n<li>Humidity: 10% ~ 95%<\/li>\n<\/ul>\n<p><strong>Dimension:<\/strong> 153x76x33mm<br \/>\n<strong>Weight:<\/strong> 400g<\/p>\n<p><strong>Packing List:<\/strong><\/p>\n<ul>\n<li>X20 SIP Paging Gateway (1)<\/li>\n<li>M4*10 clamping screws (4)<\/li>\n<li>Phoenix connector (4)<\/li>\n<li>Mini screw driver (1)<\/li>\n<li>Grounding cable (1)<\/li>\n<li>Qick Installation Guide (1)<\/li>\n<\/ul>\n","protected":false},"excerpt":{"rendered":"<p><span class=\"HwtZe\" lang=\"pt\"><span class=\"jCAhz ChMk0b\"><span class=\"ryNqvb\">O X20 \u00e9 um dispositivo endpoint SIP PA inovador desenvolvido pela equipe europeia da ZYCOO.<\/span><\/span> <span class=\"jCAhz ChMk0b\"><span class=\"ryNqvb\">Ele converte fluxos de voz de um sistema de paging SIP ou IPPBX em sons anal\u00f3gicos, adequados para m\u00fasica de fundo, endere\u00e7o p\u00fablico, intercomunicador, etc.<\/span><\/span> <\/span><\/p>\n<p><span class=\"HwtZe\" lang=\"pt\"><span class=\"jCAhz ChMk0b\"><span class=\"ryNqvb\">O X20 \u00e9 baseado em padr\u00f5es SIP abertos, fazendo com que funcione perfeitamente com o sistema ZYCOO Paging e Intercom.<\/span><\/span> <span class=\"jCAhz ChMk0b\"><span class=\"ryNqvb\">E o mais importante, o X20 tamb\u00e9m pode ser implantado com a maioria dos sistemas SIP PA e IPPBX de terceiros que suportam o protocolo SIP.<\/span><\/span><\/span><\/p>\n","protected":false},"featured_media":2500,"template":"","meta":{"_seopress_robots_primary_cat":"69","_seopress_titles_title":"","_seopress_titles_desc":"O X20 \u00e9 um dispositivo endpoint SIP PA inovador desenvolvido pela equipe europeia da ZYCOO. Ele converte fluxos de voz de um sistema de paging SIP ou IPPBX em sons anal\u00f3gicos, adequados para m\u00fasica de fundo, endere\u00e7o p\u00fablico, intercomunicador, etc.","_seopress_robots_index":""},"product_brand":[277],"product_cat":[69,54,168],"product_tag":[100,104,103,101,105,102],"class_list":{"0":"post-2024","1":"product","2":"type-product","3":"status-publish","4":"has-post-thumbnail","6":"product_brand-zycoo","7":"product_cat-som-gsm","8":"product_cat-voip-e-seus-componentes","9":"product_cat-zycoo","10":"product_tag-zycoo","11":"product_tag-zycoo-anuncio","12":"product_tag-zycoo-audio-solutions","13":"product_tag-zycoo-pa","14":"product_tag-zycoo-paging","15":"product_tag-zycoo-voip","17":"first","18":"instock","19":"taxable","20":"shipping-taxable","21":"purchasable","22":"product-type-simple"},"_links":{"self":[{"href":"https:\/\/www.nprovit.com\/publicacoes\/wp-json\/wp\/v2\/product\/2024","targetHints":{"allow":["GET"]}}],"collection":[{"href":"https:\/\/www.nprovit.com\/publicacoes\/wp-json\/wp\/v2\/product"}],"about":[{"href":"https:\/\/www.nprovit.com\/publicacoes\/wp-json\/wp\/v2\/types\/product"}],"wp:featuredmedia":[{"embeddable":true,"href":"https:\/\/www.nprovit.com\/publicacoes\/wp-json\/wp\/v2\/media\/2500"}],"wp:attachment":[{"href":"https:\/\/www.nprovit.com\/publicacoes\/wp-json\/wp\/v2\/media?parent=2024"}],"wp:term":[{"taxonomy":"product_brand","embeddable":true,"href":"https:\/\/www.nprovit.com\/publicacoes\/wp-json\/wp\/v2\/product_brand?post=2024"},{"taxonomy":"product_cat","embeddable":true,"href":"https:\/\/www.nprovit.com\/publicacoes\/wp-json\/wp\/v2\/product_cat?post=2024"},{"taxonomy":"product_tag","embeddable":true,"href":"https:\/\/www.nprovit.com\/publicacoes\/wp-json\/wp\/v2\/product_tag?post=2024"}],"curies":[{"name":"wp","href":"https:\/\/api.w.org\/{rel}","templated":true}]}}