{"id":2018,"date":"2024-02-24T19:02:02","date_gmt":"2024-02-24T19:02:02","guid":{"rendered":"https:\/\/www.nprovit.com\/publicacoes\/produto\/zycoo-coluna-de-som-ip-network-cabinet-speaker-instalacao-exterior-sw15\/"},"modified":"2025-04-24T23:50:28","modified_gmt":"2025-04-24T22:50:28","slug":"zycoo-coluna-de-som-ip-network-cabinet-speaker-instalacao-exterior-sw15","status":"publish","type":"product","link":"https:\/\/www.nprovit.com\/publicacoes\/produto\/zycoo-coluna-de-som-ip-network-cabinet-speaker-instalacao-exterior-sw15\/","title":{"rendered":"ZyCoo Coluna de Som IP (Network cabinet speaker), Instala\u00e7\u00e3o Indoor SW15"},"content":{"rendered":"<p>Altifalante de rede ZYCOO SW15 \u00e9 um altifalante externo, protocolo SIP, de alto desempenho que pode ser usado para pagina\u00e7\u00e3o SIP, transmiss\u00e3o de notifica\u00e7\u00e3o\/tom e streaming de m\u00fasica. As unidades de acionamento de alta efici\u00eancia e gama completa fornecer\u00e3o uma experi\u00eancia \u00fanica. E foi projetado para aplica\u00e7\u00f5es onde a cobertura \u00e9 a principal preocupa\u00e7\u00e3o.<\/p>\n<p>Features<\/p>\n<p>Dual-speaker drive unit designs. SW15 is equipped with one low-frequency bass driver unit and one high-frequency tweeter driver unit. Provides premium sound quality, enhances the audience experience.<\/p>\n<p>Support ZYCOO BM11 Mic w\/ Push-to-Talk Button, easy connection with the BM11 to achieve the talk-back functionality.<br \/>\nZYCOO IP Audio Center auto-provisioning support, large-scale installations (local or remote) will be straightforward and time-saving.<\/p>\n<p>Built-in SIP protocol integration support can be integrated with ZYCOO IP Audio Center or 3rd party SIP server, SIP paging using wideband G.722 codec, which provides crystal clear HD voice.<\/p>\n<p>Music playback through ZYCOO IP Audio Center using streamed media. HD MP3 audio files supported for the superior quality of background music.<\/p>\n<p>Standard PoE (IEEE 802.3at) support, simple and easy installation with a single network cable. The external power supply can be used if required.<br \/>\nSupport Multicast and Peer-to-Peer (P2P) to share data between devices without a central server while the devices use under the same local network.<br \/>\nBuilt-in Class-D amplifier with local and server controlled volume output level, SW15 guarantees the full and consistent coverage and audio comfort and the flab.<br \/>\nSW15 supports three lines SIP accounts, in which users may register the endpoint in more than one system for achieving different functionality purposes.<\/p>\n<p>&nbsp;<\/p>\n","protected":false},"excerpt":{"rendered":"<p>Altifalante de rede ZYCOO SW15 \u00e9 um altifalante externo, protocolo SIP, de alto desempenho que pode ser usado para pagina\u00e7\u00e3o SIP, transmiss\u00e3o de notifica\u00e7\u00e3o\/tom e streaming de m\u00fasica. As unidades de acionamento de alta efici\u00eancia e gama completa fornecer\u00e3o uma experi\u00eancia \u00fanica. E foi projetado para aplica\u00e7\u00f5es onde a cobertura \u00e9 a principal preocupa\u00e7\u00e3o.<\/p>\n","protected":false},"featured_media":2526,"template":"","meta":{"_seopress_robots_primary_cat":"54","_seopress_titles_title":"","_seopress_titles_desc":"Altifalante de rede ZYCOO SW15 \u00e9 um altifalante externo, protocolo SIP, de alto desempenho que pode ser usado para pagina\u00e7\u00e3o SIP, transmiss\u00e3o de notifica\u00e7\u00e3o\/tom e streaming de m\u00fasica. As unidades de acionamento de alta efici\u00eancia e gama completa fornecer\u00e3o uma experi\u00eancia \u00fanica. E foi projetado para aplica\u00e7\u00f5es onde a cobertura \u00e9 a principal preocupa\u00e7\u00e3o.","_seopress_robots_index":""},"product_brand":[277],"product_cat":[54,168],"product_tag":[100,104],"class_list":{"0":"post-2018","1":"product","2":"type-product","3":"status-publish","4":"has-post-thumbnail","6":"product_brand-zycoo","7":"product_cat-voip-e-seus-componentes","8":"product_cat-zycoo","9":"product_tag-zycoo","10":"product_tag-zycoo-anuncio","12":"first","13":"onbackorder","14":"taxable","15":"shipping-taxable","16":"purchasable","17":"product-type-simple"},"_links":{"self":[{"href":"https:\/\/www.nprovit.com\/publicacoes\/wp-json\/wp\/v2\/product\/2018","targetHints":{"allow":["GET"]}}],"collection":[{"href":"https:\/\/www.nprovit.com\/publicacoes\/wp-json\/wp\/v2\/product"}],"about":[{"href":"https:\/\/www.nprovit.com\/publicacoes\/wp-json\/wp\/v2\/types\/product"}],"wp:featuredmedia":[{"embeddable":true,"href":"https:\/\/www.nprovit.com\/publicacoes\/wp-json\/wp\/v2\/media\/2526"}],"wp:attachment":[{"href":"https:\/\/www.nprovit.com\/publicacoes\/wp-json\/wp\/v2\/media?parent=2018"}],"wp:term":[{"taxonomy":"product_brand","embeddable":true,"href":"https:\/\/www.nprovit.com\/publicacoes\/wp-json\/wp\/v2\/product_brand?post=2018"},{"taxonomy":"product_cat","embeddable":true,"href":"https:\/\/www.nprovit.com\/publicacoes\/wp-json\/wp\/v2\/product_cat?post=2018"},{"taxonomy":"product_tag","embeddable":true,"href":"https:\/\/www.nprovit.com\/publicacoes\/wp-json\/wp\/v2\/product_tag?post=2018"}],"curies":[{"name":"wp","href":"https:\/\/api.w.org\/{rel}","templated":true}]}}