{"id":2016,"date":"2024-02-24T19:01:30","date_gmt":"2024-02-24T19:01:30","guid":{"rendered":"https:\/\/www.nprovit.com\/publicacoes\/produto\/placa-de-expansao-zycoo-1xpri-1x-e1-t1-compat-centrais-coovox-u80-e-u100\/"},"modified":"2025-04-24T23:47:31","modified_gmt":"2025-04-24T22:47:31","slug":"placa-de-expansao-zycoo-1xpri-1x-e1-t1-compat-centrais-coovox-u80-e-u100","status":"publish","type":"product","link":"https:\/\/www.nprovit.com\/publicacoes\/produto\/placa-de-expansao-zycoo-1xpri-1x-e1-t1-compat-centrais-coovox-u80-e-u100\/","title":{"rendered":"Placa de expans\u00e3o ZyCoo 1xPRI (1x E1\/T1), compat. centrais Coovox U80 e U100"},"content":{"rendered":"<p>Datasheet:<\/p>\n<p><a href=\"https:\/\/www.nprovit.com\/publicacoes\/?attachment_id=2750\" rel=\"attachment wp-att-2750\">CooVox-1PRI Module Datasheet<\/a><\/p>\n","protected":false},"excerpt":{"rendered":"<p>Placa ZyCoo 1E1\/T1 (PRI) para as Centrais telef\u00f3nicas VoIP ZyCoo CooVox U80 e U100 v2. Com 1 porta PRI, este m\u00f3dulo permite fazer liga\u00e7\u00e3o a um acesso prim\u00e1rio PRI (1E1\/T1) para fornecimento de canais de voz. \u00c9 baseado nas linhas E1 e T1, permitindo a utiliza\u00e7\u00e3o de 30 canais de comunica\u00e7\u00e3o em simult\u00e2neo.<\/p>\n","protected":false},"featured_media":2746,"template":"","meta":{"_seopress_robots_primary_cat":"54","_seopress_titles_title":"","_seopress_titles_desc":"Placa ZyCoo 1E1\/T1 (PRI) para as Centrais telef\u00f3nicas VoIP ZyCoo CooVox U80 e U100 v2. Com 1 porta PRI, este m\u00f3dulo permite fazer liga\u00e7\u00e3o a um acesso prim\u00e1rio PRI (1E1\/T1) para fornecimento de canais de voz. \u00c9 baseado nas linhas E1 e T1, permitindo a utiliza\u00e7\u00e3o de 30 canais de comunica\u00e7\u00e3o em simult\u00e2neo.","_seopress_robots_index":""},"product_brand":[277],"product_cat":[54,168],"product_tag":[110,108,107,102],"class_list":{"0":"post-2016","1":"product","2":"type-product","3":"status-publish","4":"has-post-thumbnail","6":"product_brand-zycoo","7":"product_cat-voip-e-seus-componentes","8":"product_cat-zycoo","9":"product_tag-zycoo-ip-pbx","10":"product_tag-zycoo-pbx","11":"product_tag-zycoo-phone-system","12":"product_tag-zycoo-voip","14":"first","15":"instock","16":"taxable","17":"shipping-taxable","18":"purchasable","19":"product-type-simple"},"_links":{"self":[{"href":"https:\/\/www.nprovit.com\/publicacoes\/wp-json\/wp\/v2\/product\/2016","targetHints":{"allow":["GET"]}}],"collection":[{"href":"https:\/\/www.nprovit.com\/publicacoes\/wp-json\/wp\/v2\/product"}],"about":[{"href":"https:\/\/www.nprovit.com\/publicacoes\/wp-json\/wp\/v2\/types\/product"}],"wp:featuredmedia":[{"embeddable":true,"href":"https:\/\/www.nprovit.com\/publicacoes\/wp-json\/wp\/v2\/media\/2746"}],"wp:attachment":[{"href":"https:\/\/www.nprovit.com\/publicacoes\/wp-json\/wp\/v2\/media?parent=2016"}],"wp:term":[{"taxonomy":"product_brand","embeddable":true,"href":"https:\/\/www.nprovit.com\/publicacoes\/wp-json\/wp\/v2\/product_brand?post=2016"},{"taxonomy":"product_cat","embeddable":true,"href":"https:\/\/www.nprovit.com\/publicacoes\/wp-json\/wp\/v2\/product_cat?post=2016"},{"taxonomy":"product_tag","embeddable":true,"href":"https:\/\/www.nprovit.com\/publicacoes\/wp-json\/wp\/v2\/product_tag?post=2016"}],"curies":[{"name":"wp","href":"https:\/\/api.w.org\/{rel}","templated":true}]}}