{"id":2014,"date":"2024-02-24T19:01:27","date_gmt":"2024-02-24T19:01:27","guid":{"rendered":"https:\/\/www.nprovit.com\/publicacoes\/produto\/zycoo-sip-safety-intercom-ia03\/"},"modified":"2025-04-24T23:45:09","modified_gmt":"2025-04-24T22:45:09","slug":"zycoo-sip-safety-intercom-ia03","status":"publish","type":"product","link":"https:\/\/www.nprovit.com\/publicacoes\/produto\/zycoo-sip-safety-intercom-ia03\/","title":{"rendered":"ZyCoo SIP Safety Intercom IA03"},"content":{"rendered":"<p>Equipamento em EOL<\/p>\n<p>&nbsp;<\/p>\n<p>Specifications:<\/p>\n<ul>\n<li>Speaker Component: \u2205 40mm x 12.7mm (1.6 x 0.5 in)<\/li>\n<li>Sensitivity: 90\u00b13dB<\/li>\n<li>Distortion: &lt;10%, 1000Hz 0.1W\/1M<\/li>\n<li>Rated Power: 3W<\/li>\n<li>Maximum Power: 4W<\/li>\n<li>Frequency Range: 630Hz \u2013 4.5Khz<\/li>\n<li>Acoustics: Mono<\/li>\n<li>Microphone: -36\u00b12dB RL=2.2K Vs=2.0V<\/li>\n<\/ul>\n","protected":false},"excerpt":{"rendered":"<div class=\"post-content woocommerce-product-details__short-description\">\n<div id=\"short_description_content\" class=\"rte align_justify\">\n<p><span class=\"HwtZe\" lang=\"pt\"><span class=\"jCAhz ChMk0b\"><span class=\"ryNqvb\">O Intercomunicador de Seguran\u00e7a ZyCoo S\u00e9rie IV est\u00e1 dispon\u00edvel em dois modelos, projetados para atender \u00e0s necessidades e requisitos de diversas aplica\u00e7\u00f5es e tipos de instala\u00e7\u00e3o.<\/span><\/span> <span class=\"jCAhz ChMk0b\"><span class=\"ryNqvb\">Todos os modelos oferecem comunica\u00e7\u00e3o full-duplex e controle de acesso seguro para seu sistema VoIP.<\/span><\/span><\/span><\/p>\n<\/div>\n<\/div>\n","protected":false},"featured_media":2782,"template":"","meta":{"_seopress_robots_primary_cat":"54","_seopress_titles_title":"","_seopress_titles_desc":"O Intercomunicador de Seguran\u00e7a ZyCoo S\u00e9rie IV est\u00e1 dispon\u00edvel em dois modelos, projetados para atender \u00e0s necessidades e requisitos de diversas aplica\u00e7\u00f5es e tipos de instala\u00e7\u00e3o. Todos os modelos oferecem comunica\u00e7\u00e3o full-duplex e controle de acesso seguro para seu sistema VoIP.","_seopress_robots_index":""},"product_brand":[277],"product_cat":[54,168],"product_tag":[183,181,100,180,102],"class_list":{"0":"post-2014","1":"product","2":"type-product","3":"status-publish","4":"has-post-thumbnail","6":"product_brand-zycoo","7":"product_cat-voip-e-seus-componentes","8":"product_cat-zycoo","9":"product_tag-intercomunicador","10":"product_tag-video-porteiro-ip","11":"product_tag-zycoo","12":"product_tag-zycoo-video-porteiro","13":"product_tag-zycoo-voip","15":"first","16":"outofstock","17":"taxable","18":"shipping-taxable","19":"purchasable","20":"product-type-simple"},"_links":{"self":[{"href":"https:\/\/www.nprovit.com\/publicacoes\/wp-json\/wp\/v2\/product\/2014","targetHints":{"allow":["GET"]}}],"collection":[{"href":"https:\/\/www.nprovit.com\/publicacoes\/wp-json\/wp\/v2\/product"}],"about":[{"href":"https:\/\/www.nprovit.com\/publicacoes\/wp-json\/wp\/v2\/types\/product"}],"wp:featuredmedia":[{"embeddable":true,"href":"https:\/\/www.nprovit.com\/publicacoes\/wp-json\/wp\/v2\/media\/2782"}],"wp:attachment":[{"href":"https:\/\/www.nprovit.com\/publicacoes\/wp-json\/wp\/v2\/media?parent=2014"}],"wp:term":[{"taxonomy":"product_brand","embeddable":true,"href":"https:\/\/www.nprovit.com\/publicacoes\/wp-json\/wp\/v2\/product_brand?post=2014"},{"taxonomy":"product_cat","embeddable":true,"href":"https:\/\/www.nprovit.com\/publicacoes\/wp-json\/wp\/v2\/product_cat?post=2014"},{"taxonomy":"product_tag","embeddable":true,"href":"https:\/\/www.nprovit.com\/publicacoes\/wp-json\/wp\/v2\/product_tag?post=2014"}],"curies":[{"name":"wp","href":"https:\/\/api.w.org\/{rel}","templated":true}]}}