{"id":2013,"date":"2024-02-24T19:01:26","date_gmt":"2024-02-24T19:01:26","guid":{"rendered":"https:\/\/www.nprovit.com\/publicacoes\/produto\/telefone-voip-zycoo-h83-lcd-2-8-a-cores\/"},"modified":"2025-05-09T18:14:03","modified_gmt":"2025-05-09T17:14:03","slug":"telefone-voip-zycoo-h83-lcd-2-8-a-cores","status":"publish","type":"product","link":"https:\/\/www.nprovit.com\/publicacoes\/produto\/telefone-voip-zycoo-h83-lcd-2-8-a-cores\/","title":{"rendered":"Telefone VOIP ZyCoo H83 &#8211; LCD 2.8&#8221; a Cores"},"content":{"rendered":"<table width=\"699\">\n<tbody>\n<tr>\n<td><strong>Call Features<\/strong><\/p>\n<p>Answer \/ Reject Calls<br \/>\nMute \/ Unmute (microphone)<br \/>\nCall Hold \/ Resume<br \/>\nCall Waiting<br \/>\nIntercom<br \/>\nCaller ID Display<br \/>\nSpeed Dial<br \/>\nAnonymous Call (Hide Caller ID)<br \/>\nCall Forwarding (Always\/Busy\/No Answer)<br \/>\nBlind \/ Attended Call Transfer<br \/>\nCall Parking \/ Pick-up<br \/>\nRedial\/Auto-Redial<br \/>\nDo-Not-Disturb (per line \/ per phone)<br \/>\nAuto-Answering (per line)<br \/>\n3-way Conference<br \/>\nHot Line<\/p>\n<p><strong>Phone Features<\/strong><\/p>\n<p>4 SIP Lines<br \/>\nHD Voice<br \/>\nHandset \/ Hands-free \/ Headset mode<br \/>\nPhonebook (500 entries)<br \/>\nRemote Phonebook (XML\/LDAP)<br \/>\nCall log (600 entries, in\/out\/missed)<br \/>\nBlack\/White List Call Filtering<br \/>\nMessage Waiting Indication (MWI)<br \/>\nProgrammable Soft keys<br \/>\nNetwork Time Synchronization<br \/>\nAction URL \/ Active URI<br \/>\nIndustrial Standard Certifications: CE\/FCC<\/p>\n<p><strong>Audio<\/strong><\/p>\n<p>HD Voice Microphone\/Speaker<br \/>\nWideband ADC\/DAC 16KHz Sampling<br \/>\nCodecs: G.711a\/u, G.723.1, G.726-32K,G.729AB, G.722<br \/>\nFull-duplex Acoustic Echo Canceller (AEC)<br \/>\nVoice Activity Detection (VAD)<br \/>\nComfort Noise Generation (CNG)<br \/>\nBackground Noise Estimation (BNE)<br \/>\nNoise Reduction (NR)<br \/>\nPacket Loss Concealment (PLC)<br \/>\nDynamic Adaptive Jitter Buffer up to 300ms<br \/>\nDTMF: In-band, Out-of-Band \u2013 DTMF-Relay(RFC2833) \/ SIP INFO<\/p>\n<p>&nbsp;<\/p>\n<p><strong>Networking<\/strong><\/p>\n<p>10\/100Mbps Ethernet, dual bridged port for PC bypass<br \/>\nIP Configuration: Static \/ DHCP \/ PPPoE<br \/>\nNetwork Access Control: 802.1x<br \/>\nVPN: L2TP (Basic Unencrypted) \/ OpenVPN<br \/>\nVLAN<br \/>\nQoS<\/p>\n<p>&nbsp;<\/td>\n<td><strong>Protocols<\/strong><\/p>\n<p>SIP2.0 over UDP\/TCP\/TLS<br \/>\nRTP\/RTCP\/SRTP<br \/>\nSTUN<br \/>\nDHCP<br \/>\nPPPoE<br \/>\n802.1x<br \/>\nSNTP<br \/>\nFTP\/TFTP<br \/>\nHTTP\/HTTPS<br \/>\nTR069<\/p>\n<p>&nbsp;<\/p>\n<p><strong>RFCs<\/strong><\/p>\n<p>354\/1321\/1350\/1769\/1889\/1890\/2131\/2132\/2616\/<br \/>\n2617\/2661\/2833\/2976\/3261\/3262\/3263\/3264\/3265<br \/>\n\/3268\/3311\/3489\/3711\/4346\/4566\/5630\/5865<\/p>\n<p>&nbsp;<\/p>\n<p><strong>Deployment &amp; Maintenance<\/strong><\/p>\n<p>Auto-Provisioning via<br \/>\nFTP\/TFTP\/HTTP\/HTTPS\/DHCPOPT66\/SIP PNP\/TR069<br \/>\nWeb Management Portal<br \/>\nWeb-based Packet-dump<br \/>\nConfiguration Export \/ Import<br \/>\nPhonebook Import\/Export<br \/>\nFirmware Upgrade<br \/>\nSyslog<\/p>\n<p>&nbsp;<\/p>\n<p><strong>Specifications<\/strong><\/p>\n<p>Screen: 2.8 inch (320&#215;240) LCD color-screen with backlight<br \/>\nHD Handset :RJ9<br \/>\nNetwork Interfaces &#8211; Network :10\/100Mbps(802.3AF POE Class 1 Enabled (H81P))<br \/>\n&#8211; PC:10\/100Mbps (Bridged to network)<br \/>\nHD Hands-free Speaker:0~7KHz<br \/>\nHD Hands-free Microphone:0~7KHz<br \/>\nRJ9 Phone port -Handset<br \/>\n-Headset<br \/>\nKeypad (39 keys)\u00a0\u00a0 \u00a0&#8211; 4 Soft-keys<br \/>\n&#8211; 7 Function keys<br \/>\n&#8211; 4 Navigation keys + 1 OK key<br \/>\n&#8211; 12 Standard Phone Digits keys<br \/>\n&#8211; 2 Volume Control keys, Up\/Down<br \/>\n&#8211; 1 Hands-free key<br \/>\nPower Input : DC 5V\/0.6A<br \/>\nPower Consumption: \u00a0\u00a0 \u00a0&#8211; Idle: 1.3W<br \/>\n&#8211; Peak :4.3W<br \/>\nWorking Temperature: 0~40\u00b0C<br \/>\nWorking Humidity:10~65%<br \/>\nInstallation:\u00a0\u00a0 \u00a0&#8211; Desktop<br \/>\n&#8211; Wall-mount<br \/>\nColor: Black<br \/>\nPackage Dimension: 260x255x62mm (L x W x H)<\/td>\n<\/tr>\n<\/tbody>\n<\/table>\n<p>Datasheet (EN)<\/p>\n<p><a href=\"https:\/\/www.nprovit.com\/publicacoes\/?attachment_id=2752\" rel=\"attachment wp-att-2752\">CooFone-H83_Datasheet(EN)<\/a><\/p>\n<p>Manual (EN)<\/p>\n<p><a href=\"https:\/\/www.nprovit.com\/publicacoes\/?attachment_id=2753\" rel=\"attachment wp-att-2753\">CooFone-H83_User_Manual(EN)<\/a><\/p>\n<p>&nbsp;<\/p>\n","protected":false},"excerpt":{"rendered":"<p><span id=\"result_box\" lang=\"pt\">Os telefones ZyCoo CooFone H83 s\u00e3o telefones IP com LCD colorido de 2.8&#8243;, projetados para utilizadores mais exigentes a pre\u00e7os acess\u00edveis.<br \/>\nQuatro contas SIP suportadas e 8 teclas program\u00e1veis, permitindo at\u00e9 4 p\u00e1ginas de atalhos.<\/span><span id=\"result_box\" lang=\"pt\"><\/span><\/p>\n","protected":false},"featured_media":2754,"template":"","meta":{"_seopress_robots_primary_cat":"42","_seopress_titles_title":"","_seopress_titles_desc":"Os telefones ZyCoo CooFone H83 s\u00e3o telefones IP com LCD colorido de 2.8\", projetados para utilizadores mais exigentes a pre\u00e7os acess\u00edveis.Quatro contas SIP suportadas e 8 teclas program\u00e1veis, permitindo at\u00e9 4 p\u00e1ginas de atalhos.","_seopress_robots_index":""},"product_brand":[277],"product_cat":[42,168],"product_tag":[171,172,272,170,100,106,102],"class_list":{"0":"post-2013","1":"product","2":"type-product","3":"status-publish","4":"has-post-thumbnail","6":"product_brand-zycoo","7":"product_cat-telefones-voip","8":"product_cat-zycoo","9":"product_tag-ip-phone","10":"product_tag-telefone-ip","11":"product_tag-telefone-voip","12":"product_tag-telefone-zycoo","13":"product_tag-zycoo","14":"product_tag-zycoo-phone","15":"product_tag-zycoo-voip","17":"first","18":"outofstock","19":"taxable","20":"shipping-taxable","21":"purchasable","22":"product-type-simple"},"_links":{"self":[{"href":"https:\/\/www.nprovit.com\/publicacoes\/wp-json\/wp\/v2\/product\/2013","targetHints":{"allow":["GET"]}}],"collection":[{"href":"https:\/\/www.nprovit.com\/publicacoes\/wp-json\/wp\/v2\/product"}],"about":[{"href":"https:\/\/www.nprovit.com\/publicacoes\/wp-json\/wp\/v2\/types\/product"}],"wp:featuredmedia":[{"embeddable":true,"href":"https:\/\/www.nprovit.com\/publicacoes\/wp-json\/wp\/v2\/media\/2754"}],"wp:attachment":[{"href":"https:\/\/www.nprovit.com\/publicacoes\/wp-json\/wp\/v2\/media?parent=2013"}],"wp:term":[{"taxonomy":"product_brand","embeddable":true,"href":"https:\/\/www.nprovit.com\/publicacoes\/wp-json\/wp\/v2\/product_brand?post=2013"},{"taxonomy":"product_cat","embeddable":true,"href":"https:\/\/www.nprovit.com\/publicacoes\/wp-json\/wp\/v2\/product_cat?post=2013"},{"taxonomy":"product_tag","embeddable":true,"href":"https:\/\/www.nprovit.com\/publicacoes\/wp-json\/wp\/v2\/product_tag?post=2013"}],"curies":[{"name":"wp","href":"https:\/\/api.w.org\/{rel}","templated":true}]}}