{"id":2010,"date":"2024-02-24T19:01:19","date_gmt":"2024-02-24T19:01:19","guid":{"rendered":"https:\/\/www.nprovit.com\/publicacoes\/produto\/zycoo-sip-safety-video-intercom-ei-v05\/"},"modified":"2025-04-24T23:39:52","modified_gmt":"2025-04-24T22:39:52","slug":"zycoo-sip-safety-video-intercom-ei-v05","status":"publish","type":"product","link":"https:\/\/www.nprovit.com\/publicacoes\/produto\/zycoo-sip-safety-video-intercom-ei-v05\/","title":{"rendered":"ZyCoo SIP Safety Video Intercom Ei-V05"},"content":{"rendered":"<p><span class=\"HwtZe\" lang=\"pt\"><span class=\"jCAhz ChMk0b\"><span class=\"ryNqvb\">Ideal para qualquer ambiente, como instala\u00e7\u00f5es comerciais, escolas e universidades, instala\u00e7\u00f5es m\u00e9dicas, armaz\u00e9ns, estabelecimentos de retalho, entre outras, integrando perfeitamente na sua solu\u00e7\u00e3o privada de comunica\u00e7\u00e3o IP.<br \/>\n<\/span><\/span><\/span><\/p>\n<p><span class=\"HwtZe\" lang=\"pt\"><span class=\"jCAhz ChMk0b\"><span class=\"ryNqvb\">Instala\u00e7\u00e3o embutida ou, em op\u00e7\u00e3o, instala\u00e7\u00e3o em superf\u00edcie, mediante a aquisi\u00e7\u00e3o em separado do acess\u00f3rio SMB-EZ.<\/span><\/span><\/span><\/p>\n<p><span class=\"HwtZe\" lang=\"pt\"><span class=\"jCAhz ChMk0b\"><span class=\"ryNqvb\">Constru\u00eddos em alum\u00ednio.<\/span><\/span><\/span><\/p>\n<p><span class=\"HwtZe\" lang=\"pt\"><span class=\"jCAhz ChMk0b\"><span class=\"ryNqvb\">Datasheet (EN)<br \/>\n<\/span><\/span><\/span><\/p>\n<p><a href=\"https:\/\/www.nprovit.com\/publicacoes\/?attachment_id=2803\" rel=\"attachment wp-att-2803\">Ei_Safety_Intercom_Datasheet_v1.0.1(EN)<\/a><\/p>\n<p>Guia de Instala\u00e7\u00e3o r\u00e1pida (EN)<\/p>\n<p><a href=\"https:\/\/www.nprovit.com\/publicacoes\/?attachment_id=2804\" rel=\"attachment wp-att-2804\">Ei_Safety_Intercom_Quick_Installation_Guide(EN)<\/a><\/p>\n<p>Manual de utilizador\/administra\u00e7\u00e3o (EN)<\/p>\n<p><a href=\"https:\/\/www.nprovit.com\/publicacoes\/?attachment_id=2805\" rel=\"attachment wp-att-2805\">Ei_Safety_Intercom_User_Guide_v1.0.4.1(EN)<\/a><\/p>\n<p>&nbsp;<\/p>\n<p>&nbsp;<\/p>\n<table class=\"table table-bordered table-dark text-center\">\n<thead>\n<tr>\n<th>Item<\/th>\n<th>Specs<\/th>\n<th>Ei-V05<\/th>\n<th>Ei-A05 \/ Ei-D05 \/ Ei-W05<\/th>\n<\/tr>\n<\/thead>\n<tbody>\n<tr>\n<td class=\"align-middle\" rowspan=\"7\">Speaker<\/td>\n<td>Drive Unit<\/td>\n<td class=\"align-middle\" colspan=\"2\">\u03a640 full frequency drive unit<\/td>\n<\/tr>\n<tr>\n<td>Sensitivity<\/td>\n<td class=\"align-middle\" colspan=\"2\">96\u00b13dB\/1M\/1W<\/td>\n<\/tr>\n<tr>\n<td>Distortion<\/td>\n<td class=\"align-middle\" colspan=\"2\">&lt;1%<\/td>\n<\/tr>\n<tr>\n<td>Amplifier<\/td>\n<td class=\"align-middle\" colspan=\"2\">5W Single Channel D-class<\/td>\n<\/tr>\n<tr>\n<td>Rated Power<\/td>\n<td class=\"align-middle\" colspan=\"2\">8\u03a9 5W<\/td>\n<\/tr>\n<tr>\n<td>Frequency Range<\/td>\n<td class=\"align-middle\" colspan=\"2\">100Hz &#8211; 20KHz<\/td>\n<\/tr>\n<tr>\n<td>Acoustics<\/td>\n<td class=\"align-middle\" colspan=\"2\">Mono<\/td>\n<\/tr>\n<tr>\n<td colspan=\"2\">Microphone<\/td>\n<td class=\"align-middle\" colspan=\"2\">-36\u00b12 dB<\/td>\n<\/tr>\n<tr>\n<td class=\"align-middle\" rowspan=\"2\">Audio Compression<\/td>\n<td>Audio Codecs<\/td>\n<td class=\"align-middle\" colspan=\"2\">G.722, G.711 A-law, G.711 U-law, Opus<\/td>\n<\/tr>\n<tr>\n<td>Music Streaming<\/td>\n<td class=\"align-middle\" colspan=\"2\">MP3 sampling rate 8-48KHz, bit rate 64-320kbps, mono or stereo<\/td>\n<\/tr>\n<tr>\n<td rowspan=\"2\">Video<\/td>\n<td>Camera<\/td>\n<td class=\"align-middle\">1280*720@20fps, 640*360@20fps<\/td>\n<td class=\"align-middle\">N\/A<\/td>\n<\/tr>\n<tr>\n<td>Video Codec<\/td>\n<td class=\"align-middle\">H.264<\/td>\n<td class=\"align-middle\">N\/A<\/td>\n<\/tr>\n<tr>\n<td class=\"align-middle\" rowspan=\"2\">Network<\/td>\n<td>Network Interface<\/td>\n<td class=\"align-middle\">10\/100Mbps, PoE IEEE802.3at<\/td>\n<td class=\"align-middle\">10\/100Mbps, PoE IEEE802.3af\/at<\/td>\n<\/tr>\n<tr>\n<td class=\"align-middle\">Protocols<\/td>\n<td class=\"align-middle\" colspan=\"2\">SIP(RFC3261), HTTP, TCP\/IP, SSL, DNS, SNTP, NTP, RTSP, RTP, RTCP, TCP, UDP, MQTT, ICMP, DHCP, ARP, SSH<\/td>\n<\/tr>\n<tr>\n<td class=\"align-middle\" rowspan=\"2\">Administration<\/td>\n<td>Configuration<\/td>\n<td class=\"align-middle\" colspan=\"2\">Web interface or auto provisioning server<\/td>\n<\/tr>\n<tr>\n<td>Provisioning method<\/td>\n<td class=\"align-middle\" colspan=\"2\">MQTT IoT Protocol<\/td>\n<\/tr>\n<tr>\n<td class=\"align-middle\" rowspan=\"6\">Mechanical Properties<\/td>\n<td>Memory<\/td>\n<td class=\"align-middle\" colspan=\"2\">128MB RAM, 256MB Flash<\/td>\n<\/tr>\n<tr>\n<td>Power input<\/td>\n<td>PoE IEEE802.3 at or DC 12V-2A<\/td>\n<td>PoE IEEE802.3 af\/at or DC 12V-1A<\/td>\n<\/tr>\n<tr>\n<td>Material<\/td>\n<td colspan=\"2\">Corrosion-resistant aluminum<\/td>\n<\/tr>\n<tr>\n<td>Color<\/td>\n<td colspan=\"2\">Silver<\/td>\n<\/tr>\n<tr>\n<td>Weight<\/td>\n<td colspan=\"2\">500g<\/td>\n<\/tr>\n<tr>\n<td>Dimension<\/td>\n<td colspan=\"2\">162*100*44mm<\/td>\n<\/tr>\n<tr>\n<td class=\"align-middle\" rowspan=\"4\">Environmental<\/td>\n<td>Installation<\/td>\n<td colspan=\"2\">Indoor\/Outdoor<\/td>\n<\/tr>\n<tr>\n<td>Operating temperature<\/td>\n<td class=\"align-middle\" colspan=\"2\">-20\u00b0C ~ 50\u00b0C (-4\u00b0F ~ 122\u00b0F)<\/td>\n<\/tr>\n<tr>\n<td>Storage temperature<\/td>\n<td class=\"align-middle\" colspan=\"2\">-40\u00b0C ~ 70\u00b0C (-40\u00b0F ~ 158\u00b0F)<\/td>\n<\/tr>\n<tr>\n<td>Humidity<\/td>\n<td class=\"align-middle\" colspan=\"2\">10% ~ 95% RH Non-condensing<\/td>\n<\/tr>\n<tr>\n<td class=\"align-middle\" colspan=\"2\">Approvals<\/td>\n<td colspan=\"2\">EN IEC 62368-1:2020+A11:2020<br \/>\nEN 55032:2015\/A11:2020\/EN 55035:2017\/A11:2020\/ENIEC61000-3-2:2019\/EN61000-3-3:2013\/A1:2019<br \/>\nFCC Part 15B<\/td>\n<\/tr>\n<\/tbody>\n<\/table>\n","protected":false},"excerpt":{"rendered":"<div class=\"post-content woocommerce-product-details__short-description\">\n<div class=\"post-content woocommerce-product-details__short-description\">\n<div id=\"short_description_content\" class=\"rte align_justify\">\n<p><span class=\"HwtZe\" lang=\"pt\"><span class=\"jCAhz ChMk0b\"><span class=\"ryNqvb\">O Intercomunicador de Seguran\u00e7a ZyCoo S\u00e9rie EI est\u00e1 dispon\u00edvel em quatro modelos, projetados para atender \u00e0s necessidades e requisitos de diversas aplica\u00e7\u00f5es e tipos de instala\u00e7\u00e3o.<\/span><\/span> <span class=\"jCAhz ChMk0b\"><span class=\"ryNqvb\">Todos os modelos oferecem comunica\u00e7\u00e3o full-duplex e controle de acesso seguro para seu sistema VoIP. Ideal para qualquer ambiente como instala\u00e7\u00f5es comerciais, escolas e universidades, instala\u00e7\u00f5es m\u00e9dicas, armaz\u00e9ns e estabelecimentos comerciais.<br \/>\n<\/span><\/span><\/span><\/p>\n<p>&nbsp;<\/p>\n<\/div>\n<\/div>\n<\/div>\n","protected":false},"featured_media":2796,"template":"","meta":{"_seopress_robots_primary_cat":"54","_seopress_titles_title":"","_seopress_titles_desc":"O Intercomunicador de Seguran\u00e7a ZyCoo S\u00e9rie EI est\u00e1 dispon\u00edvel em quatro modelos, projetados para atender \u00e0s necessidades e requisitos de diversas aplica\u00e7\u00f5es e tipos de instala\u00e7\u00e3o. Todos os modelos oferecem comunica\u00e7\u00e3o full-duplex e controle de acesso seguro para seu sistema VoIP. Ideal para qualquer ambiente como instala\u00e7\u00f5es comerciais, escolas e universidades, instala\u00e7\u00f5es m\u00e9dicas, armaz\u00e9ns e estabelecimentos comerciais.","_seopress_robots_index":""},"product_brand":[277],"product_cat":[57,54,168],"product_tag":[183,181,100,180,102],"class_list":{"0":"post-2010","1":"product","2":"type-product","3":"status-publish","4":"has-post-thumbnail","6":"product_brand-zycoo","7":"product_cat-video-porteiros","8":"product_cat-voip-e-seus-componentes","9":"product_cat-zycoo","10":"product_tag-intercomunicador","11":"product_tag-video-porteiro-ip","12":"product_tag-zycoo","13":"product_tag-zycoo-video-porteiro","14":"product_tag-zycoo-voip","16":"first","17":"instock","18":"taxable","19":"shipping-taxable","20":"purchasable","21":"product-type-simple"},"_links":{"self":[{"href":"https:\/\/www.nprovit.com\/publicacoes\/wp-json\/wp\/v2\/product\/2010","targetHints":{"allow":["GET"]}}],"collection":[{"href":"https:\/\/www.nprovit.com\/publicacoes\/wp-json\/wp\/v2\/product"}],"about":[{"href":"https:\/\/www.nprovit.com\/publicacoes\/wp-json\/wp\/v2\/types\/product"}],"wp:featuredmedia":[{"embeddable":true,"href":"https:\/\/www.nprovit.com\/publicacoes\/wp-json\/wp\/v2\/media\/2796"}],"wp:attachment":[{"href":"https:\/\/www.nprovit.com\/publicacoes\/wp-json\/wp\/v2\/media?parent=2010"}],"wp:term":[{"taxonomy":"product_brand","embeddable":true,"href":"https:\/\/www.nprovit.com\/publicacoes\/wp-json\/wp\/v2\/product_brand?post=2010"},{"taxonomy":"product_cat","embeddable":true,"href":"https:\/\/www.nprovit.com\/publicacoes\/wp-json\/wp\/v2\/product_cat?post=2010"},{"taxonomy":"product_tag","embeddable":true,"href":"https:\/\/www.nprovit.com\/publicacoes\/wp-json\/wp\/v2\/product_tag?post=2010"}],"curies":[{"name":"wp","href":"https:\/\/api.w.org\/{rel}","templated":true}]}}