{"id":2007,"date":"2024-02-24T19:01:15","date_gmt":"2024-02-24T19:01:15","guid":{"rendered":"https:\/\/www.nprovit.com\/publicacoes\/produto\/adaptador-zycoo-audio-voip-b20\/"},"modified":"2025-04-24T23:11:00","modified_gmt":"2025-04-24T22:11:00","slug":"adaptador-zycoo-audio-voip-b20","status":"publish","type":"product","link":"https:\/\/www.nprovit.com\/publicacoes\/produto\/adaptador-zycoo-audio-voip-b20\/","title":{"rendered":"Adaptador Zycoo audio\/VOIP B20"},"content":{"rendered":"<p>The ZYCOO iSpeaker B20 SIP based audio system.<\/p>\n<p>iSpeaker B20 utilizes the built-in intercom and paging capability already inherent in most modern IPPBX systems and enhances this to improve end user experience by providing a dedicated high performance digital amplifier on which to broadcast announcements or play background music.<\/p>\n<p>It is an ideal solution to deploy in all types of environments including schools, offices, airports, and other public spaces. For additional functionality, an IP video camera can be configured to connect to iSpeaker C20 and the resulting high definition images are transmitted to monitors located in assigned rooms.<\/p>\n<p>The SIP based, ZYCOO iSpeaker C20 is compatible with any brand of SIP Phones so an announcement via iSpeaker B20 can easily be effected by initiating a call from a SIP phones via its handset, headset or handsfree mode. The 2.5 Watt amplifier will provide sufficient coverage to the assigned rooms or spaces.<\/p>\n<p>Aside from announcements, the simple intercom is supported with a 3.5mm standard I\/O interface. This simple intercom will adapt to the specific needs of some specialist requirements such as for instance use by the military etc. Remote access to the web interface provides remote control and configuration of your iSpeaker B20 if the unit is located in other rooms or floors. Additionally there are 4 freely programmable pins that can be used for controlling the peripheral devices around iSpeaker B20. In conclusion, iSpeaker B20 is the most flexible solution for IP Speaker, intercom, conference and door phone system.<\/p>\n<p>The new ZYCOO family member will hopefully bring SMBs a wonderful communication experience.<\/p>\n<p><strong>Basic Features<\/strong><br \/>\nSupport G.711,G.722,G.723,G.726,G.729 audio codecs;<br \/>\nSupport SIP2.0 (3621)and related RFC protocol;<br \/>\nThe DSP integrated echo cancellation and noise suppression. If special or higher requirement for voice quality is required then ZYCOO hardware echo cancellation module is an excellent choice.<br \/>\nEasy management and configuration from Web interface.<br \/>\nSupport encrypted communication;<\/p>\n<p><strong>Specification <\/strong><\/p>\n<p><strong>Basic Information<\/strong><br \/>\nTelephony Protocol: SIP 2.0(RFC3261)<br \/>\nCPU: MIPS+DSP<br \/>\nKeypad Expansion: Support 4\u00d76 for a total of 24 keys.<\/p>\n<p><strong>Voice<\/strong><br \/>\nMicrophone: 1 onboard connector<br \/>\nSpeaker Output: 2.5W<br \/>\nHandset: 3.5mm standard put\/output interface<br \/>\nDSP: Support echo cancellation and noise suppression<\/p>\n<p><strong>Voice Flood<\/strong><br \/>\nSupported protocol: RTP<br \/>\nCodec: G.711,G.722,G.723,G.726,G.729, etc..<\/p>\n<p><strong>Other Interface<\/strong><br \/>\nInput Power: 5V\/1A DC<br \/>\nLAN: 2&#215;10\/100BASE-T s Auto-MDIX, RJ45<br \/>\nRS232: Optional<br \/>\nGPIO: 4 programmable output pins<\/p>\n","protected":false},"excerpt":{"rendered":"<p><span class=\"HwtZe\" lang=\"pt\"><span class=\"jCAhz ChMk0b\"><span class=\"ryNqvb\">O sistema de \u00e1udio baseado em SIP ZYCOO iSpeaker B20, utiliza a capacidade integrada de intercomunica\u00e7\u00e3o e paging j\u00e1 inerente \u00e0 maioria dos sistemas IPPBX modernos e aprimora isso para melhorar a experi\u00eancia do usu\u00e1rio final, fornecendo um amplificador digital dedicado de alto desempenho no qual transmitir an\u00fancios ou reproduzir fundo<\/span><\/span> <span class=\"jCAhz ChMk0b\"><span class=\"ryNqvb\">m\u00fasica.<\/span><\/span> <span class=\"jCAhz ChMk0b\"><span class=\"ryNqvb\">O iSpeaker C20 \u00e9 uma solu\u00e7\u00e3o ideal para implanta\u00e7\u00e3o em todos os tipos de ambientes, incluindo escolas, escrit\u00f3rios, aeroportos e outros espa\u00e7os p\u00fablicos.<\/span><\/span><\/span><\/p>\n","protected":false},"featured_media":2506,"template":"","meta":{"_seopress_robots_primary_cat":"69","_seopress_titles_title":"","_seopress_titles_desc":"O sistema de \u00e1udio baseado em SIP ZYCOO iSpeaker B20 iSpeaker C20 utiliza a capacidade integrada de intercomunica\u00e7\u00e3o e paging j\u00e1 inerente \u00e0 maioria dos sistemas IPPBX modernos e aprimora isso para melhorar a experi\u00eancia do usu\u00e1rio final, fornecendo um amplificador digital dedicado de alto desempenho no qual transmitir an\u00fancios ou reproduzir fundo m\u00fasica. O iSpeaker C20 \u00e9 uma solu\u00e7\u00e3o ideal para implanta\u00e7\u00e3o em todos os tipos de ambientes, incluindo escolas, escrit\u00f3rios, aeroportos e outros espa\u00e7os p\u00fablicos.","_seopress_robots_index":""},"product_brand":[277],"product_cat":[69,54,168],"product_tag":[100,104,103,101,105,102],"class_list":{"0":"post-2007","1":"product","2":"type-product","3":"status-publish","4":"has-post-thumbnail","6":"product_brand-zycoo","7":"product_cat-som-gsm","8":"product_cat-voip-e-seus-componentes","9":"product_cat-zycoo","10":"product_tag-zycoo","11":"product_tag-zycoo-anuncio","12":"product_tag-zycoo-audio-solutions","13":"product_tag-zycoo-pa","14":"product_tag-zycoo-paging","15":"product_tag-zycoo-voip","17":"first","18":"instock","19":"taxable","20":"shipping-taxable","21":"purchasable","22":"product-type-simple"},"_links":{"self":[{"href":"https:\/\/www.nprovit.com\/publicacoes\/wp-json\/wp\/v2\/product\/2007","targetHints":{"allow":["GET"]}}],"collection":[{"href":"https:\/\/www.nprovit.com\/publicacoes\/wp-json\/wp\/v2\/product"}],"about":[{"href":"https:\/\/www.nprovit.com\/publicacoes\/wp-json\/wp\/v2\/types\/product"}],"wp:featuredmedia":[{"embeddable":true,"href":"https:\/\/www.nprovit.com\/publicacoes\/wp-json\/wp\/v2\/media\/2506"}],"wp:attachment":[{"href":"https:\/\/www.nprovit.com\/publicacoes\/wp-json\/wp\/v2\/media?parent=2007"}],"wp:term":[{"taxonomy":"product_brand","embeddable":true,"href":"https:\/\/www.nprovit.com\/publicacoes\/wp-json\/wp\/v2\/product_brand?post=2007"},{"taxonomy":"product_cat","embeddable":true,"href":"https:\/\/www.nprovit.com\/publicacoes\/wp-json\/wp\/v2\/product_cat?post=2007"},{"taxonomy":"product_tag","embeddable":true,"href":"https:\/\/www.nprovit.com\/publicacoes\/wp-json\/wp\/v2\/product_tag?post=2007"}],"curies":[{"name":"wp","href":"https:\/\/api.w.org\/{rel}","templated":true}]}}