{"id":2004,"date":"2024-02-24T19:01:09","date_gmt":"2024-02-24T19:01:09","guid":{"rendered":"https:\/\/www.nprovit.com\/publicacoes\/produto\/placa-de-expansao-zycoo-4xfxs-extensoes-analogicas-compat-u80-u100\/"},"modified":"2025-04-24T23:04:01","modified_gmt":"2025-04-24T22:04:01","slug":"placa-de-expansao-zycoo-4xfxs-extensoes-analogicas-compat-u80-u100","status":"publish","type":"product","link":"https:\/\/www.nprovit.com\/publicacoes\/produto\/placa-de-expansao-zycoo-4xfxs-extensoes-analogicas-compat-u80-u100\/","title":{"rendered":"Placa de expans\u00e3o ZyCoo 4xFXS &#8211; Extens\u00f5es Anal\u00f3gicas &#8211; compat. U80\/U100"},"content":{"rendered":"<div>Compat\u00edvel com PBX U80, U100<\/div>\n<div><\/div>\n<div class=\"ty-subheader\">Product Specification<\/div>\n<div class=\"ty-product-feature\">\n<div class=\"ty-product-feature__label\">Dimensions<\/div>\n<div class=\"ty-product-feature__value\">\n<ul class=\"ty-product-feature__multiple \">\n<li class=\"ty-product-feature__multiple-item\">76 x 116 mm<\/li>\n<\/ul>\n<\/div>\n<\/div>\n<div class=\"ty-product-feature\">\n<div class=\"ty-product-feature__label\">Operating Temperature<\/div>\n<div class=\"ty-product-feature__value\">\n<ul class=\"ty-product-feature__multiple \">\n<li class=\"ty-product-feature__multiple-item\">0\u00b0C ~ 40\u00b0C<\/li>\n<\/ul>\n<\/div>\n<\/div>\n","protected":false},"excerpt":{"rendered":"<p>A Placa de expans\u00e3o 4 FXS (Foreign Exchange Station) \u00e9 uma interface que se conecta a um terminal, como p.e. um telefone anal\u00f3gico, ou a interface FXO de outro PBX. Ele fornece tens\u00e3o de toque e bateria para os dispositivos FXO. As interfaces FXS s\u00e3o usadas dentro do seu PBX, elas n\u00e3o se conectam diretamente ao Operador de telecomunica\u00e7\u00f5es. \u00c9 necess\u00e1rio um canal FXS para cada telefone anal\u00f3gico, (telefone, fax, modem, etc&#8230;)\u00a0 que voc\u00ea deseja conectar ao seu sistema PBX ZyCoo.<\/p>\n","protected":false},"featured_media":2837,"template":"","meta":{"_seopress_robots_primary_cat":"54","_seopress_titles_title":"%%post_title%% %%sep%%","_seopress_titles_desc":"A Placa de expans\u00e3o 4 FXS (Foreign Exchange Station) \u00e9 uma interface que se conecta a um terminal, como p.e. um telefone anal\u00f3gico, ou a interface FXO de outro PBX. Ele fornece tens\u00e3o de toque e bateria para os dispositivos FXO. As interfaces FXS s\u00e3o usadas dentro do seu PBX, elas n\u00e3o se conectam diretamente ao Operador de telecomunica\u00e7\u00f5es. \u00c9 necess\u00e1rio um canal FXS para cada telefone anal\u00f3gico, (telefone, fax, modem, etc...)\u00a0 que voc\u00ea deseja conectar ao seu sistema PBX ZyCoo.","_seopress_robots_index":""},"product_brand":[277],"product_cat":[54,168],"product_tag":[110,108,107,102],"class_list":{"0":"post-2004","1":"product","2":"type-product","3":"status-publish","4":"has-post-thumbnail","6":"product_brand-zycoo","7":"product_cat-voip-e-seus-componentes","8":"product_cat-zycoo","9":"product_tag-zycoo-ip-pbx","10":"product_tag-zycoo-pbx","11":"product_tag-zycoo-phone-system","12":"product_tag-zycoo-voip","14":"first","15":"instock","16":"taxable","17":"shipping-taxable","18":"purchasable","19":"product-type-simple"},"_links":{"self":[{"href":"https:\/\/www.nprovit.com\/publicacoes\/wp-json\/wp\/v2\/product\/2004","targetHints":{"allow":["GET"]}}],"collection":[{"href":"https:\/\/www.nprovit.com\/publicacoes\/wp-json\/wp\/v2\/product"}],"about":[{"href":"https:\/\/www.nprovit.com\/publicacoes\/wp-json\/wp\/v2\/types\/product"}],"wp:featuredmedia":[{"embeddable":true,"href":"https:\/\/www.nprovit.com\/publicacoes\/wp-json\/wp\/v2\/media\/2837"}],"wp:attachment":[{"href":"https:\/\/www.nprovit.com\/publicacoes\/wp-json\/wp\/v2\/media?parent=2004"}],"wp:term":[{"taxonomy":"product_brand","embeddable":true,"href":"https:\/\/www.nprovit.com\/publicacoes\/wp-json\/wp\/v2\/product_brand?post=2004"},{"taxonomy":"product_cat","embeddable":true,"href":"https:\/\/www.nprovit.com\/publicacoes\/wp-json\/wp\/v2\/product_cat?post=2004"},{"taxonomy":"product_tag","embeddable":true,"href":"https:\/\/www.nprovit.com\/publicacoes\/wp-json\/wp\/v2\/product_tag?post=2004"}],"curies":[{"name":"wp","href":"https:\/\/api.w.org\/{rel}","templated":true}]}}