{"id":2000,"date":"2024-02-24T19:01:03","date_gmt":"2024-02-24T19:01:03","guid":{"rendered":"https:\/\/www.nprovit.com\/publicacoes\/produto\/central-telfonica-voip-yeastar-s50\/"},"modified":"2025-05-09T17:53:11","modified_gmt":"2025-05-09T16:53:11","slug":"central-telfonica-voip-yeastar-s50","status":"publish","type":"product","link":"https:\/\/www.nprovit.com\/publicacoes\/produto\/central-telfonica-voip-yeastar-s50\/","title":{"rendered":"Central Telf\u00f3nica VoIP Yeastar S50"},"content":{"rendered":"<table>\n<tbody>\n<tr>\n<td align=\"left\" valign=\"middle\" width=\"50%\"><strong>Utilizadores &#8211; Extens\u00f5es<\/strong><\/td>\n<td align=\"left\" valign=\"middle\">50<\/td>\n<\/tr>\n<tr>\n<td align=\"left\" valign=\"middle\" width=\"50%\"><strong>Chamadas Simult\u00e2neo (m\u00e1ximo)<\/strong><\/td>\n<td align=\"left\" valign=\"middle\">25<\/td>\n<\/tr>\n<tr>\n<td align=\"left\" valign=\"middle\" width=\"50%\"><strong>VoIP Trunks<br \/>\n<\/strong><\/td>\n<td align=\"left\" valign=\"middle\">50<\/td>\n<\/tr>\n<tr>\n<td align=\"left\" valign=\"middle\" width=\"50%\"><strong>Slot SD Card<\/strong><\/td>\n<td align=\"left\" valign=\"middle\">1<\/td>\n<\/tr>\n<tr>\n<td align=\"left\" valign=\"middle\" width=\"50%\"><strong>Porta LAN<\/strong><\/td>\n<td align=\"left\" valign=\"middle\">1 (10\/100\/1000Mbps)<\/td>\n<\/tr>\n<tr>\n<td align=\"left\" valign=\"middle\" width=\"50%\"><strong>Porta WAN<\/strong><\/td>\n<td align=\"left\" valign=\"middle\">1 (10\/100\/1000Mbps)<\/td>\n<\/tr>\n<tr>\n<td align=\"left\" valign=\"middle\" width=\"50%\"><strong>Dimens\u00e3o<\/strong><\/td>\n<td align=\"left\" valign=\"middle\">34 x 21 x 4.4 cm\u00a0(1U Rack-Mount)<\/td>\n<\/tr>\n<tr>\n<td align=\"left\" valign=\"middle\" width=\"50%\"><strong>Peso<\/strong><\/td>\n<td align=\"left\" valign=\"middle\">1480g<\/td>\n<\/tr>\n<tr>\n<td align=\"left\" valign=\"middle\" width=\"50%\"><strong>Energia<\/strong><\/td>\n<td align=\"left\" valign=\"middle\">A\/C 100-240V 50\/60Hz 0.6A<\/td>\n<\/tr>\n<tr>\n<td align=\"left\" valign=\"middle\" width=\"50%\"><strong>Protocolo<\/strong><\/td>\n<td align=\"left\" valign=\"middle\">SIP (RFC3261), IAX2<\/td>\n<\/tr>\n<tr>\n<td align=\"left\" valign=\"middle\" width=\"50%\"><strong>Protocolo Transporte<\/strong><\/td>\n<td align=\"left\" valign=\"middle\">UDP, TCP, TLS, SRTP<\/td>\n<\/tr>\n<tr>\n<td align=\"left\" valign=\"middle\" width=\"50%\"><strong>Codec<\/strong><\/td>\n<td align=\"left\" valign=\"middle\">G711 (alaw\/ulaw), G722, G726, G729A, GSM, Speex, ADPCM, iLBC, H263, H263P, H264, MPEG4<\/td>\n<\/tr>\n<tr>\n<td align=\"left\" valign=\"middle\" width=\"50%\"><strong>DTMF<\/strong><\/td>\n<td align=\"left\" valign=\"middle\">In-band, RFC4733, RFC2833, SIP INFO<\/td>\n<\/tr>\n<tr>\n<td align=\"left\" valign=\"middle\" width=\"50%\"><strong>Rede &#8211; Network<\/strong><\/td>\n<td align=\"left\" valign=\"middle\">IP Est\u00e1tico, PPPoE, DHCP, Firewall, VLAN, DDNS, QoS, DHCP Server, DDNS,VPN<\/td>\n<\/tr>\n<tr>\n<td align=\"left\" valign=\"middle\" width=\"50%\"><strong>Idiomas<\/strong><\/td>\n<td align=\"left\" valign=\"middle\">Portugu\u00eas, Ingl\u00eas, Espanhol, Italiano, Chin\u00eas e Russo<\/td>\n<\/tr>\n<tr>\n<td align=\"left\" valign=\"middle\" width=\"50%\"><strong>Funcionalidades<\/strong><\/td>\n<td align=\"left\" valign=\"middle\">Transfer\u00eancias de Chamadas, BLF, Lista de N\u00fameros Bloqueados, Call Back, CDR (Registo Chamadas, Data e Hora. Exporta\u00e7\u00e3o para ficheiro arquivo), Desvio Chamadas (Fixo, Ocupado, Aus\u00eancia), Fun\u00e7\u00e3o &#8220;N\u00e3o Incomodar&#8221;, Chamada em Parque, Grava\u00e7\u00e3o de Chamadas Autom\u00e1tica, Captar Chamadas, Rotas Telef\u00f3nicas (Prefixo configur\u00e1vel), Chamada em Espera, Identifica\u00e7\u00e3o N\u00famero Chamador, Audioconfer\u00eancia (Sala de Confer\u00eancia), Defini\u00e7\u00e3o Data e Hora, DISA, Configura\u00e7\u00e3o de DIDs, Tons de Toque Chamada Personalizados, Firewall, Follow Me (N\u00famero da extens\u00e3o em qualquer local da rede), IVR, M\u00fasica em Espera, M\u00fasica Transfer\u00eancia Chamada, Suporte OpenVPN, C\u00f3digo PIN (Acesso restito a funcionalidades), Suporte integra\u00e7\u00e3o com Skype (Operador VoIP), SMS to Mail \/ Mail to SMS, Marca\u00e7\u00e3o N\u00famero Abreviado, Confer\u00eancia a 3, FAX (T.38), FAX-to-email (Rece\u00e7\u00e3o do Fax na conta de Email), Voicemail 5000m (expans\u00edvel), Voicemail-to-email (Rece\u00e7\u00e3o mensagem \u00e1udio voicemail na caixa de Email), Painel de Configura\u00e7\u00e3o WEB (Portugu\u00eas)<\/td>\n<\/tr>\n<tr>\n<td align=\"left\" valign=\"middle\" width=\"50%\"><strong>Capacidade M\u00e1xima de Hardware (m\u00f3dulos)<\/strong><\/td>\n<td align=\"left\" valign=\"middle\">M\u00f3dulo S2 (2 FXS): 4<br \/>\nM\u00f3dulo O2 (2 FXo): 4<br \/>\nM\u00f3dulo SO (1 FXO + 1 FXS): 4<br \/>\nM\u00f3dulo BRI (2 BRI): 4<br \/>\nM\u00f3dulo GSM (GSM): 4<\/td>\n<\/tr>\n<\/tbody>\n<\/table>\n","protected":false},"excerpt":{"rendered":"<div id=\"attributedescription\" class=\"data item content\" role=\"tabpanel\" data-role=\"content\" aria-labelledby=\"tab-label-attributedescription\" aria-hidden=\"false\">\n<div class=\"product attribute description\">\n<div class=\"value\">\n<p>A central telef\u00f3nica <strong>Yeastar S50<\/strong> \u00e9 a uma solu\u00e7\u00e3o h\u00edbrida VoIP, com capacidade de para receber linhas dos tipos: RDIS, GSM, FXO e FXS na mesma estrutura telef\u00f3nica. Projetado para o mercado das pequena e m\u00e9dias empresas, com todas as suas caracter\u00edsticas e mais valias do segmento VoIP SIP, podendo ser configurada em v\u00e1rias arquiteturas.<\/p>\n<p>Com o IP-PBX <strong>S50,<\/strong> pode suportar uma solu\u00e7\u00e3o de at\u00e9 50 extens\u00f5es (25 chamadas em simult\u00e2neo), ou simplesmente ser um pequeno IP-PBX desenhado para sites remotos, numa estrutura multisite VoIP.<\/p>\n<p>Devido ao seu conceito modular, o <strong>S50<\/strong> poder\u00e1 ser tamb\u00e9m desenhado como um Gateway VoIP, integrado num sistema telef\u00f3nico anal\u00f3gico ou digital, pr\u00e9-existente.<\/p>\n<p>O IP-PBX <strong>S50<\/strong> disponibiliza quatro slots para instala\u00e7\u00e3o de m\u00f3dulos Yeastar RDIS, GSM, FXO e FXS (n\u00e3o inclu\u00eddos).<\/p>\n<p>A sua Gest\u00e3o\u00a0 \u00e9 efetuada atrav\u00e9s de um interface de administra\u00e7\u00e3o Web.<\/p>\n<\/div>\n<\/div>\n<\/div>\n","protected":false},"featured_media":3678,"template":"","meta":{"_seopress_robots_primary_cat":"0","_seopress_titles_title":"","_seopress_titles_desc":"A central telef\u00f3nica Yeastar S50 \u00e9 a uma solu\u00e7\u00e3o h\u00edbrida VoIP, com capacidade de para receber linhas dos tipos: RDIS, GSM, FXO e FXS na mesma estrutura telef\u00f3nica. Projetado para o mercado das pequena e m\u00e9dias empresas, com todas as suas caracter\u00edsticas e mais valias do segmento VoIP SIP, podendo ser configurada em v\u00e1rias arquiteturas.","_seopress_robots_index":""},"product_brand":[276],"product_cat":[54],"product_tag":[173,252],"class_list":{"0":"post-2000","1":"product","2":"type-product","3":"status-publish","4":"has-post-thumbnail","6":"product_brand-yeastar","7":"product_cat-voip-e-seus-componentes","8":"product_tag-centrais-telefonicas","9":"product_tag-yeastar","11":"first","12":"onbackorder","13":"taxable","14":"shipping-taxable","15":"purchasable","16":"product-type-simple"},"_links":{"self":[{"href":"https:\/\/www.nprovit.com\/publicacoes\/wp-json\/wp\/v2\/product\/2000","targetHints":{"allow":["GET"]}}],"collection":[{"href":"https:\/\/www.nprovit.com\/publicacoes\/wp-json\/wp\/v2\/product"}],"about":[{"href":"https:\/\/www.nprovit.com\/publicacoes\/wp-json\/wp\/v2\/types\/product"}],"wp:featuredmedia":[{"embeddable":true,"href":"https:\/\/www.nprovit.com\/publicacoes\/wp-json\/wp\/v2\/media\/3678"}],"wp:attachment":[{"href":"https:\/\/www.nprovit.com\/publicacoes\/wp-json\/wp\/v2\/media?parent=2000"}],"wp:term":[{"taxonomy":"product_brand","embeddable":true,"href":"https:\/\/www.nprovit.com\/publicacoes\/wp-json\/wp\/v2\/product_brand?post=2000"},{"taxonomy":"product_cat","embeddable":true,"href":"https:\/\/www.nprovit.com\/publicacoes\/wp-json\/wp\/v2\/product_cat?post=2000"},{"taxonomy":"product_tag","embeddable":true,"href":"https:\/\/www.nprovit.com\/publicacoes\/wp-json\/wp\/v2\/product_tag?post=2000"}],"curies":[{"name":"wp","href":"https:\/\/api.w.org\/{rel}","templated":true}]}}