{"id":1991,"date":"2024-02-24T19:00:27","date_gmt":"2024-02-24T19:00:27","guid":{"rendered":"https:\/\/www.nprovit.com\/publicacoes\/produto\/yealink-t46g\/"},"modified":"2025-10-13T10:30:52","modified_gmt":"2025-10-13T09:30:52","slug":"yealink-t46g","status":"publish","type":"product","link":"https:\/\/www.nprovit.com\/publicacoes\/produto\/yealink-t46g\/","title":{"rendered":"Telefone VoIP Yealink T46G Gbe"},"content":{"rendered":"<div class=\"col\" data-diy=\",10%,\">\n<div class=\"txt\">\n<div class=\"title c-f40\">\n<p>SIP-T46G<\/p>\n<\/div>\n<p>The SIP-T46G is Yealink latest revolutionary IP Phone for executive users and busy professionals. New designs with high-resolution TFT color display delivers a rich visual experience.\u00a0 Yealink Optima HD technology enables rich, clear, life-like voice communications. Supports Gigabit Ethernet, a variety of device connections, including EHS headset and USB. With programmable keys, the IP Phone supports vast productivity-enhancing features.<\/p>\n<\/div>\n<\/div>\n","protected":false},"excerpt":{"rendered":"<p>O SIP-T46G \u00e9 um telefone IP revolucion\u00e1rio para usu\u00e1rios executivos e profissionais ocupados, proporcionando uma rica experi\u00eancia visual.<\/p>\n<p>Produto descontinuado. Valide stock atual. Substituto: SIP-46S<\/p>\n","protected":false},"featured_media":3082,"template":"","meta":{"_seopress_robots_primary_cat":"42","_seopress_titles_title":"","_seopress_titles_desc":"O SIP-T46G \u00e9 um telefone IP revolucion\u00e1rio para usu\u00e1rios executivos e profissionais ocupados proporcionando uma rica experi\u00eancia visual","_seopress_robots_index":""},"product_brand":[280],"product_cat":[42],"product_tag":[172],"class_list":{"0":"post-1991","1":"product","2":"type-product","3":"status-publish","4":"has-post-thumbnail","6":"product_brand-yealink","7":"product_cat-telefones-voip","8":"product_tag-telefone-ip","10":"first","11":"instock","12":"taxable","13":"shipping-taxable","14":"purchasable","15":"product-type-simple"},"_links":{"self":[{"href":"https:\/\/www.nprovit.com\/publicacoes\/wp-json\/wp\/v2\/product\/1991","targetHints":{"allow":["GET"]}}],"collection":[{"href":"https:\/\/www.nprovit.com\/publicacoes\/wp-json\/wp\/v2\/product"}],"about":[{"href":"https:\/\/www.nprovit.com\/publicacoes\/wp-json\/wp\/v2\/types\/product"}],"wp:featuredmedia":[{"embeddable":true,"href":"https:\/\/www.nprovit.com\/publicacoes\/wp-json\/wp\/v2\/media\/3082"}],"wp:attachment":[{"href":"https:\/\/www.nprovit.com\/publicacoes\/wp-json\/wp\/v2\/media?parent=1991"}],"wp:term":[{"taxonomy":"product_brand","embeddable":true,"href":"https:\/\/www.nprovit.com\/publicacoes\/wp-json\/wp\/v2\/product_brand?post=1991"},{"taxonomy":"product_cat","embeddable":true,"href":"https:\/\/www.nprovit.com\/publicacoes\/wp-json\/wp\/v2\/product_cat?post=1991"},{"taxonomy":"product_tag","embeddable":true,"href":"https:\/\/www.nprovit.com\/publicacoes\/wp-json\/wp\/v2\/product_tag?post=1991"}],"curies":[{"name":"wp","href":"https:\/\/api.w.org\/{rel}","templated":true}]}}