{"id":1974,"date":"2024-02-24T18:59:41","date_gmt":"2024-02-24T18:59:41","guid":{"rendered":"https:\/\/www.nprovit.com\/publicacoes\/produto\/impressora-termica-pos-c260k-serieusb-lan-80mm-vel-de-impr-260-mm-s-fonte-de-alimentacao-externa-cor-negro\/"},"modified":"2025-05-09T18:00:38","modified_gmt":"2025-05-09T17:00:38","slug":"impressora-termica-pos-c260k-serieusb-lan-80mm-vel-de-impr-260-mm-s-fonte-de-alimentacao-externa-cor-negro","status":"publish","type":"product","link":"https:\/\/www.nprovit.com\/publicacoes\/produto\/impressora-termica-pos-c260k-serieusb-lan-80mm-vel-de-impr-260-mm-s-fonte-de-alimentacao-externa-cor-negro\/","title":{"rendered":"Impressora T\u00e9rmica POS C260K (Serie+USB+ LAN), 80mm, vel. de impr. 260 mm\/s, Fonte de alimenta\u00e7\u00e3o externa, C\u00f4r: Negro"},"content":{"rendered":"<p><strong>Equipamento Novo<\/strong><\/p>\n<ul>\n<li>Impressora T\u00e9rmica Xprinter XP-C260K<\/li>\n<li>Interfaces: Serie, Usb, Lan<\/li>\n<li>Papel t\u00e9rmico 80MM<\/li>\n<li>Velocidade de Impress\u00e3o: 260 MM\/ S<\/li>\n<li>C\/ Fonte de Alimenta\u00e7\u00e3o Externa<\/li>\n<\/ul>\n<p>&nbsp;<\/p>\n","protected":false},"excerpt":{"rendered":"<p>Equipamento Novo Impressora T\u00e9rmica Xprinter XP-C260K Interfaces: Serie, Usb, Lan Papel t\u00e9rmico 80MM Velocidade de Impress\u00e3o: 260 MM\/ S C\/ Fonte de Alimenta\u00e7\u00e3o [&#8230;]<\/p>\n","protected":false},"featured_media":2458,"template":"","meta":{"_seopress_robots_primary_cat":"66","_seopress_titles_title":"","_seopress_titles_desc":"Impressora T\u00e9rmica Xprinter XP-C260K Interfaces: Serie, Usb, Lan Papel t\u00e9rmico 80MM Velocidade de Impress\u00e3o: 260 MM\/ S - C\/ Fonte de Alimenta\u00e7\u00e3o Externa","_seopress_robots_index":""},"product_brand":[],"product_cat":[66,32],"product_tag":[85,84,83],"class_list":{"0":"post-1974","1":"product","2":"type-product","3":"status-publish","4":"has-post-thumbnail","6":"product_cat-impressoras","7":"product_cat-pos","8":"product_tag-impressora-pos","9":"product_tag-impressora-taloes","10":"product_tag-impressora-termica","12":"first","13":"outofstock","14":"taxable","15":"shipping-taxable","16":"purchasable","17":"product-type-simple"},"_links":{"self":[{"href":"https:\/\/www.nprovit.com\/publicacoes\/wp-json\/wp\/v2\/product\/1974","targetHints":{"allow":["GET"]}}],"collection":[{"href":"https:\/\/www.nprovit.com\/publicacoes\/wp-json\/wp\/v2\/product"}],"about":[{"href":"https:\/\/www.nprovit.com\/publicacoes\/wp-json\/wp\/v2\/types\/product"}],"wp:featuredmedia":[{"embeddable":true,"href":"https:\/\/www.nprovit.com\/publicacoes\/wp-json\/wp\/v2\/media\/2458"}],"wp:attachment":[{"href":"https:\/\/www.nprovit.com\/publicacoes\/wp-json\/wp\/v2\/media?parent=1974"}],"wp:term":[{"taxonomy":"product_brand","embeddable":true,"href":"https:\/\/www.nprovit.com\/publicacoes\/wp-json\/wp\/v2\/product_brand?post=1974"},{"taxonomy":"product_cat","embeddable":true,"href":"https:\/\/www.nprovit.com\/publicacoes\/wp-json\/wp\/v2\/product_cat?post=1974"},{"taxonomy":"product_tag","embeddable":true,"href":"https:\/\/www.nprovit.com\/publicacoes\/wp-json\/wp\/v2\/product_tag?post=1974"}],"curies":[{"name":"wp","href":"https:\/\/api.w.org\/{rel}","templated":true}]}}