{"id":1825,"date":"2024-02-24T18:46:29","date_gmt":"2024-02-24T18:46:29","guid":{"rendered":"https:\/\/www.nprovit.com\/publicacoes\/produto\/hp-prodesk-600-g1-core-i5-4590-3-3ghz-w8pro-refurb\/"},"modified":"2025-05-09T18:00:09","modified_gmt":"2025-05-09T17:00:09","slug":"hp-prodesk-600-g1-core-i5","status":"publish","type":"product","link":"https:\/\/www.nprovit.com\/publicacoes\/produto\/hp-prodesk-600-g1-core-i5\/","title":{"rendered":"HP ProDesk 600 G1 Core i5-4590 3.3GHz &#8211; Refurbished"},"content":{"rendered":"<p>Marca : HP<br \/>\nModelo : Prodesk 600 G1<br \/>\nProcessador : Core i5-4590<br \/>\nMem\u00f3ria RAM : 8GB<br \/>\nArmazenamento : 128Gb SATA SSD<br \/>\nDVD : sim<br \/>\nSistema Operativo : Windows 10 Pro (Instalado)<br \/>\nFormato : Desktop<\/p>\n<p>&nbsp;<\/p>\n<p>Imagens<\/p>\n<p>As imagens dos produtos s\u00e3o meramente ilustrativas e podem diferir do produto real. Devido \u00e0s diferen\u00e7as nos monitores, as cores dos produtos tamb\u00e9m podem parecer diferentes das mostradas no site. Os n\u00fameros das pe\u00e7as podem reduzir a possibilidade de erro na compra. O melhor m\u00e9todo \u00e9 perguntar \u00e0 nossa equipe de suporte se tiver alguma d\u00favida.<\/p>\n<p>Detalhes dos produtos<\/p>\n<p>Alguns produtos podem ter uma imagem, foto ou especifica\u00e7\u00f5es do produto associadas. Estes s\u00e3o apenas para refer\u00eancia. Se encontrar algum conflito nas imagens, na descri\u00e7\u00e3o ou no pre\u00e7o, por favor contacte-nos. A nossa equipa trabalha muito para melhorar a qualidade de nossa lista de produtos. No entanto, se voc\u00ea tiver alguma d\u00favida, sinta-se \u00e0 vontade para nos perguntar antes de efetuar alguma encomenda ou pagamento.<\/p>\n<p>Recondicionado\/Refurbished<\/p>\n<p>Recondicionado n\u00e3o \u00e9 em segunda m\u00e3o.<br \/>\nRecondicionado significa completamente revisto. A vantagem dos recondicionados \u00e9 que s\u00e3o mais baratos que os produtos novos. Pode economizar at\u00e9 50% num produto que ainda est\u00e1 em \u00f3timo estado t\u00e9cnico e f\u00edsico! Na Nprovit, colaboramos com os melhores especialistas e oferecemos n\u00e3o apenas equipamentos recondicionados mais baratos, mas tamb\u00e9m a certeza da qualidade de equipamentos profissionais prontos para uma nova utiliza\u00e7\u00e3o.<\/p>\n","protected":false},"excerpt":{"rendered":"<p>HP ProDesk 600 G1 Core i5-4590 3.3GHz &#8211; Refurbished<\/p>\n","protected":false},"featured_media":2914,"template":"","meta":{"_seopress_robots_primary_cat":"50","_seopress_titles_title":"","_seopress_titles_desc":"HP ProDesk 600 G1 Core i5-4590 3.3GHz - Refurbished","_seopress_robots_index":""},"product_brand":[],"product_cat":[50],"product_tag":[186,203,205,204],"class_list":{"0":"post-1825","1":"product","2":"type-product","3":"status-publish","4":"has-post-thumbnail","6":"product_cat-computadores","7":"product_tag-hp","8":"product_tag-hp-computador","9":"product_tag-hp-recondicionado","10":"product_tag-hp-refurbished","12":"first","13":"instock","14":"taxable","15":"shipping-taxable","16":"purchasable","17":"product-type-simple"},"_links":{"self":[{"href":"https:\/\/www.nprovit.com\/publicacoes\/wp-json\/wp\/v2\/product\/1825","targetHints":{"allow":["GET"]}}],"collection":[{"href":"https:\/\/www.nprovit.com\/publicacoes\/wp-json\/wp\/v2\/product"}],"about":[{"href":"https:\/\/www.nprovit.com\/publicacoes\/wp-json\/wp\/v2\/types\/product"}],"wp:featuredmedia":[{"embeddable":true,"href":"https:\/\/www.nprovit.com\/publicacoes\/wp-json\/wp\/v2\/media\/2914"}],"wp:attachment":[{"href":"https:\/\/www.nprovit.com\/publicacoes\/wp-json\/wp\/v2\/media?parent=1825"}],"wp:term":[{"taxonomy":"product_brand","embeddable":true,"href":"https:\/\/www.nprovit.com\/publicacoes\/wp-json\/wp\/v2\/product_brand?post=1825"},{"taxonomy":"product_cat","embeddable":true,"href":"https:\/\/www.nprovit.com\/publicacoes\/wp-json\/wp\/v2\/product_cat?post=1825"},{"taxonomy":"product_tag","embeddable":true,"href":"https:\/\/www.nprovit.com\/publicacoes\/wp-json\/wp\/v2\/product_tag?post=1825"}],"curies":[{"name":"wp","href":"https:\/\/api.w.org\/{rel}","templated":true}]}}