{"id":1787,"date":"2024-02-24T18:44:19","date_gmt":"2024-02-24T18:44:19","guid":{"rendered":"https:\/\/www.nprovit.com\/publicacoes\/produto\/gaveta-de-dinheiro-metalica-pos-preto\/"},"modified":"2025-05-09T17:59:18","modified_gmt":"2025-05-09T16:59:18","slug":"gaveta-de-dinheiro-metalica-pos-preto","status":"publish","type":"product","link":"https:\/\/www.nprovit.com\/publicacoes\/produto\/gaveta-de-dinheiro-metalica-pos-preto\/","title":{"rendered":"Gaveta de dinheiro met\u00e1lica para POS &#8211; Preto"},"content":{"rendered":"<p>EQUIPAMENTO NOVO<\/p>\n<table id=\"tabelaFicha\" class=\"table table-condensed\">\n<tbody>\n<tr>\n<td id=\"linha_header\" colspan=\"2\">Informa\u00e7\u00e3o Detalhada<\/td>\n<\/tr>\n<tr>\n<td id=\"linha_det\" class=\"linha_det_left\"><b> Descri\u00e7\u00e3o do Produto <\/b><\/td>\n<td id=\"linha_det\" class=\"analisa\">Gaveta Met\u00e1lica D1<\/td>\n<\/tr>\n<tr>\n<td id=\"linha_det\" class=\"linha_det_left_cinza\"><b> Compartimentos <\/b><\/td>\n<td id=\"linha_det\" class=\"linha_det_cinza analisa\">\n<ul>\n<li>4 x Compartimentos para notas<\/li>\n<li>8 x Compartimentos para moedas<\/li>\n<\/ul>\n<\/td>\n<\/tr>\n<tr>\n<td id=\"linha_det\" class=\"linha_det_left\"><b> Ranhuras <\/b><\/td>\n<td id=\"linha_det\" class=\"analisa\">2 x Ranhuras frontais<\/td>\n<\/tr>\n<tr>\n<td id=\"linha_det\" class=\"linha_det_left_cinza\"><b> Interfaces <\/b><\/td>\n<td id=\"linha_det\" class=\"linha_det_cinza analisa\">Interface RJ11 p\/ Liga\u00e7\u00e3o a Impressora<\/td>\n<\/tr>\n<tr>\n<td id=\"linha_det\" class=\"linha_det_left\"><b> C\u00f4r <\/b><\/td>\n<td id=\"linha_det\" class=\"analisa\">Preta<\/td>\n<\/tr>\n<tr>\n<td id=\"linha_header\" colspan=\"2\">Dados Logisticos<\/td>\n<\/tr>\n<tr>\n<td id=\"linha_det\" class=\"linha_det_left_cinza\"><b> Dimens\u00f5es <\/b><\/td>\n<td id=\"linha_det\" class=\"linha_det_cinza analisa\">41 x 41,5 x 10cm (L x P x A)<\/td>\n<\/tr>\n<tr>\n<td id=\"linha_det\" class=\"linha_det_left\"><b> Peso <\/b><\/td>\n<td id=\"linha_det\" class=\"analisa\">7 Kg<\/td>\n<\/tr>\n<\/tbody>\n<\/table>\n","protected":false},"excerpt":{"rendered":"<p>Gaveta Met\u00e1lica c\/ 2x Ranhuras Frontais, 8x Moedas\/4x Notas, Abert, e Fecho c\/Chave, 41 x 42 x 10cm, Liga\u00e7\u00e3o \u00e1 impressora RJ11; Preta<\/p>\n","protected":false},"featured_media":2469,"template":"","meta":{"_seopress_robots_primary_cat":"0","_seopress_titles_title":"","_seopress_titles_desc":"Gaveta de dinheiro met\u00e1lica para POS - Preto","_seopress_robots_index":""},"product_brand":[],"product_cat":[32],"product_tag":[91,92,90],"class_list":{"0":"post-1787","1":"product","2":"type-product","3":"status-publish","4":"has-post-thumbnail","6":"product_cat-pos","7":"product_tag-gaveta","8":"product_tag-gaveta-dinheiro","9":"product_tag-gaveta-pos","11":"first","12":"onbackorder","13":"taxable","14":"shipping-taxable","15":"purchasable","16":"product-type-simple"},"_links":{"self":[{"href":"https:\/\/www.nprovit.com\/publicacoes\/wp-json\/wp\/v2\/product\/1787","targetHints":{"allow":["GET"]}}],"collection":[{"href":"https:\/\/www.nprovit.com\/publicacoes\/wp-json\/wp\/v2\/product"}],"about":[{"href":"https:\/\/www.nprovit.com\/publicacoes\/wp-json\/wp\/v2\/types\/product"}],"wp:featuredmedia":[{"embeddable":true,"href":"https:\/\/www.nprovit.com\/publicacoes\/wp-json\/wp\/v2\/media\/2469"}],"wp:attachment":[{"href":"https:\/\/www.nprovit.com\/publicacoes\/wp-json\/wp\/v2\/media?parent=1787"}],"wp:term":[{"taxonomy":"product_brand","embeddable":true,"href":"https:\/\/www.nprovit.com\/publicacoes\/wp-json\/wp\/v2\/product_brand?post=1787"},{"taxonomy":"product_cat","embeddable":true,"href":"https:\/\/www.nprovit.com\/publicacoes\/wp-json\/wp\/v2\/product_cat?post=1787"},{"taxonomy":"product_tag","embeddable":true,"href":"https:\/\/www.nprovit.com\/publicacoes\/wp-json\/wp\/v2\/product_tag?post=1787"}],"curies":[{"name":"wp","href":"https:\/\/api.w.org\/{rel}","templated":true}]}}