{"id":1774,"date":"2024-02-24T18:41:52","date_gmt":"2024-02-24T18:41:52","guid":{"rendered":"https:\/\/www.nprovit.com\/publicacoes\/produto\/mini-computador-intel-nuc-5i3myhe-core-i3-5010u-refurbished\/"},"modified":"2025-11-07T09:25:44","modified_gmt":"2025-11-07T09:25:44","slug":"intel-nuc5i3ryh","status":"publish","type":"product","link":"https:\/\/www.nprovit.com\/publicacoes\/produto\/intel-nuc5i3ryh\/","title":{"rendered":"Mini Computador INTEL NUC5 i3RYH &#8211; Core i3-5010U- Refurbished"},"content":{"rendered":"<table style=\"height: 1219px;\" width=\"780\">\n<tbody>\n<tr>\n<td width=\"254\">Cole\u00e7\u00e3o de produtos<\/td>\n<td width=\"326\">Kit Intel\u00ae NUC com a 5\u00aa gera\u00e7\u00e3o de processadores Intel\u00ae Core&#x2122;<\/td>\n<\/tr>\n<tr>\n<td width=\"254\">Processador<\/td>\n<td width=\"326\">Intel\u00ae Core&#x2122; i3-5010U Processor (3M Cache, 2.10 GHz)<\/td>\n<\/tr>\n<tr>\n<td width=\"254\">Modelo<\/td>\n<td width=\"326\">NUC5i3RYH<\/td>\n<\/tr>\n<tr>\n<td width=\"254\">Sistemas operativos suportados<\/td>\n<td width=\"326\">Windows 10, 32-bit*, Windows 10, 64-bit*, Windows 8.1, 32-bit*, Windows 8.1, 64-bit*, Windows 7, 32-bit*, Windows 7, 64-bit*<\/td>\n<\/tr>\n<tr>\n<td width=\"254\"><\/td>\n<td width=\"326\"><\/td>\n<\/tr>\n<tr>\n<td width=\"254\"><strong>Mem\u00f3ria e armazenamento<\/strong><\/td>\n<td width=\"326\"><\/td>\n<\/tr>\n<tr>\n<td width=\"254\">Tamanho m\u00e1ximo de mem\u00f3ria (de acordo com o tipo de mem\u00f3ria)<\/td>\n<td width=\"326\">16 GB<\/td>\n<\/tr>\n<tr>\n<td width=\"254\">N\u00ba m\u00e1ximo de DIMMs<\/td>\n<td width=\"326\">2<\/td>\n<\/tr>\n<tr>\n<td width=\"254\">Tipos de mem\u00f3ria<\/td>\n<td width=\"326\">DDR3L-1333\/1600 1.35V SO-DIMM<\/td>\n<\/tr>\n<tr>\n<td width=\"254\">N\u00ba m\u00e1ximo de canais de mem\u00f3ria<\/td>\n<td width=\"326\">2<\/td>\n<\/tr>\n<tr>\n<td width=\"254\">Fator de forma da unidade interna<\/td>\n<td width=\"326\">M.2 and 2.5&#8243; Drive<\/td>\n<\/tr>\n<tr>\n<td width=\"254\">N\u00ba de unidades internas suportadas<\/td>\n<td width=\"326\">2<\/td>\n<\/tr>\n<tr>\n<td width=\"254\">Slot de cart\u00e3o M.2 (armazenamento)<\/td>\n<td width=\"326\">22&#215;42\/60\/80<\/td>\n<\/tr>\n<tr>\n<td width=\"254\"><\/td>\n<td width=\"326\"><\/td>\n<\/tr>\n<tr>\n<td width=\"254\"><strong>Especifica\u00e7\u00f5es de E\/S<\/strong><\/td>\n<td width=\"326\"><\/td>\n<\/tr>\n<tr>\n<td width=\"254\"><\/td>\n<td width=\"326\"><\/td>\n<\/tr>\n<tr>\n<td width=\"254\">Sa\u00edda gr\u00e1fica<\/td>\n<td width=\"326\">Mini-DP 1.2; Mini-HDMI 1.4a<\/td>\n<\/tr>\n<tr>\n<td width=\"254\">N\u00ba de monitores aceitos <sup>\u2021<\/sup><\/td>\n<td width=\"326\">3<\/td>\n<\/tr>\n<tr>\n<td width=\"254\">N\u00ba de portas USB<\/td>\n<td width=\"326\">6<\/td>\n<\/tr>\n<tr>\n<td width=\"254\">USB Configuration(Configura\u00e7\u00e3o do USB)<\/td>\n<td width=\"326\">2x front and 2x rear USB 3.0; 2x USB 2.0 via internal headers<\/td>\n<\/tr>\n<tr>\n<td width=\"254\">Revis\u00e3o de USB<\/td>\n<td width=\"326\">2.0, 3.0<\/td>\n<\/tr>\n<tr>\n<td width=\"254\">Configura\u00e7\u00e3o de USB 2.0 (externa + interna)<\/td>\n<td width=\"326\">0 + 2<\/td>\n<\/tr>\n<tr>\n<td width=\"254\">Configura\u00e7\u00e3o de USB 3.0 (externa + interna)<\/td>\n<td width=\"326\">2B 2F + 0<\/td>\n<\/tr>\n<tr>\n<td width=\"254\">N\u00ba total de portas SATA<\/td>\n<td width=\"326\">2<\/td>\n<\/tr>\n<tr>\n<td width=\"254\">N\u00ba m\u00e1ximo de portas SATA 6.0 Gb\/s<\/td>\n<td width=\"326\">2<\/td>\n<\/tr>\n<tr>\n<td width=\"254\">Configura\u00e7\u00e3o RAID<\/td>\n<td width=\"326\">2.5&#8243; HDD\/SSD + M.2 SATA\/PCIe SSD (RAID-0 RAID-1)<\/td>\n<\/tr>\n<tr>\n<td width=\"254\">\u00e1udio (canal traseiro + canal dianteiro)<\/td>\n<td width=\"326\">7.1 digital (mHDMI mDP); L+R+mic (F)<\/td>\n<\/tr>\n<tr>\n<td width=\"254\">LAN integrada<\/td>\n<td width=\"326\">Intel\u00ae Ethernet Connection I218-V<\/td>\n<\/tr>\n<tr>\n<td width=\"254\">Sem fio inclu\u00eddo<\/td>\n<td width=\"326\">Intel\u00ae Dual Band Wireless-AC 7265<\/td>\n<\/tr>\n<tr>\n<td width=\"254\">Vers\u00e3o do Bluetooth<\/td>\n<td width=\"326\">4.2<\/td>\n<\/tr>\n<\/tbody>\n<\/table>\n","protected":false},"excerpt":{"rendered":"<div class=\"wp-block-post-excerpt\">\n<p class=\"wp-block-post-excerpt__excerpt\">EQUIPAMENTO RECONDICIONADO, SEM SISTEMA OPERATIVO, Grau A-, algumas marcas de uso (pequenos riscos na tampa superior)<\/p>\n<p class=\"wp-block-post-excerpt__excerpt\">4 GB RAM DDR3<\/p>\n<p class=\"wp-block-post-excerpt__excerpt\">HDD SATA SSD 120GB<\/p>\n<p>Alimentador AC\/DC inclu\u00eddo<\/p>\n<\/div>\n","protected":false},"featured_media":3285,"template":"","meta":{"_seopress_robots_primary_cat":"0","_seopress_titles_title":"","_seopress_titles_desc":"","_seopress_robots_index":""},"product_brand":[],"product_cat":[50],"product_tag":[255,96,98,97,95],"class_list":{"0":"post-1774","1":"product","2":"type-product","3":"status-publish","4":"has-post-thumbnail","6":"product_cat-computadores","7":"product_tag-computador","8":"product_tag-intel-nuc","9":"product_tag-intel-nuc-5i3myhe","10":"product_tag-intel-nuc-recondicionado","11":"product_tag-nuc","13":"first","14":"instock","15":"taxable","16":"shipping-taxable","17":"purchasable","18":"product-type-simple"},"_links":{"self":[{"href":"https:\/\/www.nprovit.com\/publicacoes\/wp-json\/wp\/v2\/product\/1774","targetHints":{"allow":["GET"]}}],"collection":[{"href":"https:\/\/www.nprovit.com\/publicacoes\/wp-json\/wp\/v2\/product"}],"about":[{"href":"https:\/\/www.nprovit.com\/publicacoes\/wp-json\/wp\/v2\/types\/product"}],"wp:featuredmedia":[{"embeddable":true,"href":"https:\/\/www.nprovit.com\/publicacoes\/wp-json\/wp\/v2\/media\/3285"}],"wp:attachment":[{"href":"https:\/\/www.nprovit.com\/publicacoes\/wp-json\/wp\/v2\/media?parent=1774"}],"wp:term":[{"taxonomy":"product_brand","embeddable":true,"href":"https:\/\/www.nprovit.com\/publicacoes\/wp-json\/wp\/v2\/product_brand?post=1774"},{"taxonomy":"product_cat","embeddable":true,"href":"https:\/\/www.nprovit.com\/publicacoes\/wp-json\/wp\/v2\/product_cat?post=1774"},{"taxonomy":"product_tag","embeddable":true,"href":"https:\/\/www.nprovit.com\/publicacoes\/wp-json\/wp\/v2\/product_tag?post=1774"}],"curies":[{"name":"wp","href":"https:\/\/api.w.org\/{rel}","templated":true}]}}