{"id":1595,"date":"2024-02-24T18:26:39","date_gmt":"2024-02-24T18:26:39","guid":{"rendered":"https:\/\/www.nprovit.com\/publicacoes\/produto\/servidor-hp-proliant-dl360p-gen8-v2-8x-2-5-sff\/"},"modified":"2025-05-09T18:10:08","modified_gmt":"2025-05-09T17:10:08","slug":"servidor-hp-proliant-dl360p-gen8-v2-8x-2-5-sff","status":"publish","type":"product","link":"https:\/\/www.nprovit.com\/publicacoes\/produto\/servidor-hp-proliant-dl360p-gen8-v2-8x-2-5-sff\/","title":{"rendered":"Servidor Base HP ProLiant DL360p Gen8 V2 8x 2.5&#8243; (SFF)"},"content":{"rendered":"<div class=\"title\"><\/div>\n<div class=\"table-wrapper\">\n<table class=\"data-table\" style=\"height: 436px;\" width=\"715\">\n<thead>\n<tr class=\"hidden-row\">\n<th width=\"35%\"><\/th>\n<th>Caracter\u00edsticas<\/th>\n<\/tr>\n<\/thead>\n<tbody>\n<tr class=\"odd\">\n<td class=\"spec-name\">Server Type<\/td>\n<td class=\"spec-value\">Rack Server<\/td>\n<\/tr>\n<tr class=\"even\">\n<td class=\"spec-name\">Server Brand<\/td>\n<td class=\"spec-value\">HP\/HPE<\/td>\n<\/tr>\n<tr class=\"odd\">\n<td class=\"spec-name\">Server Model<\/td>\n<td class=\"spec-value\">DL360p v2<\/td>\n<\/tr>\n<tr class=\"even\">\n<td class=\"spec-name\">Server Form Factor<\/td>\n<td class=\"spec-value\">1U<\/td>\n<\/tr>\n<tr class=\"odd\">\n<td class=\"spec-name\">Number of Hard Drive Bays<\/td>\n<td class=\"spec-value\">8 x 2,5&#8243;<\/td>\n<\/tr>\n<tr class=\"even\">\n<td class=\"spec-name\">Hard Drive Form Factor<\/td>\n<td class=\"spec-value\">SFF<\/td>\n<\/tr>\n<tr class=\"odd\">\n<td class=\"spec-name\">Server Generation<\/td>\n<td class=\"spec-value\">HPE Gen8<\/td>\n<\/tr>\n<tr class=\"odd\">\n<td class=\"spec-name\">Processor<\/td>\n<td class=\"spec-value\"><span class=\"label\"><span class=\"product_name\">2x 6-Core Intel Xeon E5-2620 V2 2.10GHz<br \/>\n<\/span><\/span><\/td>\n<\/tr>\n<tr class=\"odd\">\n<td class=\"spec-name\">Memory (128GB)<\/td>\n<td class=\"spec-value\"><span class=\"label\"><span class=\"product_name\">N\/A &#8211; Selecionar configura\u00e7\u00e3o<br \/>\n<\/span><\/span><\/td>\n<\/tr>\n<tr class=\"odd\">\n<td class=\"spec-name\">Power<\/td>\n<td class=\"spec-value\"><span class=\"label\"><span class=\"product_name\">N\/A &#8211; Selecionar configura\u00e7\u00e3o<\/span><\/span><\/td>\n<\/tr>\n<tr class=\"odd\">\n<td class=\"spec-name\">Raid<\/td>\n<td class=\"spec-value\"><span class=\"label radio-label\"><span class=\"product_name\"><span class=\"label\">N\/A &#8211; Selecionar configura\u00e7\u00e3o<\/span><\/span><\/span><\/td>\n<\/tr>\n<tr class=\"odd\">\n<td class=\"spec-name\">Hard Drives (tray inc.)<\/td>\n<td class=\"spec-value\"><span class=\"label\"><span class=\"product_name\">N\/A &#8211; Selecionar configura\u00e7\u00e3o<\/span><\/span><\/td>\n<\/tr>\n<tr class=\"odd\">\n<td class=\"spec-name\">Ethernet<\/td>\n<td class=\"spec-value\"><span class=\"label radio-label\"><span class=\"product_name\">1x<\/span><\/span> RJ45 &#8211; <span class=\"label radio-label\"><span class=\"product_name\">1Gb (quad port)<\/span><\/span><\/td>\n<\/tr>\n<\/tbody>\n<\/table>\n<\/div>\n<p><strong>Imagens<\/strong><\/p>\n<p>As imagens dos produtos s\u00e3o meramente ilustrativas e podem diferir do produto real. Devido \u00e0s diferen\u00e7as nos monitores, as cores dos produtos tamb\u00e9m podem parecer diferentes das mostradas no site. Os n\u00fameros das pe\u00e7as podem reduzir a possibilidade de erro na compra. O melhor m\u00e9todo \u00e9 perguntar \u00e0 nossa equipe de suporte se tiver alguma d\u00favida.<\/p>\n<p><strong>Detalhes dos produtos<\/strong><\/p>\n<p>Alguns produtos podem ter uma imagem, foto ou especifica\u00e7\u00f5es do produto associadas. Estes s\u00e3o apenas para refer\u00eancia. Se encontrar algum conflito nas imagens, na descri\u00e7\u00e3o ou no pre\u00e7o, por favor contacte-nos. A nossa equipa trabalha muito para melhorar a qualidade de nossa lista de produtos. No entanto, se voc\u00ea tiver alguma d\u00favida, sinta-se \u00e0 vontade para nos perguntar antes de efetuar alguma encomenda ou pagamento.<\/p>\n<p><strong>Recondicionado\/Refurbished<\/strong><\/p>\n<p>Recondicionado n\u00e3o \u00e9 em segunda m\u00e3o.<br \/>\nRecondicionado significa completamente revisto. A vantagem dos recondicionados \u00e9 que s\u00e3o mais baratos que os produtos novos. Pode economizar at\u00e9 50% num produto que ainda est\u00e1 em \u00f3timo estado t\u00e9cnico e f\u00edsico! Na Nprovit, colaboramos com os melhores especialistas e oferecemos n\u00e3o apenas equipamentos recondicionados mais baratos, mas tamb\u00e9m a certeza da qualidade de equipamentos profissionais prontos para uma nova utiliza\u00e7\u00e3o.<\/p>\n<p>&nbsp;<\/p>\n","protected":false},"excerpt":{"rendered":"<p>Servidor base HP Proliant DL360p Gen8 V2, 2x processador <span class=\"label\"><span class=\"product_name\">6-Core Intel Xeon E5-2620 V2 2.10GHz<\/span><\/span>, 8 ba\u00edas 2.5&#8243;.<\/p>\n<p>Sem discos\/mem\u00f3ria\/placa raid\/fonte. Necess\u00e1rio completar configura\u00e7\u00e3o.<\/p>\n<p>Outras configura\u00e7\u00f5es, por favor contacte-nos<\/p>\n","protected":false},"featured_media":3020,"template":"","meta":{"_seopress_robots_primary_cat":"37","_seopress_titles_title":"","_seopress_titles_desc":"Servidor base HP Proliant DL360p Gen8 V2, 2x processador 6-Core Intel Xeon E5-2620 V2 2.10GHz, 8 ba\u00edas 2.5&quot;.Sem discos\/mem\u00f3ria\/placa raid\/fonte. Necess\u00e1rio completar configura\u00e7\u00e3o.","_seopress_robots_index":""},"product_brand":[],"product_cat":[37],"product_tag":[221,199,220],"class_list":{"0":"post-1595","1":"product","2":"type-product","3":"status-publish","4":"has-post-thumbnail","6":"product_cat-servidores","7":"product_tag-gen8","8":"product_tag-servidor","9":"product_tag-servidor-hp","10":"product_shipping_class-artigos-volumosos-e-ou-muito-pesados","12":"first","13":"onbackorder","14":"taxable","15":"shipping-taxable","16":"purchasable","17":"product-type-simple"},"_links":{"self":[{"href":"https:\/\/www.nprovit.com\/publicacoes\/wp-json\/wp\/v2\/product\/1595","targetHints":{"allow":["GET"]}}],"collection":[{"href":"https:\/\/www.nprovit.com\/publicacoes\/wp-json\/wp\/v2\/product"}],"about":[{"href":"https:\/\/www.nprovit.com\/publicacoes\/wp-json\/wp\/v2\/types\/product"}],"wp:featuredmedia":[{"embeddable":true,"href":"https:\/\/www.nprovit.com\/publicacoes\/wp-json\/wp\/v2\/media\/3020"}],"wp:attachment":[{"href":"https:\/\/www.nprovit.com\/publicacoes\/wp-json\/wp\/v2\/media?parent=1595"}],"wp:term":[{"taxonomy":"product_brand","embeddable":true,"href":"https:\/\/www.nprovit.com\/publicacoes\/wp-json\/wp\/v2\/product_brand?post=1595"},{"taxonomy":"product_cat","embeddable":true,"href":"https:\/\/www.nprovit.com\/publicacoes\/wp-json\/wp\/v2\/product_cat?post=1595"},{"taxonomy":"product_tag","embeddable":true,"href":"https:\/\/www.nprovit.com\/publicacoes\/wp-json\/wp\/v2\/product_tag?post=1595"}],"curies":[{"name":"wp","href":"https:\/\/api.w.org\/{rel}","templated":true}]}}