{"id":1525,"date":"2024-02-24T18:19:08","date_gmt":"2024-02-24T18:19:08","guid":{"rendered":"https:\/\/www.nprovit.com\/publicacoes\/produto\/monitor-acer-24-b246hl-wide-led-vga-dvi-hdmi\/"},"modified":"2025-05-09T18:02:30","modified_gmt":"2025-05-09T17:02:30","slug":"monitor-acer-24-b246hl","status":"publish","type":"product","link":"https:\/\/www.nprovit.com\/publicacoes\/produto\/monitor-acer-24-b246hl\/","title":{"rendered":"Monitor ACER V246HL 24&#8221; LED 1920&#215;1080 VGA\/DVI\/HDMI"},"content":{"rendered":"<p>Marca Acer<br \/>\nModelo V246HL bd<br \/>\nCor Preto<br \/>\nDisplayScreen Size 24&#8243;<br \/>\nLED Backlight Yes<br \/>\nWidescreen Yes<br \/>\nMaximum Resolution 1920 x 1080<br \/>\nRefresh Rate 60 Hz<br \/>\nPixel Pitch 0.276mm<br \/>\nDisplay Colors 16.7 Million<br \/>\nBrightness 250 cd\/m2<br \/>\nContrast Ratio ACM 100,000,000:1 (1000:1)<br \/>\nAspect Ratio 16:9<br \/>\nResponse Time 5 ms<br \/>\nVideo Compatibility Analog RGB, Digital<br \/>\nConnectors<br \/>\nD-Sub 1<br \/>\nDVI 1<br \/>\nHDMI N\u00e3o<br \/>\nDisplayPort N\u00e3o<br \/>\nPowerComplies with ENERGY STAR<br \/>\nPower Supply 100 &#8211; 240 VAC, 50\/60Hz<br \/>\nPower Consumption 20.9W (Typ.)<br \/>\nStand Adjustments Tilt<br \/>\nHDCP Support Yes<br \/>\nVESA Compatibility &#8211; Mountable 100 x 100mm<br \/>\nDimensions &amp; WeightDimensions (H x W x D)<br \/>\n16.62&#8243; x 22.32&#8243; x 8.14&#8243; w\/ stand<br \/>\n13.22&#8243; x 22.32&#8243; x 2.05&#8243; w\/o stand<br \/>\nPeso 5Kg<\/p>\n<p><strong>Imagens<\/strong><\/p>\n<p>As imagens dos produtos s\u00e3o meramente ilustrativas e podem diferir do produto real. Devido \u00e0s diferen\u00e7as nos monitores, as cores dos produtos tamb\u00e9m podem parecer diferentes das mostradas no site. Os n\u00fameros das pe\u00e7as podem reduzir a possibilidade de erro na compra. O melhor m\u00e9todo \u00e9 perguntar \u00e0 nossa equipe de suporte se tiver alguma d\u00favida.<\/p>\n<p><strong>Detalhes dos produtos<\/strong><\/p>\n<p>Alguns produtos podem ter uma imagem, foto ou especifica\u00e7\u00f5es do produto associadas. Estes s\u00e3o apenas para refer\u00eancia. Se encontrar algum conflito nas imagens, na descri\u00e7\u00e3o ou no pre\u00e7o, por favor contacte-nos. A nossa equipa trabalha muito para melhorar a qualidade de nossa lista de produtos. No entanto, se voc\u00ea tiver alguma d\u00favida, sinta-se \u00e0 vontade para nos perguntar antes de efetuar alguma encomenda ou pagamento.<\/p>\n<p><strong>Recondicionado\/Refurbished<\/strong><\/p>\n<p>Recondicionado n\u00e3o \u00e9 em segunda m\u00e3o.<br \/>\nRecondicionado significa completamente revisto. A vantagem dos recondicionados \u00e9 que s\u00e3o mais baratos que os produtos novos. Pode economizar at\u00e9 50% num produto que ainda est\u00e1 em \u00f3timo estado t\u00e9cnico e f\u00edsico! Na Nprovit, colaboramos com os melhores especialistas e oferecemos n\u00e3o apenas equipamentos recondicionados mais baratos, mas tamb\u00e9m a certeza da qualidade de equipamentos profissionais prontos para uma nova utiliza\u00e7\u00e3o.<\/p>\n<p>&nbsp;<\/p>\n","protected":false},"excerpt":{"rendered":"<div id=\"short_description_content\" class=\"rte align_justify\">\n<h1 class=\"product-title\">Monitor Acer V246HL 24&#8243; 1920 x 1080 60Hz VGA, DVI LED<\/h1>\n<div class=\"product-bullets\">\n<ul>\n<li>Full HD (1920 x 1080) 5ms (GTG) 60Hz<\/li>\n<li>Contrast Ratio 100,000,000:1, 16.7 million Colors Supported<\/li>\n<li>DVI \/ VGA \/ HDM<\/li>\n<li>Acer eColor technology, Acer ComfyView, Acer EcoDisplay<\/li>\n<li>Wall-Mount Capability<\/li>\n<\/ul>\n<\/div>\n<\/div>\n","protected":false},"featured_media":2930,"template":"","meta":{"_seopress_robots_primary_cat":"44","_seopress_titles_title":"","_seopress_titles_desc":"Monitor ACER V246HL 24&#039;&#039; LED 1920x1080 VGA\/DVI\/HDMI","_seopress_robots_index":""},"product_brand":[],"product_cat":[44],"product_tag":[206,200,207],"class_list":{"0":"post-1525","1":"product","2":"type-product","3":"status-publish","4":"has-post-thumbnail","6":"product_cat-monitores","7":"product_tag-acer","8":"product_tag-monitor","9":"product_tag-monitor-acer","11":"first","12":"instock","13":"taxable","14":"shipping-taxable","15":"purchasable","16":"product-type-simple"},"_links":{"self":[{"href":"https:\/\/www.nprovit.com\/publicacoes\/wp-json\/wp\/v2\/product\/1525","targetHints":{"allow":["GET"]}}],"collection":[{"href":"https:\/\/www.nprovit.com\/publicacoes\/wp-json\/wp\/v2\/product"}],"about":[{"href":"https:\/\/www.nprovit.com\/publicacoes\/wp-json\/wp\/v2\/types\/product"}],"wp:featuredmedia":[{"embeddable":true,"href":"https:\/\/www.nprovit.com\/publicacoes\/wp-json\/wp\/v2\/media\/2930"}],"wp:attachment":[{"href":"https:\/\/www.nprovit.com\/publicacoes\/wp-json\/wp\/v2\/media?parent=1525"}],"wp:term":[{"taxonomy":"product_brand","embeddable":true,"href":"https:\/\/www.nprovit.com\/publicacoes\/wp-json\/wp\/v2\/product_brand?post=1525"},{"taxonomy":"product_cat","embeddable":true,"href":"https:\/\/www.nprovit.com\/publicacoes\/wp-json\/wp\/v2\/product_cat?post=1525"},{"taxonomy":"product_tag","embeddable":true,"href":"https:\/\/www.nprovit.com\/publicacoes\/wp-json\/wp\/v2\/product_tag?post=1525"}],"curies":[{"name":"wp","href":"https:\/\/api.w.org\/{rel}","templated":true}]}}