{"id":1521,"date":"2024-02-24T18:17:31","date_gmt":"2024-02-24T18:17:31","guid":{"rendered":"https:\/\/www.nprovit.com\/publicacoes\/produto\/monitor-24-aoc-i2475pxj-led-1920x1080-ips-hdmi-d-sub-black\/"},"modified":"2025-12-22T21:05:44","modified_gmt":"2025-12-22T21:05:44","slug":"monitor-aoc-i2475pxj","status":"publish","type":"product","link":"https:\/\/www.nprovit.com\/publicacoes\/produto\/monitor-aoc-i2475pxj\/","title":{"rendered":"Monitor 24&#8243; AOC I2475PXJ, LED, 1920&#215;1080 IPS HDMI e VGA (Black)"},"content":{"rendered":"<table style=\"height: 776px;\" width=\"431\">\n<tbody>\n<tr>\n<td width=\"187\">Brand<\/td>\n<td width=\"135\">AOC<\/td>\n<\/tr>\n<tr>\n<td>Model<\/td>\n<td>I2475PXJ<\/td>\n<\/tr>\n<tr>\n<td>Display type<\/td>\n<td>Flat<\/td>\n<\/tr>\n<tr>\n<td>Screen size<\/td>\n<td>24<\/td>\n<\/tr>\n<tr>\n<td>Native resolution<\/td>\n<td>1920 x 1080<\/td>\n<\/tr>\n<tr>\n<td>Matrix type<\/td>\n<td>IPS<\/td>\n<\/tr>\n<tr>\n<td>Backlight<\/td>\n<td>LED<\/td>\n<\/tr>\n<tr>\n<td>Aspect ratio<\/td>\n<td>16:09<\/td>\n<\/tr>\n<tr>\n<td>Response time<\/td>\n<td>5 ms<\/td>\n<\/tr>\n<tr>\n<td>Brightness<\/td>\n<td>250 cd\/qm<\/td>\n<\/tr>\n<tr>\n<td>Refresh rate<\/td>\n<td>60 Hz<\/td>\n<\/tr>\n<tr>\n<td>Color depth<\/td>\n<td>16,77 mln.<\/td>\n<\/tr>\n<tr>\n<td>Static contrast<\/td>\n<td>1000:01:00<\/td>\n<\/tr>\n<tr>\n<td>Monitor pivot<\/td>\n<td>Yes<\/td>\n<\/tr>\n<tr>\n<td>Tilt angle adjustment<\/td>\n<td>Yes<\/td>\n<\/tr>\n<tr>\n<td>Height adjustment<\/td>\n<td>Yes<\/td>\n<\/tr>\n<tr>\n<td>Touchscreen<\/td>\n<td>No<\/td>\n<\/tr>\n<tr>\n<td>Speakers<\/td>\n<td>Yes<\/td>\n<\/tr>\n<tr>\n<td>Connectors<\/td>\n<td>D-Sub (VGA)<\/td>\n<\/tr>\n<tr>\n<td><\/td>\n<td>DVI<\/td>\n<\/tr>\n<tr>\n<td><\/td>\n<td>HDMI<\/td>\n<\/tr>\n<tr>\n<td>Viewing angle<\/td>\n<td>178\u00b0 (v) \/ 178\u00ba (h)<\/td>\n<\/tr>\n<tr>\n<td>VESA mount support<\/td>\n<td>100 x 100<\/td>\n<\/tr>\n<tr>\n<td>Color<\/td>\n<td>Black (main)<\/td>\n<\/tr>\n<tr>\n<td>Technical condition<\/td>\n<td>A Class<\/td>\n<\/tr>\n<tr>\n<td>Cabo Power inclu\u00eddo<\/td>\n<td>sim<\/td>\n<\/tr>\n<\/tbody>\n<\/table>\n<p>&nbsp;<\/p>\n<p><strong>Imagens<\/strong><\/p>\n<p>As imagens dos produtos s\u00e3o meramente ilustrativas e podem diferir do produto real. Devido \u00e0s diferen\u00e7as nos monitores, as cores dos produtos tamb\u00e9m podem parecer diferentes das mostradas no site. Os n\u00fameros das pe\u00e7as podem reduzir a possibilidade de erro na compra. O melhor m\u00e9todo \u00e9 perguntar \u00e0 nossa equipe de suporte se tiver alguma d\u00favida.<\/p>\n<p><strong>Detalhes dos produtos<\/strong><\/p>\n<p>Alguns produtos podem ter uma imagem, foto ou especifica\u00e7\u00f5es do produto associadas. Estes s\u00e3o apenas para refer\u00eancia. Se encontrar algum conflito nas imagens, na descri\u00e7\u00e3o ou no pre\u00e7o, por favor contacte-nos. A nossa equipa trabalha muito para melhorar a qualidade de nossa lista de produtos. No entanto, se voc\u00ea tiver alguma d\u00favida, sinta-se \u00e0 vontade para nos perguntar antes de efetuar alguma encomenda ou pagamento.<\/p>\n<p><strong>Recondicionado\/Refurbished<\/strong><\/p>\n<p>Recondicionado n\u00e3o \u00e9 em segunda m\u00e3o.<br \/>\nRecondicionado significa completamente revisto. A vantagem dos recondicionados \u00e9 que s\u00e3o mais baratos que os produtos novos. Pode economizar at\u00e9 50% num produto que ainda est\u00e1 em \u00f3timo estado t\u00e9cnico e f\u00edsico! Na Nprovit, colaboramos com os melhores especialistas e oferecemos n\u00e3o apenas equipamentos recondicionados mais baratos, mas tamb\u00e9m a certeza da qualidade de equipamentos profissionais prontos para uma nova utiliza\u00e7\u00e3o.<\/p>\n","protected":false},"excerpt":{"rendered":"<p>Monitor 24&#8243; AOC I2475PXJ, LED, 1920&#215;1080 IPS HDMI D-SUB Black<\/p>\n","protected":false},"featured_media":2942,"template":"","meta":{"_seopress_robots_primary_cat":"44","_seopress_titles_title":"","_seopress_titles_desc":"Monitor 24&quot; AOC I2475PXJ, LED, 1920x1080 IPS HDMI D-SUB Black","_seopress_robots_index":""},"product_brand":[],"product_cat":[44],"product_tag":[210,200,211],"class_list":{"0":"post-1521","1":"product","2":"type-product","3":"status-publish","4":"has-post-thumbnail","6":"product_cat-monitores","7":"product_tag-aoc","8":"product_tag-monitor","9":"product_tag-monitor-aoc","11":"first","12":"instock","13":"taxable","14":"shipping-taxable","15":"purchasable","16":"product-type-simple"},"_links":{"self":[{"href":"https:\/\/www.nprovit.com\/publicacoes\/wp-json\/wp\/v2\/product\/1521","targetHints":{"allow":["GET"]}}],"collection":[{"href":"https:\/\/www.nprovit.com\/publicacoes\/wp-json\/wp\/v2\/product"}],"about":[{"href":"https:\/\/www.nprovit.com\/publicacoes\/wp-json\/wp\/v2\/types\/product"}],"wp:featuredmedia":[{"embeddable":true,"href":"https:\/\/www.nprovit.com\/publicacoes\/wp-json\/wp\/v2\/media\/2942"}],"wp:attachment":[{"href":"https:\/\/www.nprovit.com\/publicacoes\/wp-json\/wp\/v2\/media?parent=1521"}],"wp:term":[{"taxonomy":"product_brand","embeddable":true,"href":"https:\/\/www.nprovit.com\/publicacoes\/wp-json\/wp\/v2\/product_brand?post=1521"},{"taxonomy":"product_cat","embeddable":true,"href":"https:\/\/www.nprovit.com\/publicacoes\/wp-json\/wp\/v2\/product_cat?post=1521"},{"taxonomy":"product_tag","embeddable":true,"href":"https:\/\/www.nprovit.com\/publicacoes\/wp-json\/wp\/v2\/product_tag?post=1521"}],"curies":[{"name":"wp","href":"https:\/\/api.w.org\/{rel}","templated":true}]}}