{"id":1487,"date":"2024-02-24T18:14:46","date_gmt":"2024-02-24T18:14:46","guid":{"rendered":"https:\/\/www.nprovit.com\/publicacoes\/produto\/balanca-dibal-g-310n-red-15kg-30kg\/"},"modified":"2025-05-09T17:25:50","modified_gmt":"2025-05-09T16:25:50","slug":"balanca-dibal-g-310","status":"publish","type":"product","link":"https:\/\/www.nprovit.com\/publicacoes\/produto\/balanca-dibal-g-310\/","title":{"rendered":"BALAN\u00c7A DIBAL G-310 15KG\/30KG"},"content":{"rendered":"<p><strong>Imagens<\/strong><\/p>\n<p>As imagens dos produtos s\u00e3o meramente ilustrativas e podem diferir do produto real. Devido \u00e0s diferen\u00e7as nos monitores, as cores dos produtos tamb\u00e9m podem parecer diferentes das mostradas no site. Os n\u00fameros das pe\u00e7as podem reduzir a possibilidade de erro na compra. O melhor m\u00e9todo \u00e9 perguntar \u00e0 nossa equipe de suporte se tiver alguma d\u00favida.<\/p>\n<p><strong>Detalhes dos produtos<\/strong><\/p>\n<p>Alguns produtos podem ter uma imagem, foto ou especifica\u00e7\u00f5es do produto associadas. Estes s\u00e3o apenas para refer\u00eancia. Se encontrar algum conflito nas imagens, na descri\u00e7\u00e3o ou no pre\u00e7o, por favor contacte-nos. A nossa equipa trabalha muito para melhorar a qualidade de nossa lista de produtos. No entanto, se voc\u00ea tiver alguma d\u00favida, sinta-se \u00e0 vontade para nos perguntar antes de efetuar alguma encomenda ou pagamento.<\/p>\n<p><strong>Recondicionado\/Refurbished<\/strong><\/p>\n<p>Recondicionado n\u00e3o \u00e9 em segunda m\u00e3o.<br \/>\nRecondicionado significa completamente revisto. A vantagem dos recondicionados \u00e9 que s\u00e3o mais baratos que os produtos novos. Pode economizar at\u00e9 50% num produto que ainda est\u00e1 em \u00f3timo estado t\u00e9cnico e f\u00edsico! Na Nprovit, colaboramos com os melhores especialistas e oferecemos n\u00e3o apenas equipamentos recondicionados mais baratos, mas tamb\u00e9m a certeza da qualidade de equipamentos profissionais prontos para uma nova utiliza\u00e7\u00e3o.<\/p>\n","protected":false},"excerpt":{"rendered":"<p>Recondicionada &#8211; Caixa Aberta nunca usada. Necessita taxa verifica\u00e7\u00e3o (est\u00e1 caducada)<\/p>\n<p>2 LCDs rectro-iluminadso Balan\u00e7a multi escal\u00e3o<br \/>\nPLUs MAX: 100<br \/>\nPLUs Directos: 18<br \/>\nAlcance: 15\/30Kg<br \/>\nDivis\u00e3o: 5\/10 g<br \/>\nAltura torre (inclu\u00edda): 480mm LPH: 320x400x116 mm<br \/>\nComunica\u00e7\u00e3o: RS232<br \/>\nTeclado: Membrana sem deforma\u00e7\u00e3o<br \/>\nSistema de protec\u00e7\u00e3o anti-humidade<br \/>\nAlimenta\u00e7\u00e3o: adaptador AC.<br \/>\nOp\u00e7\u00e3o: cabo de liga\u00e7\u00e3o a PC\/Registadora<\/p>\n","protected":false},"featured_media":2959,"template":"","meta":{"_seopress_robots_primary_cat":"32","_seopress_titles_title":"","_seopress_titles_desc":"BALAN\u00c7A DIBAL G-310 15KG\/30KG","_seopress_robots_index":""},"product_brand":[],"product_cat":[32],"product_tag":[215,216],"class_list":{"0":"post-1487","1":"product","2":"type-product","3":"status-publish","4":"has-post-thumbnail","6":"product_cat-pos","7":"product_tag-balanca","8":"product_tag-balanca-dibal","10":"first","11":"instock","12":"sale","13":"taxable","14":"shipping-taxable","15":"purchasable","16":"product-type-simple"},"_links":{"self":[{"href":"https:\/\/www.nprovit.com\/publicacoes\/wp-json\/wp\/v2\/product\/1487","targetHints":{"allow":["GET"]}}],"collection":[{"href":"https:\/\/www.nprovit.com\/publicacoes\/wp-json\/wp\/v2\/product"}],"about":[{"href":"https:\/\/www.nprovit.com\/publicacoes\/wp-json\/wp\/v2\/types\/product"}],"wp:featuredmedia":[{"embeddable":true,"href":"https:\/\/www.nprovit.com\/publicacoes\/wp-json\/wp\/v2\/media\/2959"}],"wp:attachment":[{"href":"https:\/\/www.nprovit.com\/publicacoes\/wp-json\/wp\/v2\/media?parent=1487"}],"wp:term":[{"taxonomy":"product_brand","embeddable":true,"href":"https:\/\/www.nprovit.com\/publicacoes\/wp-json\/wp\/v2\/product_brand?post=1487"},{"taxonomy":"product_cat","embeddable":true,"href":"https:\/\/www.nprovit.com\/publicacoes\/wp-json\/wp\/v2\/product_cat?post=1487"},{"taxonomy":"product_tag","embeddable":true,"href":"https:\/\/www.nprovit.com\/publicacoes\/wp-json\/wp\/v2\/product_tag?post=1487"}],"curies":[{"name":"wp","href":"https:\/\/api.w.org\/{rel}","templated":true}]}}