{"id":1371,"date":"2024-02-24T18:05:41","date_gmt":"2024-02-24T18:05:41","guid":{"rendered":"https:\/\/www.nprovit.com\/publicacoes\/produto\/monitor-hp-lcd-hp-elite-display-e221c-22-dp-vga-dvi-d-usb-x2\/"},"modified":"2025-05-09T18:02:31","modified_gmt":"2025-05-09T17:02:31","slug":"monitor-hp-e221c","status":"publish","type":"product","link":"https:\/\/www.nprovit.com\/publicacoes\/produto\/monitor-hp-e221c\/","title":{"rendered":"Monitor HP LCD HP ELITE DISPLAY E221C 22&#8243; DP VGA DVI-D USB X2"},"content":{"rendered":"<p>&nbsp;<\/p>\n<table>\n<tbody>\n<tr>\n<td>Feature<\/td>\n<td>Description<\/td>\n<\/tr>\n<tr>\n<td>Model<\/td>\n<td>D9E49AA<\/td>\n<\/tr>\n<tr>\n<td>Panel type<\/td>\n<td>IPS with LED backlight<\/td>\n<\/tr>\n<tr>\n<td>Viewable image area<\/td>\n<td>54,6 cm (21.5-inch) diagonally measured<\/td>\n<\/tr>\n<tr>\n<td rowspan=\"2\">Viewing angle<\/td>\n<td>Horizontal: 178\u00b0<\/td>\n<\/tr>\n<tr>\n<td>Vertical: 178\u00b0<\/td>\n<\/tr>\n<tr>\n<td>Brightness<\/td>\n<td>250 cd\/m<\/td>\n<\/tr>\n<tr>\n<td rowspan=\"2\">Contrast ratio<\/td>\n<td>Static: 1000:1<\/td>\n<\/tr>\n<tr>\n<td>Dynamic: 5,000,000:1<\/td>\n<\/tr>\n<tr>\n<td rowspan=\"2\">Frequency<\/td>\n<td>Horizontal: 24 KHz &#8211; 94 KHz<\/td>\n<\/tr>\n<tr>\n<td>Vertical: 50 Hz &#8211; 76 Hz<\/td>\n<\/tr>\n<tr>\n<td>Aspect ratio<\/td>\n<td>16:09<\/td>\n<\/tr>\n<tr>\n<td>Native resolution<\/td>\n<td>1920 x 1080 @ 60 Hz<\/td>\n<\/tr>\n<tr>\n<td>Input signal<\/td>\n<td>VGA (analog), DVI-D, DisplayPort (HDCP support on DVI-D and DisplayPort)<\/td>\n<\/tr>\n<tr>\n<td>USB<\/td>\n<td>Integrated USB 2.0 hub with (2) Downstream and (1) Upstream ports<\/td>\n<\/tr>\n<tr>\n<td>Audio<\/td>\n<td>1-W channel built-in speakers (rear firing); PC audio in, headphone\/speaker audio out<\/td>\n<\/tr>\n<tr>\n<td>Webcam<\/td>\n<td>Integrated 720p webcam with dual microphones<\/td>\n<\/tr>\n<tr>\n<td rowspan=\"4\">Base features<\/td>\n<td>Tilt: -5 to +30 degrees<\/td>\n<\/tr>\n<tr>\n<td>Swivel: 360\u00b0<\/td>\n<\/tr>\n<tr>\n<td>Height adjustable: 150 mm<\/td>\n<\/tr>\n<tr>\n<td>Pivot rotation: 90\u00b0<\/td>\n<\/tr>\n<\/tbody>\n<\/table>\n<p><strong>Imagens<\/strong><\/p>\n<p>As imagens dos produtos s\u00e3o meramente ilustrativas e podem diferir do produto real. Devido \u00e0s diferen\u00e7as nos monitores, as cores dos produtos tamb\u00e9m podem parecer diferentes das mostradas no site. Os n\u00fameros das pe\u00e7as podem reduzir a possibilidade de erro na compra. O melhor m\u00e9todo \u00e9 perguntar \u00e0 nossa equipe de suporte se tiver alguma d\u00favida.<\/p>\n<p><strong>Detalhes dos produtos<\/strong><\/p>\n<p>Alguns produtos podem ter uma imagem, foto ou especifica\u00e7\u00f5es do produto associadas. Estes s\u00e3o apenas para refer\u00eancia. Se encontrar algum conflito nas imagens, na descri\u00e7\u00e3o ou no pre\u00e7o, por favor contacte-nos. A nossa equipa trabalha muito para melhorar a qualidade de nossa lista de produtos. No entanto, se voc\u00ea tiver alguma d\u00favida, sinta-se \u00e0 vontade para nos perguntar antes de efetuar alguma encomenda ou pagamento.<\/p>\n<p><strong>Recondicionado\/Refurbished<\/strong><\/p>\n<p>Recondicionado n\u00e3o \u00e9 em segunda m\u00e3o.<br \/>\nRecondicionado significa completamente revisto. A vantagem dos recondicionados \u00e9 que s\u00e3o mais baratos que os produtos novos. Pode economizar at\u00e9 50% num produto que ainda est\u00e1 em \u00f3timo estado t\u00e9cnico e f\u00edsico! Na Nprovit, colaboramos com os melhores especialistas e oferecemos n\u00e3o apenas equipamentos recondicionados mais baratos, mas tamb\u00e9m a certeza da qualidade de equipamentos profissionais prontos para uma nova utiliza\u00e7\u00e3o.<\/p>\n","protected":false},"excerpt":{"rendered":"<p><strong>Monitor HP E221c 22\u2033<\/strong><\/p>\n<p><strong>22\u2033 IPS\u00a0<\/strong><br \/>\n<strong>FullHD<\/strong> 1920\u00d71080<br \/>\nAspect Ratio: <strong>16:9<\/strong><br \/>\nResponse Time: <strong>6ms<\/strong><br \/>\n<strong>250 nits<br \/>\nCom Webcam Micro e Colunas\u00a0<\/strong>(integrado)<\/p>\n<p>Conectores:<br \/>\nDisplayPort | DVI-D | VGA<br \/>\n2x USB 2.0<\/p>\n","protected":false},"featured_media":2936,"template":"","meta":{"_seopress_robots_primary_cat":"44","_seopress_titles_title":"","_seopress_titles_desc":"Monitor HP LCD HP ELITE DISPLAY E221C 22&quot; DP VGA DVI-D USB X2","_seopress_robots_index":""},"product_brand":[],"product_cat":[44],"product_tag":[186,200,201],"class_list":{"0":"post-1371","1":"product","2":"type-product","3":"status-publish","4":"has-post-thumbnail","6":"product_cat-monitores","7":"product_tag-hp","8":"product_tag-monitor","9":"product_tag-monitor-hp","11":"first","12":"instock","13":"taxable","14":"shipping-taxable","15":"purchasable","16":"product-type-simple"},"_links":{"self":[{"href":"https:\/\/www.nprovit.com\/publicacoes\/wp-json\/wp\/v2\/product\/1371","targetHints":{"allow":["GET"]}}],"collection":[{"href":"https:\/\/www.nprovit.com\/publicacoes\/wp-json\/wp\/v2\/product"}],"about":[{"href":"https:\/\/www.nprovit.com\/publicacoes\/wp-json\/wp\/v2\/types\/product"}],"wp:featuredmedia":[{"embeddable":true,"href":"https:\/\/www.nprovit.com\/publicacoes\/wp-json\/wp\/v2\/media\/2936"}],"wp:attachment":[{"href":"https:\/\/www.nprovit.com\/publicacoes\/wp-json\/wp\/v2\/media?parent=1371"}],"wp:term":[{"taxonomy":"product_brand","embeddable":true,"href":"https:\/\/www.nprovit.com\/publicacoes\/wp-json\/wp\/v2\/product_brand?post=1371"},{"taxonomy":"product_cat","embeddable":true,"href":"https:\/\/www.nprovit.com\/publicacoes\/wp-json\/wp\/v2\/product_cat?post=1371"},{"taxonomy":"product_tag","embeddable":true,"href":"https:\/\/www.nprovit.com\/publicacoes\/wp-json\/wp\/v2\/product_tag?post=1371"}],"curies":[{"name":"wp","href":"https:\/\/api.w.org\/{rel}","templated":true}]}}