{"id":1356,"date":"2024-02-24T18:04:43","date_gmt":"2024-02-24T18:04:43","guid":{"rendered":"https:\/\/www.nprovit.com\/publicacoes\/produto\/telefone-audiocodes-420hd\/"},"modified":"2025-12-22T21:05:38","modified_gmt":"2025-12-22T21:05:38","slug":"telefone-audiocodes-420hd","status":"publish","type":"product","link":"https:\/\/www.nprovit.com\/publicacoes\/produto\/telefone-audiocodes-420hd\/","title":{"rendered":"Telefone AudioCodes 420HD"},"content":{"rendered":"<pre><span class=\"od_red\">Caracter\u00edsticas:<\/span><\/pre>\n<ul>\n<li><strong>2 contas SIP configur\u00e1veis<\/strong><\/li>\n<li>Ecr\u00e3 gr\u00e1fico LCD (128 x 48 pixeis)<\/li>\n<li>4 teclas program\u00e1veis<\/li>\n<li>Gest\u00e3o de <strong>4 chamadas simult\u00e2neas (<\/strong>2 por linha)<\/li>\n<li>PoE: auto-alimentado atrav\u00e9s do cabo RJ45<\/li>\n<li>Switch Ethernet Giga 10\/100\/1000 Mbps<\/li>\n<li>Som de alta qualidade<\/li>\n<li>Alta voz m\u00e3o livres Full Duplex<\/li>\n<li>Compat\u00edvel com a maioria das plataformas SIP<\/li>\n<li>Dimens\u00f5es 188 x 157 x 163 mm<\/li>\n<li>Peso: 820g<\/li>\n<li>Multi-idiomas: ingl\u00eas, franc\u00eas, espanhol, italiano, portugu\u00eas, alem\u00e3o, etc&#8230;<\/li>\n<\/ul>\n","protected":false},"excerpt":{"rendered":"<p>Telefone SIP (VoIP), profissional compat\u00edvel com centrais telef\u00f3nicas VoIP, <strong>Microsoft\u00a0\u00a0Lync \/ Skype for Business.<\/strong><\/p>\n<p>A gama de telefones IP SIP\u00a0AudioCodes 400HD UC Microsoft inclui elementos muito f\u00e1ceis de usar, com uma grande variedade de fun\u00e7\u00f5es e completamente optimizado para ser utilizado com o software de comunica\u00e7\u00f5es unificadas de Microsoft. S\u00e3o adequados para os fornecedores de <strong>servi\u00e7os de alojamento e sistemas de telefonia para PMEs e grandes empresas.\u00a0<\/strong><\/p>\n<div>\n<p>O telefone\u00a0\u00a0AudioCodes 420HD \u00e9 um dispositivo profissional simples que integra a gest\u00e3o de <strong>2 contas SIP, 4 teclas program\u00e1veis, 4 chamadas simult\u00e2neas, <\/strong>alimenta\u00e7\u00e3o atrav\u00e9s do<strong> cabo Ethernet (pOE)<\/strong> e um <strong>Swich Ethernet de 2 portas<\/strong> 10\/100 Mbps.<\/p>\n<\/div>\n","protected":false},"featured_media":3043,"template":"","meta":{"_seopress_robots_primary_cat":"42","_seopress_titles_title":"","_seopress_titles_desc":"Telefone SIP (VoIP), profissional compat\u00edvel com centrais telef\u00f3nicas VoIP, Microsoft\u00a0\u00a0Lync \/ Skype for Business.A gama de telefones IP SIP\u00a0AudioCodes 400HD UC Microsoft inclui elementos muito f\u00e1ceis de usar, com uma grande variedade de fun\u00e7\u00f5es e completamente optimizado para ser utilizado com o software de comunica\u00e7\u00f5es unificadas de Microsoft. S\u00e3o adequados para os fornecedores de servi\u00e7os de alojamento e sistemas de telefonia para PMEs e grandes empresas.\u00a0O telefone\u00a0\u00a0AudioCodes 420HD \u00e9 um dispositivo profissional simples que integra a gest\u00e3o de 2 contas SIP, 4 teclas program\u00e1veis, 4 chamadas simult\u00e2neas, alimenta\u00e7\u00e3o atrav\u00e9s do cabo Ethernet (pOE) e um Swich Ethernet de 2 portas 10\/100 Mbps.","_seopress_robots_index":""},"product_brand":[],"product_cat":[42],"product_tag":[224,171,172,272],"class_list":{"0":"post-1356","1":"product","2":"type-product","3":"status-publish","4":"has-post-thumbnail","6":"product_cat-telefones-voip","7":"product_tag-audiocodes","8":"product_tag-ip-phone","9":"product_tag-telefone-ip","10":"product_tag-telefone-voip","12":"first","13":"outofstock","14":"taxable","15":"shipping-taxable","16":"purchasable","17":"product-type-simple"},"_links":{"self":[{"href":"https:\/\/www.nprovit.com\/publicacoes\/wp-json\/wp\/v2\/product\/1356","targetHints":{"allow":["GET"]}}],"collection":[{"href":"https:\/\/www.nprovit.com\/publicacoes\/wp-json\/wp\/v2\/product"}],"about":[{"href":"https:\/\/www.nprovit.com\/publicacoes\/wp-json\/wp\/v2\/types\/product"}],"wp:featuredmedia":[{"embeddable":true,"href":"https:\/\/www.nprovit.com\/publicacoes\/wp-json\/wp\/v2\/media\/3043"}],"wp:attachment":[{"href":"https:\/\/www.nprovit.com\/publicacoes\/wp-json\/wp\/v2\/media?parent=1356"}],"wp:term":[{"taxonomy":"product_brand","embeddable":true,"href":"https:\/\/www.nprovit.com\/publicacoes\/wp-json\/wp\/v2\/product_brand?post=1356"},{"taxonomy":"product_cat","embeddable":true,"href":"https:\/\/www.nprovit.com\/publicacoes\/wp-json\/wp\/v2\/product_cat?post=1356"},{"taxonomy":"product_tag","embeddable":true,"href":"https:\/\/www.nprovit.com\/publicacoes\/wp-json\/wp\/v2\/product_tag?post=1356"}],"curies":[{"name":"wp","href":"https:\/\/api.w.org\/{rel}","templated":true}]}}