{"id":1352,"date":"2024-02-24T18:01:05","date_gmt":"2024-02-24T18:01:05","guid":{"rendered":"https:\/\/www.nprovit.com\/publicacoes\/produto\/contrato-de-assistencia-tecnica-anual-kiosk-suporte-remoto-e-pecas\/"},"modified":"2025-05-15T15:42:33","modified_gmt":"2025-05-15T14:42:33","slug":"assist-quiosque-remoto-presencial","status":"publish","type":"product","link":"https:\/\/www.nprovit.com\/publicacoes\/produto\/assist-quiosque-remoto-presencial\/","title":{"rendered":"Contrato de Assist\u00eancia T\u00e9cnica Anual &#8211; Quiosques Dispensadores de Senhas &#8211; Suporte Remoto e Presencial"},"content":{"rendered":"<p>Tarefas de resolu\u00e7\u00e3o de problemas em solu\u00e7\u00f5es Quiosque, com recurso a acessos remotos.<\/p>\n<p>Apoio na programa\u00e7\u00e3o de agendas multim\u00e9dia, inser\u00e7\u00e3o de conte\u00fados, etc&#8230;<\/p>\n<p>Inclu\u00ed interven\u00e7\u00f5es no local para resolu\u00e7\u00e3o de avarias. Sem pe\u00e7as<\/p>\n","protected":false},"excerpt":{"rendered":"<p>Contrato assist\u00eancia Software Quiosque &#8211; apoio remoto e presencial. Vig\u00eancia anual. Sem pe\u00e7as.<\/p>\n","protected":false},"featured_media":3703,"template":"","meta":{"_seopress_robots_primary_cat":"0","_seopress_titles_title":"","_seopress_titles_desc":"Contrato assist\u00eancia Software Quiosques Dispensadores de Senhas - apoio remoto e presencial. Vig\u00eancia anual. Sem pe\u00e7as.","_seopress_robots_index":""},"product_brand":[284],"product_cat":[39],"product_tag":[283,77,78,80],"class_list":{"0":"post-1352","1":"product","2":"type-product","3":"status-publish","4":"has-post-thumbnail","6":"product_brand-n-sgf","7":"product_cat-kiosk","8":"product_tag-dispensador-de-senhas","9":"product_tag-kiosk","10":"product_tag-quiosque","11":"product_tag-senhas-de-vez","13":"first","14":"instock","15":"virtual","16":"taxable","17":"purchasable","18":"product-type-simple"},"_links":{"self":[{"href":"https:\/\/www.nprovit.com\/publicacoes\/wp-json\/wp\/v2\/product\/1352","targetHints":{"allow":["GET"]}}],"collection":[{"href":"https:\/\/www.nprovit.com\/publicacoes\/wp-json\/wp\/v2\/product"}],"about":[{"href":"https:\/\/www.nprovit.com\/publicacoes\/wp-json\/wp\/v2\/types\/product"}],"wp:featuredmedia":[{"embeddable":true,"href":"https:\/\/www.nprovit.com\/publicacoes\/wp-json\/wp\/v2\/media\/3703"}],"wp:attachment":[{"href":"https:\/\/www.nprovit.com\/publicacoes\/wp-json\/wp\/v2\/media?parent=1352"}],"wp:term":[{"taxonomy":"product_brand","embeddable":true,"href":"https:\/\/www.nprovit.com\/publicacoes\/wp-json\/wp\/v2\/product_brand?post=1352"},{"taxonomy":"product_cat","embeddable":true,"href":"https:\/\/www.nprovit.com\/publicacoes\/wp-json\/wp\/v2\/product_cat?post=1352"},{"taxonomy":"product_tag","embeddable":true,"href":"https:\/\/www.nprovit.com\/publicacoes\/wp-json\/wp\/v2\/product_tag?post=1352"}],"curies":[{"name":"wp","href":"https:\/\/api.w.org\/{rel}","templated":true}]}}