{"id":1324,"date":"2024-02-24T12:23:26","date_gmt":"2024-02-24T12:23:26","guid":{"rendered":"https:\/\/www.nprovit.com\/publicacoes\/produto\/manutencao-assistencia-tecnica-anual-suporte-remoto-1-deslocacoes-onsite\/"},"modified":"2025-05-09T18:01:04","modified_gmt":"2025-05-09T17:01:04","slug":"manutencao-assistencia-tecnica-anual-suporte-remoto-1-deslocacoes-onsite","status":"publish","type":"product","link":"https:\/\/www.nprovit.com\/publicacoes\/produto\/manutencao-assistencia-tecnica-anual-suporte-remoto-1-deslocacoes-onsite\/","title":{"rendered":"Manuten\u00e7\u00e3o\/ Assist\u00eancia T\u00e9cnica &#8211; Anual, Suporte Remoto + 1 desloca\u00e7\u00f5es onsite"},"content":{"rendered":"","protected":false},"excerpt":{"rendered":"","protected":false},"featured_media":0,"template":"","meta":{"_seopress_robots_primary_cat":"0","_seopress_titles_title":"","_seopress_titles_desc":"","_seopress_robots_index":""},"product_brand":[],"product_cat":[23],"product_tag":[],"class_list":{"0":"post-1324","1":"product","2":"type-product","3":"status-publish","5":"product_cat-servicos","7":"first","8":"instock","9":"taxable","10":"shipping-taxable","11":"purchasable","12":"product-type-simple"},"_links":{"self":[{"href":"https:\/\/www.nprovit.com\/publicacoes\/wp-json\/wp\/v2\/product\/1324","targetHints":{"allow":["GET"]}}],"collection":[{"href":"https:\/\/www.nprovit.com\/publicacoes\/wp-json\/wp\/v2\/product"}],"about":[{"href":"https:\/\/www.nprovit.com\/publicacoes\/wp-json\/wp\/v2\/types\/product"}],"wp:attachment":[{"href":"https:\/\/www.nprovit.com\/publicacoes\/wp-json\/wp\/v2\/media?parent=1324"}],"wp:term":[{"taxonomy":"product_brand","embeddable":true,"href":"https:\/\/www.nprovit.com\/publicacoes\/wp-json\/wp\/v2\/product_brand?post=1324"},{"taxonomy":"product_cat","embeddable":true,"href":"https:\/\/www.nprovit.com\/publicacoes\/wp-json\/wp\/v2\/product_cat?post=1324"},{"taxonomy":"product_tag","embeddable":true,"href":"https:\/\/www.nprovit.com\/publicacoes\/wp-json\/wp\/v2\/product_tag?post=1324"}],"curies":[{"name":"wp","href":"https:\/\/api.w.org\/{rel}","templated":true}]}}