{"id":2659,"date":"2024-03-05T10:21:48","date_gmt":"2024-03-05T10:21:48","guid":{"rendered":"https:\/\/www.nprovit.com\/publicacoes\/?page_id=2659"},"modified":"2024-03-05T10:21:48","modified_gmt":"2024-03-05T10:21:48","slug":"areas-de-intervencao","status":"publish","type":"page","link":"https:\/\/www.nprovit.com\/publicacoes\/areas-de-intervencao\/","title":{"rendered":"\u00c1reas de Interven\u00e7\u00e3o"},"content":{"rendered":"<p>Equipamentos Office\/SOHO:<br \/>\n&#8211; Centrais telef\u00f3nicas VoIP e H\u00edbridas.<br \/>\n&#8211; Centrais telef\u00f3nicas: RDIS e sem fios.<br \/>\n&#8211; Telefones simples e multifun\u00e7\u00f5es.<br \/>\n&#8211; Telefones sem fios DECT e WiFi.<\/p>\n<p>Equipamentos Empresariais:<br \/>\n&#8211; Centrais telef\u00f3nicas VoIP.<br \/>\n&#8211; Centrais telef\u00f3nicas digitais RDIS.<br \/>\n&#8211; Telefones Digitais e Anal\u00f3gicos.<br \/>\n&#8211; Sistemas Cordless.<br \/>\n&#8211; Sistemas Voice Mail.<br \/>\n&#8211; Sistemas CTI<br \/>\n&#8211; Gest\u00e3o de Taxa\u00e7\u00e3o.<br \/>\n&#8211; Terminais Ponto de Venda (POS)<\/p>\n<p>Servi\u00e7os:<br \/>\n&#8211; Consultadoria Tecnol\u00f3gica.<br \/>\n&#8211; Servi\u00e7os de Configura\u00e7\u00e3o.<br \/>\n&#8211; Servi\u00e7os de Seguran\u00e7a de Sistemas.<br \/>\n&#8211; Administra\u00e7\u00e3o de Sistemas.<br \/>\n&#8211; Servi\u00e7os de Optimiza\u00e7\u00e3o.<br \/>\n&#8211; Servi\u00e7os de Arranque.<br \/>\n&#8211; Servi\u00e7os de Mudan\u00e7a e Gest\u00e3o da Mudan\u00e7a.<\/p>\n<p>Presta\u00e7\u00e3o de Servi\u00e7os de Assist\u00eancia T\u00e9cnica:<br \/>\n&#8211; Instala\u00e7\u00e3o de Hardware e Software.<br \/>\n&#8211; Upgrades de Hardware e Software.<br \/>\n&#8211; Manuten\u00e7\u00e3o de Hardware e Software.<br \/>\n&#8211; Manuten\u00e7\u00e3o de Hardware e Software Multifornecedor.<br \/>\n&#8211; Manuten\u00e7\u00e3o com Renova\u00e7\u00e3o Tecnol\u00f3gica.<\/p>\n<p>Redes de Comunica\u00e7\u00f5es:<br \/>\nProjectos<br \/>\n&#8211; Redes locais e alargadas<br \/>\n&#8211; Redes de Acesso<br \/>\n&#8211; Redes Inteligentes (IN)<br \/>\n&#8211; Redes de Gest\u00e3o de Telecomunica\u00e7\u00f5es<br \/>\n&#8211; Solu\u00e7\u00f5es Internet<br \/>\n&#8211; Sistemas para TV por cabo<br \/>\n&#8211; Redes Multim\u00e9dia\/Convergentes<br \/>\n&#8211; PABX<br \/>\n&#8211; Call Centres<br \/>\n&#8211; Networking (LAN\/WAN)<\/p>\n<p>Montagem, ensaio e teste de redes e sistemas.<\/p>\n<p>Centro de assist\u00eancia t\u00e9cnica (24h\/dia).<\/p>\n<p>Infra-estruturas<br \/>\n&#8211; Infra-estruturas e instala\u00e7\u00f5es el\u00e9ctricas gerais.<br \/>\n&#8211; Sistemas para controlo v\u00eddeo.<br \/>\n&#8211; Infra-estruturas, equipamentos e monitoriza\u00e7\u00e3o.<br \/>\n&#8211; Instala\u00e7\u00f5es completas, equipamentos el\u00e9ctricos.<br \/>\n&#8211; Fornecimento de Pe\u00e7as de Reserva e Consum\u00edveis.<br \/>\n&#8211; Repara\u00e7\u00f5es e Aluguer de Equipamentos.<br \/>\n&#8211; Coloca\u00e7\u00e3o em Servi\u00e7o de Instala\u00e7\u00f5es e Equipamentos.<br \/>\n&#8211; UPS &#8211; Unidades de Alimenta\u00e7\u00e3o Ininterruptas<br \/>\n&#8211; Pe\u00e7as e consum\u00edveis.<br \/>\n&#8211; Planeamento, concep\u00e7\u00e3o e implementa\u00e7\u00e3o de solu\u00e7\u00f5es web<\/p>\n<p>&#8211; Ousourcing de infra-estruturas e recursos humanos<\/p>\n<p>&#8211; Manuten\u00e7\u00e3o dos Servi\u00e7os de telecomunica\u00e7\u00f5es em Call Centers<\/p>\n","protected":false},"excerpt":{"rendered":"<p>Equipamentos Office\/SOHO: &#8211; Centrais telef\u00f3nicas VoIP e H\u00edbridas. &#8211; Centrais telef\u00f3nicas: RDIS e sem fios. &#8211; Telefones simples e multifun\u00e7\u00f5es. &#8211; Telefones sem [&#8230;]<\/p>\n","protected":false},"author":1,"featured_media":0,"parent":0,"menu_order":0,"comment_status":"closed","ping_status":"closed","template":"","meta":{"_seopress_robots_primary_cat":"0","_seopress_titles_title":"","_seopress_titles_desc":"","_seopress_robots_index":"","footnotes":""},"class_list":["post-2659","page","type-page","status-publish"],"_links":{"self":[{"href":"https:\/\/www.nprovit.com\/publicacoes\/wp-json\/wp\/v2\/pages\/2659","targetHints":{"allow":["GET"]}}],"collection":[{"href":"https:\/\/www.nprovit.com\/publicacoes\/wp-json\/wp\/v2\/pages"}],"about":[{"href":"https:\/\/www.nprovit.com\/publicacoes\/wp-json\/wp\/v2\/types\/page"}],"author":[{"embeddable":true,"href":"https:\/\/www.nprovit.com\/publicacoes\/wp-json\/wp\/v2\/users\/1"}],"replies":[{"embeddable":true,"href":"https:\/\/www.nprovit.com\/publicacoes\/wp-json\/wp\/v2\/comments?post=2659"}],"version-history":[{"count":1,"href":"https:\/\/www.nprovit.com\/publicacoes\/wp-json\/wp\/v2\/pages\/2659\/revisions"}],"predecessor-version":[{"id":2660,"href":"https:\/\/www.nprovit.com\/publicacoes\/wp-json\/wp\/v2\/pages\/2659\/revisions\/2660"}],"wp:attachment":[{"href":"https:\/\/www.nprovit.com\/publicacoes\/wp-json\/wp\/v2\/media?parent=2659"}],"curies":[{"name":"wp","href":"https:\/\/api.w.org\/{rel}","templated":true}]}}