{"id":1315,"date":"2024-02-24T11:34:31","date_gmt":"2024-02-24T11:34:31","guid":{"rendered":"https:\/\/www.nprovit.com\/publicacoes\/carrinho\/"},"modified":"2024-03-04T18:25:20","modified_gmt":"2024-03-04T18:25:20","slug":"carrinho","status":"publish","type":"page","link":"https:\/\/www.nprovit.com\/publicacoes\/loja\/carrinho\/","title":{"rendered":"Carrinho"},"content":{"rendered":"\n<div data-block-name=\"woocommerce\/cart\" class=\"wp-block-woocommerce-cart alignwide is-loading\">\n<div data-block-name=\"woocommerce\/filled-cart-block\" class=\"wp-block-woocommerce-filled-cart-block\">\n<div data-block-name=\"woocommerce\/cart-items-block\" class=\"wp-block-woocommerce-cart-items-block\">\n<div data-block-name=\"woocommerce\/cart-line-items-block\" class=\"wp-block-woocommerce-cart-line-items-block\"><\/div>\n\n\n\n<div data-block-name=\"woocommerce\/cart-cross-sells-block\" class=\"wp-block-woocommerce-cart-cross-sells-block\">\n<h2 class=\"wp-block-heading has-large-font-size\">Pode estar interessado em\u2026<\/h2>\n\n\n\n<div data-block-name=\"woocommerce\/cart-cross-sells-products-block\" class=\"wp-block-woocommerce-cart-cross-sells-products-block\"><\/div>\n<\/div>\n<\/div>\n\n\n\n<div data-block-name=\"woocommerce\/cart-totals-block\" class=\"wp-block-woocommerce-cart-totals-block\">\n<div data-block-name=\"woocommerce\/cart-order-summary-block\" class=\"wp-block-woocommerce-cart-order-summary-block\">\n<div data-block-name=\"woocommerce\/cart-order-summary-heading-block\" class=\"wp-block-woocommerce-cart-order-summary-heading-block\"><\/div><div data-block-name=\"woocommerce\/cart-order-summary-coupon-form-block\" class=\"wp-block-woocommerce-cart-order-summary-coupon-form-block\"><\/div><div data-block-name=\"woocommerce\/cart-order-summary-totals-block\" class=\"wp-block-woocommerce-cart-order-summary-totals-block\">\n<div data-block-name=\"woocommerce\/cart-order-summary-subtotal-block\" class=\"wp-block-woocommerce-cart-order-summary-subtotal-block\"><\/div>\n<div data-block-name=\"woocommerce\/cart-order-summary-discount-block\" class=\"wp-block-woocommerce-cart-order-summary-discount-block\"><\/div>\n<div data-block-name=\"woocommerce\/cart-order-summary-fee-block\" class=\"wp-block-woocommerce-cart-order-summary-fee-block\"><\/div>\n<div data-block-name=\"woocommerce\/cart-order-summary-shipping-block\" class=\"wp-block-woocommerce-cart-order-summary-shipping-block\"><\/div>\n<div data-block-name=\"woocommerce\/cart-order-summary-taxes-block\" class=\"wp-block-woocommerce-cart-order-summary-taxes-block\"><\/div><\/div>\n<\/div>\n\n\n\n<div data-block-name=\"woocommerce\/cart-express-payment-block\" class=\"wp-block-woocommerce-cart-express-payment-block\"><\/div>\n\n\n\n<div data-block-name=\"woocommerce\/proceed-to-checkout-block\" class=\"wp-block-woocommerce-proceed-to-checkout-block\"><\/div>\n\n\n\n<div data-block-name=\"woocommerce\/cart-accepted-payment-methods-block\" class=\"wp-block-woocommerce-cart-accepted-payment-methods-block\"><\/div>\n<\/div>\n<\/div>\n\n\n\n<div data-block-name=\"woocommerce\/empty-cart-block\" class=\"wp-block-woocommerce-empty-cart-block\">\n<h2 class=\"wp-block-heading has-text-align-center with-empty-cart-icon wc-block-cart__empty-cart__title\">O seu carrinho est\u00e1 vazio!<\/h2>\n\n\n\n<hr class=\"wp-block-separator has-alpha-channel-opacity is-style-dots\"\/>\n\n\n\n<h2 class=\"wp-block-heading has-text-align-center\">Novo na loja<\/h2>\n\n\n<div data-block-name=\"woocommerce\/product-new\" data-columns=\"4\" data-rows=\"1\" class=\"wc-block-grid wp-block-product-new wp-block-woocommerce-product-new wc-block-product-new has-4-columns\"><ul class=\"wc-block-grid__products\"><li class=\"wc-block-grid__product\">\n\t\t\t\t<a href=\"https:\/\/www.nprovit.com\/publicacoes\/produto\/placa-paralela-0g1fn2\/\" class=\"wc-block-grid__product-link\">\n\t\t\t\t\t\n\t\t\t\t\t<div class=\"wc-block-grid__product-image\"><img decoding=\"async\" width=\"500\" height=\"375\" src=\"data:image\/svg+xml,%3Csvg%20xmlns%3D%27http%3A%2F%2Fwww.w3.org%2F2000%2Fsvg%27%20width%3D%27850%27%20height%3D%27650%27%20viewBox%3D%270%200%20850%20650%27%3E%3Crect%20width%3D%27850%27%20height%3D%27650%27%20fill-opacity%3D%220%22%2F%3E%3C%2Fsvg%3E\" class=\"attachment-woocommerce_thumbnail size-woocommerce_thumbnail lazyload\" alt=\"Placa Paralela P\/N: 0G1FN2 PCI Express low profile card\" data-orig-src=\"https:\/\/www.nprovit.com\/publicacoes\/wp-content\/uploads\/2025\/06\/paralela-pci-e-0g1fn2_1-500x375.jpg\" \/><\/div>\n\t\t\t\t\t<div class=\"wc-block-grid__product-title\">Placa Paralela P\/N: 0G1FN2 PCI Express low profile card<\/div>\n\t\t\t\t<\/a>\n\t\t\t\t<div class=\"wc-block-grid__product-price price\"><span class=\"woocommerce-Price-amount amount\">15,38&nbsp;<span class=\"woocommerce-Price-currencySymbol\">&euro;<\/span><\/span> <small class=\"woocommerce-price-suffix\">Iva Inc.<\/small><\/div>\n\t\t\t\t\n\t\t\t\t<div class=\"wp-block-button wc-block-grid__product-add-to-cart\"><a href=\"\/publicacoes\/wp-json\/wp\/v2\/pages\/1315?add-to-cart=4207\" aria-label=\"Adiciona ao carrinho: &ldquo;Placa Paralela P\/N: 0G1FN2 PCI Express low profile card&rdquo;\" data-quantity=\"1\" data-product_id=\"4207\" data-product_sku=\"pcie-paralel\" data-price=\"15.38\" rel=\"nofollow\" class=\"wp-block-button__link  add_to_cart_button ajax_add_to_cart\">Adicionar<\/a><\/div>\n\t\t\t<\/li><li class=\"wc-block-grid__product\">\n\t\t\t\t<a href=\"https:\/\/www.nprovit.com\/publicacoes\/produto\/servico-alojamento-2gb-hdd-1-dominio-20gb-traf-mensal\/\" class=\"wc-block-grid__product-link\">\n\t\t\t\t\t\n\t\t\t\t\t<div class=\"wc-block-grid__product-image\"><img decoding=\"async\" width=\"500\" height=\"375\" src=\"data:image\/svg+xml,%3Csvg%20xmlns%3D%27http%3A%2F%2Fwww.w3.org%2F2000%2Fsvg%27%20width%3D%271024%27%20height%3D%271024%27%20viewBox%3D%270%200%201024%201024%27%3E%3Crect%20width%3D%271024%27%20height%3D%271024%27%20fill-opacity%3D%220%22%2F%3E%3C%2Fsvg%3E\" class=\"attachment-woocommerce_thumbnail size-woocommerce_thumbnail lazyload\" alt=\"Produto sem imagem carregada\" data-orig-src=\"https:\/\/www.nprovit.com\/publicacoes\/wp-content\/uploads\/2024\/02\/Produto-sem-imagem-carregada-1024-x-1024-500x375.png\" \/><\/div>\n\t\t\t\t\t<div class=\"wc-block-grid__product-title\">Servi\u00e7o Alojamento 2GB HDD 1 Dom\u00ednio, 20GB tr\u00e1f. mensal, sem servi\u00e7o e-mail, 1Y<\/div>\n\t\t\t\t<\/a>\n\t\t\t\t<div class=\"wc-block-grid__product-price price\"><span class=\"woocommerce-Price-amount amount\">27,68&nbsp;<span class=\"woocommerce-Price-currencySymbol\">&euro;<\/span><\/span> <small class=\"woocommerce-price-suffix\">Iva Inc.<\/small><\/div>\n\t\t\t\t\n\t\t\t\t<div class=\"wp-block-button wc-block-grid__product-add-to-cart\"><a href=\"\/publicacoes\/wp-json\/wp\/v2\/pages\/1315?add-to-cart=4111\" aria-label=\"Adiciona ao carrinho: &ldquo;Servi\u00e7o Alojamento 2GB HDD 1 Dom\u00ednio, 20GB tr\u00e1f. mensal, sem servi\u00e7o e-mail, 1Y&rdquo;\" data-quantity=\"1\" data-product_id=\"4111\" data-product_sku=\"ALOJ.ROM\" data-price=\"27.68\" rel=\"nofollow\" class=\"wp-block-button__link  add_to_cart_button ajax_add_to_cart\">Adicionar<\/a><\/div>\n\t\t\t<\/li><li class=\"wc-block-grid__product\">\n\t\t\t\t<a href=\"https:\/\/www.nprovit.com\/publicacoes\/produto\/servico-alojamento-8gb-hdd-2-dominios-50gb-traf-mensal\/\" class=\"wc-block-grid__product-link\">\n\t\t\t\t\t\n\t\t\t\t\t<div class=\"wc-block-grid__product-image\"><img decoding=\"async\" width=\"500\" height=\"375\" src=\"data:image\/svg+xml,%3Csvg%20xmlns%3D%27http%3A%2F%2Fwww.w3.org%2F2000%2Fsvg%27%20width%3D%271024%27%20height%3D%271024%27%20viewBox%3D%270%200%201024%201024%27%3E%3Crect%20width%3D%271024%27%20height%3D%271024%27%20fill-opacity%3D%220%22%2F%3E%3C%2Fsvg%3E\" class=\"attachment-woocommerce_thumbnail size-woocommerce_thumbnail lazyload\" alt=\"Produto sem imagem carregada\" data-orig-src=\"https:\/\/www.nprovit.com\/publicacoes\/wp-content\/uploads\/2024\/02\/Produto-sem-imagem-carregada-1024-x-1024-500x375.png\" \/><\/div>\n\t\t\t\t\t<div class=\"wc-block-grid__product-title\">Servi\u00e7o Alojamento 8GB HDD 2 Dom\u00ednios, 50GB tr\u00e1f. mensal, c\/servi\u00e7o e-mail, 1Y<\/div>\n\t\t\t\t<\/a>\n\t\t\t\t<div class=\"wc-block-grid__product-price price\"><span class=\"woocommerce-Price-amount amount\">110,70&nbsp;<span class=\"woocommerce-Price-currencySymbol\">&euro;<\/span><\/span> <small class=\"woocommerce-price-suffix\">Iva Inc.<\/small><\/div>\n\t\t\t\t\n\t\t\t\t<div class=\"wp-block-button wc-block-grid__product-add-to-cart\"><a href=\"\/publicacoes\/wp-json\/wp\/v2\/pages\/1315?add-to-cart=4110\" aria-label=\"Adiciona ao carrinho: &ldquo;Servi\u00e7o Alojamento 8GB HDD 2 Dom\u00ednios, 50GB tr\u00e1f. mensal, c\/servi\u00e7o e-mail, 1Y&rdquo;\" data-quantity=\"1\" data-product_id=\"4110\" data-product_sku=\"ALOJ.RAM\" data-price=\"110.7\" rel=\"nofollow\" class=\"wp-block-button__link  add_to_cart_button ajax_add_to_cart\">Adicionar<\/a><\/div>\n\t\t\t<\/li><li class=\"wc-block-grid__product\">\n\t\t\t\t<a href=\"https:\/\/www.nprovit.com\/publicacoes\/produto\/servico-alojamento-4gb-hdd-1-dominio-30gb-traf-mensal\/\" class=\"wc-block-grid__product-link\">\n\t\t\t\t\t\n\t\t\t\t\t<div class=\"wc-block-grid__product-image\"><img decoding=\"async\" width=\"500\" height=\"375\" src=\"data:image\/svg+xml,%3Csvg%20xmlns%3D%27http%3A%2F%2Fwww.w3.org%2F2000%2Fsvg%27%20width%3D%271024%27%20height%3D%271024%27%20viewBox%3D%270%200%201024%201024%27%3E%3Crect%20width%3D%271024%27%20height%3D%271024%27%20fill-opacity%3D%220%22%2F%3E%3C%2Fsvg%3E\" class=\"attachment-woocommerce_thumbnail size-woocommerce_thumbnail lazyload\" alt=\"Produto sem imagem carregada\" data-orig-src=\"https:\/\/www.nprovit.com\/publicacoes\/wp-content\/uploads\/2024\/02\/Produto-sem-imagem-carregada-1024-x-1024-500x375.png\" \/><\/div>\n\t\t\t\t\t<div class=\"wc-block-grid__product-title\">Servi\u00e7o Alojamento 4GB HDD 1 Dom\u00ednio, 30GB tr\u00e1f. mensal, c\/servi\u00e7o e-mail, 1Y<\/div>\n\t\t\t\t<\/a>\n\t\t\t\t<div class=\"wc-block-grid__product-price price\"><span class=\"woocommerce-Price-amount amount\">58,43&nbsp;<span class=\"woocommerce-Price-currencySymbol\">&euro;<\/span><\/span> <small class=\"woocommerce-price-suffix\">Iva Inc.<\/small><\/div>\n\t\t\t\t\n\t\t\t\t<div class=\"wp-block-button wc-block-grid__product-add-to-cart\"><a href=\"\/publicacoes\/wp-json\/wp\/v2\/pages\/1315?add-to-cart=4109\" aria-label=\"Adiciona ao carrinho: &ldquo;Servi\u00e7o Alojamento 4GB HDD 1 Dom\u00ednio, 30GB tr\u00e1f. mensal, c\/servi\u00e7o e-mail, 1Y&rdquo;\" data-quantity=\"1\" data-product_id=\"4109\" data-product_sku=\"ALOJ.INIT\" data-price=\"58.43\" rel=\"nofollow\" class=\"wp-block-button__link  add_to_cart_button ajax_add_to_cart\">Adicionar<\/a><\/div>\n\t\t\t<\/li><\/ul><\/div><\/div>\n<\/div>\n","protected":false},"excerpt":{"rendered":"","protected":false},"author":1,"featured_media":0,"parent":2550,"menu_order":0,"comment_status":"closed","ping_status":"closed","template":"","meta":{"_seopress_robots_primary_cat":"0","_seopress_titles_title":"","_seopress_titles_desc":"","_seopress_robots_index":"","footnotes":""},"class_list":["post-1315","page","type-page","status-publish"],"_links":{"self":[{"href":"https:\/\/www.nprovit.com\/publicacoes\/wp-json\/wp\/v2\/pages\/1315","targetHints":{"allow":["GET"]}}],"collection":[{"href":"https:\/\/www.nprovit.com\/publicacoes\/wp-json\/wp\/v2\/pages"}],"about":[{"href":"https:\/\/www.nprovit.com\/publicacoes\/wp-json\/wp\/v2\/types\/page"}],"author":[{"embeddable":true,"href":"https:\/\/www.nprovit.com\/publicacoes\/wp-json\/wp\/v2\/users\/1"}],"replies":[{"embeddable":true,"href":"https:\/\/www.nprovit.com\/publicacoes\/wp-json\/wp\/v2\/comments?post=1315"}],"version-history":[{"count":16,"href":"https:\/\/www.nprovit.com\/publicacoes\/wp-json\/wp\/v2\/pages\/1315\/revisions"}],"predecessor-version":[{"id":2343,"href":"https:\/\/www.nprovit.com\/publicacoes\/wp-json\/wp\/v2\/pages\/1315\/revisions\/2343"}],"up":[{"embeddable":true,"href":"https:\/\/www.nprovit.com\/publicacoes\/wp-json\/wp\/v2\/pages\/2550"}],"wp:attachment":[{"href":"https:\/\/www.nprovit.com\/publicacoes\/wp-json\/wp\/v2\/media?parent=1315"}],"curies":[{"name":"wp","href":"https:\/\/api.w.org\/{rel}","templated":true}]}}